{"id":4704,"date":"2019-11-22T12:50:02","date_gmt":"2019-11-22T11:50:02","guid":{"rendered":"https:\/\/nova.depoles.com\/trgovina\/tezek-rezkalni-stroj-bf500ddro_400v\/"},"modified":"2025-12-17T16:30:44","modified_gmt":"2025-12-17T15:30:44","slug":"tezek-rezkalni-stroj-bf500ddro_400v","status":"publish","type":"product","link":"https:\/\/www.depoles.com\/hr\/trgovina\/tezek-rezkalni-stroj-bf500ddro_400v\/","title":{"rendered":"Te\u0161ki glodalica za metal BF500DDRO_400V"},"content":{"rendered":"<p><strong>Tehni\u010dna specifikacija izdelka<\/strong><\/p>\n<ul>\n<li><strong>Motor<\/strong>\n<ul>\n<li>Mo\u010d motorja S1: 850 \/ 1500 W<\/li>\n<li>Napetost: 400 V<\/li>\n<\/ul>\n<\/li>\n<li><strong>Dimenzije<\/strong>\n<ul>\n<li>Razpon dosega: 190-740 mm<\/li>\n<li>Velikost mize: 1000 x 240 mm<\/li>\n<li>Skupne dimenzije: 1500 x 1320 x 2080 mm<\/li>\n<\/ul>\n<\/li>\n<li><strong>Tehni\u010dni podatki<\/strong>\n<ul>\n<li>Poteza osi Y: 220 mm<\/li>\n<li>Poteza osi Z: 400 (250) mm<\/li>\n<li>Hitrost vretena za rezkanje vodoravno: (9) 60-1350 min\u207b\u00b9<\/li>\n<li>Maksimalna zmogljivost vrtanja: \u00f830 mm<\/li>\n<li>Hitrost vretena za rezkanje vertikalno: (8) 115-1760 min\u207b\u00b9<\/li>\n<li>Vreteno za vrtanje, tulec: MK4\/MT4<\/li>\n<li>Adapter za rezkanje: ISO40<\/li>\n<li>Poteza osi X: 560 mm<\/li>\n<li>Maksimalna razdalja vreteno-miza: 355 mm<\/li>\n<li>Mo\u010d motorja horizontalnega vretena: 1,5 kW<\/li>\n<\/ul>\n<\/li>\n<li><strong>Te\u017ea<\/strong>\n<ul>\n<li>Bruto te\u017ea: 900 kg<\/li>\n<li>Netto te\u017ea: 820 kg<\/li>\n<\/ul>\n<\/li>\n<li><strong>Embala\u017ea<\/strong>\n<ul>\n<li>Dol\u017eina embala\u017ee: 1.120 mm<\/li>\n<li>\u0160irina embala\u017ee: 1.320 mm<\/li>\n<li>Vi\u0161ina embala\u017ee: 2.220 mm<\/li>\n<\/ul>\n<\/li>\n<li><strong>Splo\u0161ni podatki<\/strong>\n<ul>\n<li>EAN koda: 9120039908977<\/li>\n<\/ul>\n<\/li>\n<\/ul>\n","protected":false},"excerpt":{"rendered":"<h3>Izpostavljeno<\/h3>\n<ul>\n<li>BF 500DDRO z 3-osnim DRO<\/li>\n<li>Stroj iz litega \u017eeleza za absorpcijo te\u017ekih vibracij<\/li>\n<li>Trdno in vrtljivo navpi\u010dno rezkanje (+90\u00b0 do -90\u00b0) z navpi\u010dnimi zobniki<\/li>\n<li>Glava z oljno kopeljo in zmletimi ter utrjenimi zobniki<\/li>\n<li>Standardni quill downfeed s tremi ro\u010dicami in natan\u010dnim kolesom za smer CW-CCW<\/li>\n<li>Te\u017eka in velika kri\u017ena miza z 14 mm T-re\u017eami za pritrditev prime\u017eev<\/li>\n<li>Avtomatsko dovajanje po osi X s samodejnimi nastavljivimi omejitvami<\/li>\n<li>Vodila lastovke mize, nastavljiva prek V-polic<\/li>\n<li>Maksimalna velikost vretena M16<\/li>\n<li>Vklju\u010den hladilni sistem in halogenska \u017earnica<\/li>\n<li>Funkcija horizontalnega rezkanja z enostavnim preklopom<\/li>\n<\/ul>\n<p><strong>Vklju\u010deno v dobavo:<\/strong> hladilni sistem, X-os podajalni drog 22 mm, rezkalna palica 27 mm, komplet vpenjalnih nastavkov (8 kosov: 4, 5, 6, 8, 10, 12, 14, 16 mm), vpenjalna glava 1-16 mm (B18), adapterji (1x MT3, 1x MT2, 1x B18), profesionalni prime\u017e s \u0161irino \u010deljusti 160 mm ter halogenska \u017earnica.<\/p>\n","protected":false},"featured_media":4705,"template":"","meta":[],"product_brand":[],"product_cat":[1056,1043],"product_tag":[],"class_list":{"0":"post-4704","1":"product","2":"type-product","3":"status-publish","4":"has-post-thumbnail","6":"product_cat-rezkalni-stroji-za-kovino","7":"product_cat-stroji-za-kovine","9":"first","10":"instock","11":"shipping-taxable","12":"purchasable","13":"product-type-simple"},"_links":{"self":[{"href":"https:\/\/www.depoles.com\/hr\/wp-json\/wp\/v2\/product\/4704","targetHints":{"allow":["GET"]}}],"collection":[{"href":"https:\/\/www.depoles.com\/hr\/wp-json\/wp\/v2\/product"}],"about":[{"href":"https:\/\/www.depoles.com\/hr\/wp-json\/wp\/v2\/types\/product"}],"wp:featuredmedia":[{"embeddable":true,"href":"https:\/\/www.depoles.com\/hr\/wp-json\/wp\/v2\/media\/4705"}],"wp:attachment":[{"href":"https:\/\/www.depoles.com\/hr\/wp-json\/wp\/v2\/media?parent=4704"}],"wp:term":[{"taxonomy":"product_brand","embeddable":true,"href":"https:\/\/www.depoles.com\/hr\/wp-json\/wp\/v2\/product_brand?post=4704"},{"taxonomy":"product_cat","embeddable":true,"href":"https:\/\/www.depoles.com\/hr\/wp-json\/wp\/v2\/product_cat?post=4704"},{"taxonomy":"product_tag","embeddable":true,"href":"https:\/\/www.depoles.com\/hr\/wp-json\/wp\/v2\/product_tag?post=4704"}],"curies":[{"name":"wp","href":"https:\/\/api.w.org\/{rel}","templated":true}]}}