{"id":4707,"date":"2019-11-22T12:49:58","date_gmt":"2019-11-22T11:49:58","guid":{"rendered":"https:\/\/nova.depoles.com\/trgovina\/tezek-rezkalni-stroj-bf600d_400v\/"},"modified":"2025-12-17T23:53:39","modified_gmt":"2025-12-17T22:53:39","slug":"tezek-rezkalni-stroj-bf600d_400v","status":"publish","type":"product","link":"https:\/\/www.depoles.com\/hr\/trgovina\/tezek-rezkalni-stroj-bf600d_400v\/","title":{"rendered":"Te\u0161ki glodalni stroj BF600D_400V"},"content":{"rendered":"<p><strong>Tehni\u010dna specifikacija izdelka<\/strong><\/p>\n<table>\n<tbody>\n<tr>\n<th colspan=\"2\">Podatki o motorju<\/th>\n<\/tr>\n<tr>\n<td>Mo\u010d motorja S1<\/td>\n<td>850-1500 W<\/td>\n<\/tr>\n<tr>\n<td>Hitrost (min-1)<\/td>\n<td>22\/30\/55\/75\/124\/313\/430<\/td>\n<\/tr>\n<tr>\n<td>Napetost<\/td>\n<td>400 V<\/td>\n<\/tr>\n<tr>\n<th colspan=\"2\">Dimenzije<\/th>\n<\/tr>\n<tr>\n<td>Razpon (outreach)<\/td>\n<td>170-750 mm<\/td>\n<\/tr>\n<tr>\n<td>Velikost mize<\/td>\n<td>1200 x 280 mm<\/td>\n<\/tr>\n<tr>\n<th colspan=\"2\">Tehni\u010dna specifikacija<\/th>\n<\/tr>\n<tr>\n<td>Hod osi Z<\/td>\n<td>380 mm<\/td>\n<\/tr>\n<tr>\n<td>Hitrost vretena za horizontalno rezkanje<\/td>\n<td>(12) 45-1330 min-1<\/td>\n<\/tr>\n<tr>\n<td>Hod vretena (quill travel)<\/td>\n<td>120 mm<\/td>\n<\/tr>\n<tr>\n<td>Vrtenje glave<\/td>\n<td>+\/- 90\u00b0<\/td>\n<\/tr>\n<tr>\n<td>Max. premer kon\u010dnega rezkarja<\/td>\n<td>25 mm<\/td>\n<\/tr>\n<tr>\n<td>Max. premer ploskovnega rezkarja<\/td>\n<td>100 mm<\/td>\n<\/tr>\n<tr>\n<td>Hitrost vretena za vertikalno rezkanje<\/td>\n<td>(9) 115-1750 min-1<\/td>\n<\/tr>\n<tr>\n<td>Glava vrtalne vpenjalke<\/td>\n<td>B18 \/ MK3 \/ MK2<\/td>\n<\/tr>\n<tr>\n<td>Rezkalni adapter<\/td>\n<td>ISO40<\/td>\n<\/tr>\n<tr>\n<td>Hod osi Y<\/td>\n<td>230 mm<\/td>\n<\/tr>\n<tr>\n<td>Hod osi X<\/td>\n<td>600 mm<\/td>\n<\/tr>\n<tr>\n<td>Max. razdalja med vretenom in mizo<\/td>\n<td>350 mm<\/td>\n<\/tr>\n<tr>\n<td>Mo\u010d motorja horizontalnega vretena<\/td>\n<td>2,2 \/ 3,3 kW<\/td>\n<\/tr>\n<tr>\n<th colspan=\"2\">Te\u017ea<\/th>\n<\/tr>\n<tr>\n<td>Bruto te\u017ea<\/td>\n<td>1.225 kg<\/td>\n<\/tr>\n<tr>\n<td>Netto te\u017ea<\/td>\n<td>1.180 kg<\/td>\n<\/tr>\n<tr>\n<th colspan=\"2\">Pakiranje<\/th>\n<\/tr>\n<tr>\n<td>Dol\u017eina pakiranja<\/td>\n<td>1.500 mm<\/td>\n<\/tr>\n<tr>\n<td>\u0160irina pakiranja<\/td>\n<td>1.460 mm<\/td>\n<\/tr>\n<tr>\n<td>Vi\u0161ina pakiranja<\/td>\n<td>2.220 mm<\/td>\n<\/tr>\n<tr>\n<th colspan=\"2\">Splo\u0161ni podatki<\/th>\n<\/tr>\n<tr>\n<td>EAN koda<\/td>\n<td>9120039905433<\/td>\n<\/tr>\n<\/tbody>\n<\/table>\n","protected":false},"excerpt":{"rendered":"<h3> poudarja <\/h3>\n<ul>\n<li> 3-osna DRO vklju\u010dena v dostavo <\/li>\n<li> postavitev celotnega stroja iz litega \u017eeleza <\/li>\n<li> z gonilom, vodoravno in navpi\u010dno vreteno <\/li>\n<li> enostavno in hitro preoblikovanje med vertikalnim in vodoravnim delovanjem <\/li>\n<li> trajno oljno kopel, podmazano z ozemljenimi in utrjenimi zobniki <\/li>\n<li> navpi\u010dno vreteno z mo\u010dnim dvostopenjskim motorjem <\/li>\n<li> hladilni sistem in halogenska \u017earnica <\/li>\n<li> CW in CCW delujeta kot tudi ISO 40 adapter kot standard <\/li>\n<li> vodila po\u017eiralnika, nastavljiva prek V-police <\/li>\n<li> trdna in natan\u010dna kri\u017ena miza (14 mm T-matice) <\/li>\n<\/ul>\n<p> <strong>vklju\u010deno v dobavo:<\/strong> 3-osni DRO, dovod X-os, vpenjalnik 3-16mm \/ B16, 8pcs. rezkalna vpenjalna glava (4,5,6,8,10,12,14,16 mm), adapterji ISO 40-MK3, ISO 40-MK2, ISO 40-B18, 2x vle\u010dna palica M16, vodoravni rezkalni vrt 22 in 27 mm, prime\u017e I160, hladilna naprava, halogenska \u017earnica <\/p><\/p>\n","protected":false},"featured_media":4708,"template":"","meta":[],"product_brand":[],"product_cat":[1056,1043],"product_tag":[],"class_list":{"0":"post-4707","1":"product","2":"type-product","3":"status-publish","4":"has-post-thumbnail","6":"product_cat-rezkalni-stroji-za-kovino","7":"product_cat-stroji-za-kovine","9":"first","10":"instock","11":"shipping-taxable","12":"purchasable","13":"product-type-simple"},"_links":{"self":[{"href":"https:\/\/www.depoles.com\/hr\/wp-json\/wp\/v2\/product\/4707","targetHints":{"allow":["GET"]}}],"collection":[{"href":"https:\/\/www.depoles.com\/hr\/wp-json\/wp\/v2\/product"}],"about":[{"href":"https:\/\/www.depoles.com\/hr\/wp-json\/wp\/v2\/types\/product"}],"wp:featuredmedia":[{"embeddable":true,"href":"https:\/\/www.depoles.com\/hr\/wp-json\/wp\/v2\/media\/4708"}],"wp:attachment":[{"href":"https:\/\/www.depoles.com\/hr\/wp-json\/wp\/v2\/media?parent=4707"}],"wp:term":[{"taxonomy":"product_brand","embeddable":true,"href":"https:\/\/www.depoles.com\/hr\/wp-json\/wp\/v2\/product_brand?post=4707"},{"taxonomy":"product_cat","embeddable":true,"href":"https:\/\/www.depoles.com\/hr\/wp-json\/wp\/v2\/product_cat?post=4707"},{"taxonomy":"product_tag","embeddable":true,"href":"https:\/\/www.depoles.com\/hr\/wp-json\/wp\/v2\/product_tag?post=4707"}],"curies":[{"name":"wp","href":"https:\/\/api.w.org\/{rel}","templated":true}]}}