{"id":4710,"date":"2019-11-22T12:49:56","date_gmt":"2019-11-22T11:49:56","guid":{"rendered":"https:\/\/nova.depoles.com\/trgovina\/rezkalni-stroj-mt3-bf25vln_230v\/"},"modified":"2026-02-12T13:47:36","modified_gmt":"2026-02-12T12:47:36","slug":"rezkalni-stroj-mt3-bf25vln_230v","status":"publish","type":"product","link":"https:\/\/www.depoles.com\/hr\/trgovina\/rezkalni-stroj-mt3-bf25vln_230v\/","title":{"rendered":"Glodalica MT3 BF25VLN_230V"},"content":{"rendered":"<p><strong>Specifikacije izdelka<\/strong><\/p>\n<ul>\n<li><strong>Motor:<\/strong>\n<ul>\n<li>Mo\u010d motorja S1: 700 W<\/li>\n<li>Mo\u010d motorja S6: 1000 W<\/li>\n<li>Napetost: 230 V<\/li>\n<\/ul>\n<\/li>\n<li><strong>Mere:<\/strong>\n<ul>\n<li>Doseg: 200 mm<\/li>\n<li>Velikost mize: 700 x 180 mm<\/li>\n<li>Nosilnost: 55 kg<\/li>\n<\/ul>\n<\/li>\n<li><strong>Tehni\u010dne specifikacije:<\/strong>\n<ul>\n<li>Hod Z-osi: 380 mm<\/li>\n<li>Vrtenje glave: +\/- 90\u00b0<\/li>\n<li>T-utori: 12 mm<\/li>\n<li>Maksimalni premer kon\u010dnega rezkarja: 25 mm<\/li>\n<li>Maksimalni premer \u010delnega rezkarja: 63 mm<\/li>\n<li>Maksimalna zmogljivost vrtanja: \u00d816 x 50 mm<\/li>\n<li>Hitrost vrtenja vretena za rezkanje: 50 &#8211; 2250 min\u207b\u00b9<\/li>\n<li>Vrtalni objem vretena: MK3 \/ MT3<\/li>\n<li>Hod Y-osi: 175 mm<\/li>\n<li>Hod X-osi: 480 mm<\/li>\n<li>Maksimalna razdalja med vretenom in mizo: 335 mm<\/li>\n<\/ul>\n<\/li>\n<li><strong>Te\u017ea:<\/strong>\n<ul>\n<li>Bruto te\u017ea: 145 kg<\/li>\n<li>Netto te\u017ea: 120 kg<\/li>\n<\/ul>\n<\/li>\n<li><strong>Embal\u017ea:<\/strong>\n<ul>\n<li>Dol\u017eina embala\u017ee: 710 mm<\/li>\n<li>\u0160irina embala\u017ee: 720 mm<\/li>\n<li>Vi\u0161ina embala\u017ee: 880 mm<\/li>\n<\/ul>\n<\/li>\n<li><strong>Splo\u0161ni podatki:<\/strong>\n<ul>\n<li>EAN koda: 9120039909295<\/li>\n<\/ul>\n<\/li>\n<\/ul>\n","protected":false},"excerpt":{"rendered":"<h3>Poudarki izdelka<\/h3>\n<p>Ta visokokakovostni stroj je idealen za \u0161ole, natan\u010dne mehanike in samostojne uporabnike. Ponuja napredne funkcije za natan\u010dno delo in enostavno upravljanje:<\/p>\n<ul>\n<li>XL kri\u017ena miza (700 x 180 mm)<\/li>\n<li>Spremenljivo krmiljenje hitrosti z DRO<\/li>\n<li>DRO za indikacijo globine vrtanja<\/li>\n<li>Delovanje v smeri urnega in protiurnega kazalca<\/li>\n<li>Kri\u017ena miza in orodje z vodenimi konicami, nastavljiva prek gibov<\/li>\n<li>Vrtljiva glava zobnika za ve\u010djo uporabnost<\/li>\n<li>Tri ro\u010dice z ro\u010dno ro\u010dico za rezkanje<\/li>\n<li>Tri ro\u010dice za vrtanje<\/li>\n<li>Visokokakovostna mizica z merilnimi in nastavljivimi kon\u010dnimi stopnicami<\/li>\n<\/ul>\n<p><strong>Vklju\u010deno v dobavo:<\/strong> vpenjalna glava MK3 \/ B16, hitrost DRO, globina vrtanja DRO, vle\u010dna palica M12, orodja.<\/p>\n","protected":false},"featured_media":4711,"template":"","meta":[],"product_brand":[],"product_cat":[1056,1043],"product_tag":[],"class_list":{"0":"post-4710","1":"product","2":"type-product","3":"status-publish","4":"has-post-thumbnail","6":"product_cat-rezkalni-stroji-za-kovino","7":"product_cat-stroji-za-kovine","9":"first","10":"instock","11":"shipping-taxable","12":"purchasable","13":"product-type-simple"},"_links":{"self":[{"href":"https:\/\/www.depoles.com\/hr\/wp-json\/wp\/v2\/product\/4710","targetHints":{"allow":["GET"]}}],"collection":[{"href":"https:\/\/www.depoles.com\/hr\/wp-json\/wp\/v2\/product"}],"about":[{"href":"https:\/\/www.depoles.com\/hr\/wp-json\/wp\/v2\/types\/product"}],"wp:featuredmedia":[{"embeddable":true,"href":"https:\/\/www.depoles.com\/hr\/wp-json\/wp\/v2\/media\/4711"}],"wp:attachment":[{"href":"https:\/\/www.depoles.com\/hr\/wp-json\/wp\/v2\/media?parent=4710"}],"wp:term":[{"taxonomy":"product_brand","embeddable":true,"href":"https:\/\/www.depoles.com\/hr\/wp-json\/wp\/v2\/product_brand?post=4710"},{"taxonomy":"product_cat","embeddable":true,"href":"https:\/\/www.depoles.com\/hr\/wp-json\/wp\/v2\/product_cat?post=4710"},{"taxonomy":"product_tag","embeddable":true,"href":"https:\/\/www.depoles.com\/hr\/wp-json\/wp\/v2\/product_tag?post=4710"}],"curies":[{"name":"wp","href":"https:\/\/api.w.org\/{rel}","templated":true}]}}