{"id":4713,"date":"2019-11-22T12:49:53","date_gmt":"2019-11-22T11:49:53","guid":{"rendered":"https:\/\/nova.depoles.com\/trgovina\/tezek-rezkalni-stroj-bf1000ddro_400v\/"},"modified":"2025-12-17T23:53:47","modified_gmt":"2025-12-17T22:53:47","slug":"tezek-rezkalni-stroj-bf1000ddro_400v","status":"publish","type":"product","link":"https:\/\/www.depoles.com\/hr\/trgovina\/tezek-rezkalni-stroj-bf1000ddro_400v\/","title":{"rendered":"Te\u017eak glodalica BF1000DDRO_400V"},"content":{"rendered":"<p><strong>Tehni\u010dna specifikacija izdelka:<\/strong><\/p>\n<ul>\n<li><strong>Mo\u010d motorja S1:<\/strong> 2200 W<\/li>\n<li><strong>Mo\u010d motorja S6:<\/strong> 3300 W<\/li>\n<li><strong>Napetost:<\/strong> 400 V<\/li>\n<li><strong>Razpon dosega:<\/strong> 0-400 mm<\/li>\n<li><strong>Velikost mize:<\/strong> 1370 x 320 mm<\/li>\n<li><strong>Skupne dimenzije:<\/strong> 1700 x 1500 x 2270 mm<\/li>\n<li><strong>Pot Z-osi:<\/strong> 400 mm<\/li>\n<li><strong>Hitrost vretena za horizontalno rezkanje:<\/strong> (12) 40-1300 min\u207b\u00b9<\/li>\n<li><strong>Pot vretena (quill travel):<\/strong> 120 mm<\/li>\n<li><strong>Vrtenje glave:<\/strong> \u00b1 90\u00b0<\/li>\n<li><strong>T-profil utor:<\/strong> 14 mm<\/li>\n<li><strong>Maksimalna zmogljivost rezkanja:<\/strong> 30 mm<\/li>\n<li><strong>Hitrost vretena za vertikalno rezkanje:<\/strong> (8) 90-2000 min\u207b\u00b9<\/li>\n<li><strong>Adapter za rezkanje:<\/strong> ISO40<\/li>\n<li><strong>Maksimalna zmogljivost vrtanja:<\/strong> 50 \/ 12 mm<\/li>\n<li><strong>Pot Y-osi:<\/strong> 300 mm<\/li>\n<li><strong>Pot X-osi:<\/strong> 990 mm<\/li>\n<li><strong>Maksimalna razdalja med vretenom in mizo:<\/strong> 90-490 mm<\/li>\n<li><strong>Mo\u010d motorja horizontalnega vretena:<\/strong> 2,2 \/ 3,3 kW<\/li>\n<li><strong>Bruto te\u017ea:<\/strong> 1585 kg<\/li>\n<li><strong>Netto te\u017ea:<\/strong> 1490 kg<\/li>\n<li><strong>Dimenzije embala\u017ee (dol\u017eina x \u0161irina x vi\u0161ina):<\/strong> 1600 x 1500 x 2220 mm<\/li>\n<li><strong>EAN koda:<\/strong> 9120039904023<\/li>\n<\/ul>\n","protected":false},"excerpt":{"rendered":"<h3> poudarja <\/h3>\n<ul>\n<li> 3-osna DRO vklju\u010dena v dostavo <\/li>\n<li> avtomatsko dovajanje osi X <\/li>\n<li> postavitev celotnega stroja iz litega \u017eeleza <\/li>\n<li> z gonilom, vodoravno in navpi\u010dno vreteno <\/li>\n<li> enostavno in hitro preoblikovanje med vertikalnim in vodoravnim delovanjem <\/li>\n<li> trajno oljno kopel, podmazano z ozemljenimi in utrjenimi zobniki <\/li>\n<li> navpi\u010dno vreteno z mo\u010dnim dvostopenjskim motorjem <\/li>\n<li> hladilni sistem in halogenska \u017earnica <\/li>\n<li> CW in CCW delujeta kot tudi ISO 40 adapter kot standard <\/li>\n<li> vodila po\u017eiralnika, nastavljiva prek V-police <\/li>\n<li> trdna in natan\u010dna kri\u017ena miza (14 mm T-matice) <\/li>\n<li> pozicioniranje motorja za hod osi Z <\/li>\n<\/ul>\n<p> <strong>vklju\u010deno v dobavo:<\/strong> vpenjalni vijak brez klju\u010da B18 \/ 1-16MM, komplet rezkalnih vpenjalnih vijakov z vijakom (4,5,6,8,10,12,14,16mm), vijak stroja 160mm, redukcijski tulec ISO40 \/ MT3, ISO40 \/ MT2, Vrtalne odprtine ISO40-B18, vodoravni rezkalni vrt 22, 27 mm, hladilni sistem, halogenska delovna svetilka, oljna posoda, sistem za mazanje <\/p><\/p>\n","protected":false},"featured_media":4714,"template":"","meta":[],"product_brand":[],"product_cat":[1056,1043],"product_tag":[],"class_list":{"0":"post-4713","1":"product","2":"type-product","3":"status-publish","4":"has-post-thumbnail","6":"product_cat-rezkalni-stroji-za-kovino","7":"product_cat-stroji-za-kovine","9":"first","10":"instock","11":"shipping-taxable","12":"purchasable","13":"product-type-simple"},"_links":{"self":[{"href":"https:\/\/www.depoles.com\/hr\/wp-json\/wp\/v2\/product\/4713","targetHints":{"allow":["GET"]}}],"collection":[{"href":"https:\/\/www.depoles.com\/hr\/wp-json\/wp\/v2\/product"}],"about":[{"href":"https:\/\/www.depoles.com\/hr\/wp-json\/wp\/v2\/types\/product"}],"wp:featuredmedia":[{"embeddable":true,"href":"https:\/\/www.depoles.com\/hr\/wp-json\/wp\/v2\/media\/4714"}],"wp:attachment":[{"href":"https:\/\/www.depoles.com\/hr\/wp-json\/wp\/v2\/media?parent=4713"}],"wp:term":[{"taxonomy":"product_brand","embeddable":true,"href":"https:\/\/www.depoles.com\/hr\/wp-json\/wp\/v2\/product_brand?post=4713"},{"taxonomy":"product_cat","embeddable":true,"href":"https:\/\/www.depoles.com\/hr\/wp-json\/wp\/v2\/product_cat?post=4713"},{"taxonomy":"product_tag","embeddable":true,"href":"https:\/\/www.depoles.com\/hr\/wp-json\/wp\/v2\/product_tag?post=4713"}],"curies":[{"name":"wp","href":"https:\/\/api.w.org\/{rel}","templated":true}]}}