{"id":4716,"date":"2019-11-22T12:49:50","date_gmt":"2019-11-22T11:49:50","guid":{"rendered":"https:\/\/nova.depoles.com\/trgovina\/rezkalni-stroj-bf50dig_400v\/"},"modified":"2026-02-12T13:57:29","modified_gmt":"2026-02-12T12:57:29","slug":"rezkalni-stroj-bf50dig_400v","status":"publish","type":"product","link":"https:\/\/www.depoles.com\/hr\/trgovina\/rezkalni-stroj-bf50dig_400v\/","title":{"rendered":"Glodalica BF50DIG_400V"},"content":{"rendered":"<p><strong>Tehni\u010dna specifikacija izdelka<\/strong><\/p>\n<ul>\n<li><strong>Motor:<\/strong>\n<ul>\n<li>Mo\u010d motorja S1: 800-1500 W<\/li>\n<li>Mo\u010d motorja S6: 1100-1500 W<\/li>\n<li>Hitrost (min-1):\n<ul>\n<li>1. hitrostni razponi: 75 \/ 180 \/ 280 \/ 600 \/ 1000 \/ 71600<\/li>\n<li>2. hitrostni razponi: 150 \/ 360 \/ 560 \/ 1200 \/ 2000 \/ 3200<\/li>\n<\/ul>\n<\/li>\n<li>Napetost: 400 V<\/li>\n<\/ul>\n<\/li>\n<li><strong>Dimenzije:<\/strong>\n<ul>\n<li>Razpon v mm: 285<\/li>\n<li>Velikost mize: 800 x 240 mm<\/li>\n<\/ul>\n<\/li>\n<li><strong>Tehni\u010dni podatki:<\/strong>\n<ul>\n<li>Hod X-osi: 450 mm<\/li>\n<li>Hod Y-osi: 170 mm<\/li>\n<li>Vrtljiva glava: +\/- 90\u00b0<\/li>\n<li>\u0160irina T-rezov: 14 mm<\/li>\n<li>Max. premer kon\u010dnega rezkarja: 32 mm<\/li>\n<li>Max. premer \u010delnega rezkarja: 80 mm<\/li>\n<li>Hod vretena: 130 mm<\/li>\n<li>Max. zmogljivost vrtanja za lite zlitine: 45 mm<\/li>\n<li>Max. zmogljivost vrtanja za jeklo: 32 mm<\/li>\n<li>Vpenjalna glava vrtalnega vretena: MK4<\/li>\n<li>Hod Z-osi: 460 mm<\/li>\n<\/ul>\n<\/li>\n<li><strong>Te\u017ea:<\/strong>\n<ul>\n<li>Bruto te\u017ea: 400 kg<\/li>\n<li>Netto te\u017ea: 350 kg<\/li>\n<\/ul>\n<\/li>\n<li><strong>Embal\u017ea\u017ea:<\/strong>\n<ul>\n<li>Dol\u017eina embala\u017ee: 900 mm<\/li>\n<li>\u0160irina embala\u017ee: 870 mm<\/li>\n<li>Vi\u0161ina embala\u017ee: 1.240 mm<\/li>\n<\/ul>\n<\/li>\n<li><strong>Splo\u0161ni podatki:<\/strong>\n<ul>\n<li>EAN koda: 9120039902531<\/li>\n<\/ul>\n<\/li>\n<\/ul>\n","protected":false},"excerpt":{"rendered":"<h3>Poudarki<\/h3>\n<p>Zmogljiv in stro\u0161kovno u\u010dinkovit rezkalni stroj, primeren za profesionalno uporabo, z naprednimi funkcijami za natan\u010dno delo:<\/p>\n<ul>\n<li>Samodejno podajanje po X osi in nastavljiva rezkalna glava.<\/li>\n<li>Opremljen s 3-osnim DRO sistemom in sledljivo nadzorno plo\u0161\u010do.<\/li>\n<li>Vklju\u010dena oprema: 3-osni DRO sistem, nastavitev vi\u0161ine dvigala rezkalne glave, dovod mo\u010di rezkalne mize, vle\u010dni drog M12, redukcijski tulec MT2\/3, konusni drog za vrtalno vpenjalno vreteno, vrtalni vijak brez klju\u010da \u00d8 1-13 mm, vrtnica, T-vijak za re\u017eo M12x55, nagnjen klin, klju\u010d 22-24, pi\u0161tola za olje.<\/li>\n<li>Foto inkluzivno stojalo BF 50DIGMS (neobvezno).<\/li>\n<\/ul>\n<p><strong>Neobvezno:<\/strong> masivno stojalo BF 50DIGMS z velikim zbiralnim pladnjem.<\/p>\n","protected":false},"featured_media":4717,"template":"","meta":[],"product_brand":[],"product_cat":[1056,1043],"product_tag":[],"class_list":{"0":"post-4716","1":"product","2":"type-product","3":"status-publish","4":"has-post-thumbnail","6":"product_cat-rezkalni-stroji-za-kovino","7":"product_cat-stroji-za-kovine","9":"first","10":"instock","11":"shipping-taxable","12":"purchasable","13":"product-type-simple"},"_links":{"self":[{"href":"https:\/\/www.depoles.com\/hr\/wp-json\/wp\/v2\/product\/4716","targetHints":{"allow":["GET"]}}],"collection":[{"href":"https:\/\/www.depoles.com\/hr\/wp-json\/wp\/v2\/product"}],"about":[{"href":"https:\/\/www.depoles.com\/hr\/wp-json\/wp\/v2\/types\/product"}],"wp:featuredmedia":[{"embeddable":true,"href":"https:\/\/www.depoles.com\/hr\/wp-json\/wp\/v2\/media\/4717"}],"wp:attachment":[{"href":"https:\/\/www.depoles.com\/hr\/wp-json\/wp\/v2\/media?parent=4716"}],"wp:term":[{"taxonomy":"product_brand","embeddable":true,"href":"https:\/\/www.depoles.com\/hr\/wp-json\/wp\/v2\/product_brand?post=4716"},{"taxonomy":"product_cat","embeddable":true,"href":"https:\/\/www.depoles.com\/hr\/wp-json\/wp\/v2\/product_cat?post=4716"},{"taxonomy":"product_tag","embeddable":true,"href":"https:\/\/www.depoles.com\/hr\/wp-json\/wp\/v2\/product_tag?post=4716"}],"curies":[{"name":"wp","href":"https:\/\/api.w.org\/{rel}","templated":true}]}}