{"id":4719,"date":"2019-11-22T12:49:45","date_gmt":"2019-11-22T11:49:45","guid":{"rendered":"https:\/\/nova.depoles.com\/trgovina\/tezek-rezkalni-stroj-bf700_400v\/"},"modified":"2025-12-17T23:53:55","modified_gmt":"2025-12-17T22:53:55","slug":"tezek-rezkalni-stroj-bf700_400v","status":"publish","type":"product","link":"https:\/\/www.depoles.com\/hr\/trgovina\/tezek-rezkalni-stroj-bf700_400v\/","title":{"rendered":"Te\u0161ki glodalni stroj BF700_400V"},"content":{"rendered":"<p><strong>Tehni\u010dna specifikacija<\/strong><\/p>\n<ul>\n<li><strong>Mo\u010d motorja (S1):<\/strong> 2200 W<\/li>\n<li><strong>Hitrost pomika:<\/strong> 0,018-0,48 m\/min (8 stopenj)<\/li>\n<li><strong>Napetost:<\/strong> 400 V<\/li>\n<li><strong>Nosilnost:<\/strong> 250 kg<\/li>\n<li><strong>Velikost mize:<\/strong> 1270 x 260 mm<\/li>\n<li><strong>Razpon dosega:<\/strong> 100-480 mm<\/li>\n<li><strong>Adapter za rezkanje:<\/strong> ISO40<\/li>\n<li><strong>Hitrost vretena za rezkanje:<\/strong> 40-1600 min\u207b\u00b9<\/li>\n<li><strong>Maksimalni premer rezkanja:<\/strong> 25 mm<\/li>\n<li><strong>Maksimalna \u0161irina rezkanja:<\/strong> 125 mm<\/li>\n<li><strong>Vrtenje vretena za rezkanje:<\/strong> 360\u00b0<\/li>\n<li><strong>Maksimalna razdalja vreteno-miza:<\/strong> 60-500 mm<\/li>\n<li><strong>Hod X-osi:<\/strong> 600 mm<\/li>\n<li><strong>Hod Y-osi:<\/strong> 270 mm<\/li>\n<li><strong>Hod Z-osi:<\/strong> 380 mm<\/li>\n<li><strong>Te\u017ea (neto):<\/strong> 1350 kg<\/li>\n<li><strong>Te\u017ea (bruto):<\/strong> 1500 kg<\/li>\n<li><strong>Dimenzije embala\u017ee (V x \u0160 x D):<\/strong> 2220 x 1520 x 1600 mm<\/li>\n<li><strong>EAN koda:<\/strong> 9120058372056<\/li>\n<\/ul>\n","protected":false},"excerpt":{"rendered":"<h3> poudarja <\/h3>\n<ul>\n<li> 3-osni DRO name\u0161\u010den <\/li>\n<li> V vseh kotnih polo\u017eajih je nastavljiva univerzalna rezkalna glava <\/li>\n<li> Krmilna nadzorna plo\u0161\u010da z digitalnim od\u010ditkom za X \/ Y \/ Z os <\/li>\n<li> Ogrodje stroja iz litega \u017eeleza, ki absorbira te\u017eke in vibracije <\/li>\n<li> Dovetail fino nastavljiv z gibs <\/li>\n<li> Oprema za oljno kopel z utrjenimi in poliranimi zobniki <\/li>\n<li> Samodejno podajanje mize osi X \/ Y kot standard <\/li>\n<li> Polo\u017eaj motorja za os Z je serijsko <\/li>\n<li> Masivna in natan\u010dna kri\u017ena miza s 5 T-re\u017eami (14 mm) <\/li>\n<li> Krog hladilne teko\u010dine in halogenska sijalka sta standard <\/li>\n<\/ul>\n<p> <strong>vklju\u010deno v dobavo<\/strong> : komplet vpenjalnih vpenjalnih vlo\u017ekov, komplet podalj\u0161ka, krog hladilne teko\u010dine, halogenska \u017earnica, rezkalna plo\u0161\u010da (ISO 40 \/ \u00d8 32), razli\u010dna orodja <\/p><\/p>\n","protected":false},"featured_media":4720,"template":"","meta":[],"product_brand":[],"product_cat":[1056,1043],"product_tag":[],"class_list":{"0":"post-4719","1":"product","2":"type-product","3":"status-publish","4":"has-post-thumbnail","6":"product_cat-rezkalni-stroji-za-kovino","7":"product_cat-stroji-za-kovine","9":"first","10":"instock","11":"shipping-taxable","12":"purchasable","13":"product-type-simple"},"_links":{"self":[{"href":"https:\/\/www.depoles.com\/hr\/wp-json\/wp\/v2\/product\/4719","targetHints":{"allow":["GET"]}}],"collection":[{"href":"https:\/\/www.depoles.com\/hr\/wp-json\/wp\/v2\/product"}],"about":[{"href":"https:\/\/www.depoles.com\/hr\/wp-json\/wp\/v2\/types\/product"}],"wp:featuredmedia":[{"embeddable":true,"href":"https:\/\/www.depoles.com\/hr\/wp-json\/wp\/v2\/media\/4720"}],"wp:attachment":[{"href":"https:\/\/www.depoles.com\/hr\/wp-json\/wp\/v2\/media?parent=4719"}],"wp:term":[{"taxonomy":"product_brand","embeddable":true,"href":"https:\/\/www.depoles.com\/hr\/wp-json\/wp\/v2\/product_brand?post=4719"},{"taxonomy":"product_cat","embeddable":true,"href":"https:\/\/www.depoles.com\/hr\/wp-json\/wp\/v2\/product_cat?post=4719"},{"taxonomy":"product_tag","embeddable":true,"href":"https:\/\/www.depoles.com\/hr\/wp-json\/wp\/v2\/product_tag?post=4719"}],"curies":[{"name":"wp","href":"https:\/\/api.w.org\/{rel}","templated":true}]}}