{"id":4725,"date":"2019-11-22T12:49:42","date_gmt":"2019-11-22T11:49:42","guid":{"rendered":"https:\/\/nova.depoles.com\/trgovina\/struznica-za-kovino-holzmann-ed-750-fdq_230v\/"},"modified":"2026-02-12T13:49:20","modified_gmt":"2026-02-12T12:49:20","slug":"struznica-za-kovino-holzmann-ed-750-fdq_230v","status":"publish","type":"product","link":"https:\/\/www.depoles.com\/hr\/trgovina\/struznica-za-kovino-holzmann-ed-750-fdq_230v\/","title":{"rendered":"TOKARSKI STROJ ZA METAL HOLZMANN ED 750 FDQ_230V"},"content":{"rendered":"<p><strong>Specifikacija izdelka<\/strong><\/p>\n<table>\n<tbody>\n<tr>\n<th colspan=\"2\">Podatki o motorju<\/th>\n<\/tr>\n<tr>\n<td>Mo\u010d motorja S1 (W)<\/td>\n<td>730<\/td>\n<\/tr>\n<tr>\n<td>Mo\u010d motorja S6 (W)<\/td>\n<td>1000<\/td>\n<\/tr>\n<tr>\n<td>Napetost<\/td>\n<td>230V<\/td>\n<\/tr>\n<tr>\n<th colspan=\"2\">Dimenzije<\/th>\n<\/tr>\n<tr>\n<td>\u0160irina postelje (mm)<\/td>\n<td>135<\/td>\n<\/tr>\n<tr>\n<th colspan=\"2\">Stru\u017enice<\/th>\n<\/tr>\n<tr>\n<td>Razpon metri\u010dnih navojev (mm\/vrtljaj)<\/td>\n<td>0,5-2,5<\/td>\n<\/tr>\n<tr>\n<td>Hitrost vretena stru\u017enice (min\u207b\u00b9)<\/td>\n<td>0-2200<\/td>\n<\/tr>\n<tr>\n<td>Sto\u017eec repne vpenjalke<\/td>\n<td>MK2\/MT2<\/td>\n<\/tr>\n<tr>\n<td>Vpenjalni nos vretena<\/td>\n<td>MK3\/MT3<\/td>\n<\/tr>\n<tr>\n<td>Premer vretena (mm)<\/td>\n<td>21<\/td>\n<\/tr>\n<tr>\n<td>Longitudinalni pomik (mm)<\/td>\n<td>0,07-0,2<\/td>\n<\/tr>\n<tr>\n<td>Razpon pal\u010dnih navojev<\/td>\n<td>8-56<\/td>\n<\/tr>\n<tr>\n<td>Razdalja med sredi\u0161\u010dema (mm)<\/td>\n<td>750<\/td>\n<\/tr>\n<tr>\n<td>Najve\u010dji premer nad posteljo (mm)<\/td>\n<td>250<\/td>\n<\/tr>\n<tr>\n<td>Vi\u0161ina sredi\u0161\u010da (mm)<\/td>\n<td>125<\/td>\n<\/tr>\n<tr>\n<th colspan=\"2\">Te\u017ea<\/th>\n<\/tr>\n<tr>\n<td>Bruto te\u017ea (kg)<\/td>\n<td>160<\/td>\n<\/tr>\n<tr>\n<td>Netto te\u017ea (kg)<\/td>\n<td>146<\/td>\n<\/tr>\n<tr>\n<th colspan=\"2\">Embala\u017ea<\/th>\n<\/tr>\n<tr>\n<td>Dol\u017eina embala\u017ee (mm)<\/td>\n<td>1400<\/td>\n<\/tr>\n<tr>\n<td>\u0160irina embala\u017ee (mm)<\/td>\n<td>680<\/td>\n<\/tr>\n<tr>\n<td>Vi\u0161ina embala\u017ee (mm)<\/td>\n<td>560<\/td>\n<\/tr>\n<tr>\n<th colspan=\"2\">Splo\u0161ni podatki<\/th>\n<\/tr>\n<tr>\n<td>EAN koda<\/td>\n<td>9120039901886<\/td>\n<\/tr>\n<\/tbody>\n<\/table>\n","protected":false},"excerpt":{"rendered":"<h3>Poudarki izdelka<\/h3>\n<p>Stru\u017enica z natan\u010dnim vzdol\u017enim (0,05 &#8211; 0,5 mm) in kri\u017enim (0,02 &#8211; 0,22 mm) dovajanjem, izdelana iz trdnega in hrapavega litega \u017eeleza. Hitrost je nastavljiva preko potenciometra in prikazana na LCD-zaslonu. Opremljena je z odporno, indukcijsko utrjeno strojno posteljo ter modernim stojalom z dvema omarama.<\/p>\n<ul>\n<li>Maksimalni premer stru\u017eenja 250 mm, \u0161irina le\u017ei\u0161\u010da 135 mm<\/li>\n<li>Svin\u010deni vija\u010dni pokrov zagotavlja dolgo obstojnost in natan\u010dnost<\/li>\n<li>Vreteno izvrtine 21 mm, konus vretena MT3, konus orodja MT2<\/li>\n<li>Mo\u017enost rezanja metri\u010dnih niti (0,5 &#8211; 2,5 mm)<\/li>\n<\/ul>\n<p><strong>Vklju\u010deno v dobavo:<\/strong> stojalo, 3-\u010deljustni vpenjalnik \u00d8125 mm, stabilen po\u010ditek, sledilci menjalnikov za po\u010ditek, 2 kosa mrtve sredine, notranja in zunanja \u010deljust, 4-smerni drog orodja, pokrov s svin\u010denimi vijaki, \u0161\u010ditnik vpenjalne glave z oknom, 4-\u010deljustni vpenjalnik, obrazna plo\u0161\u010da.<\/p>\n","protected":false},"featured_media":4726,"template":"","meta":[],"product_brand":[],"product_cat":[1043,1059],"product_tag":[],"class_list":{"0":"post-4725","1":"product","2":"type-product","3":"status-publish","4":"has-post-thumbnail","6":"product_cat-stroji-za-kovine","7":"product_cat-struznice-za-kovino","9":"first","10":"instock","11":"shipping-taxable","12":"purchasable","13":"product-type-simple"},"_links":{"self":[{"href":"https:\/\/www.depoles.com\/hr\/wp-json\/wp\/v2\/product\/4725","targetHints":{"allow":["GET"]}}],"collection":[{"href":"https:\/\/www.depoles.com\/hr\/wp-json\/wp\/v2\/product"}],"about":[{"href":"https:\/\/www.depoles.com\/hr\/wp-json\/wp\/v2\/types\/product"}],"wp:featuredmedia":[{"embeddable":true,"href":"https:\/\/www.depoles.com\/hr\/wp-json\/wp\/v2\/media\/4726"}],"wp:attachment":[{"href":"https:\/\/www.depoles.com\/hr\/wp-json\/wp\/v2\/media?parent=4725"}],"wp:term":[{"taxonomy":"product_brand","embeddable":true,"href":"https:\/\/www.depoles.com\/hr\/wp-json\/wp\/v2\/product_brand?post=4725"},{"taxonomy":"product_cat","embeddable":true,"href":"https:\/\/www.depoles.com\/hr\/wp-json\/wp\/v2\/product_cat?post=4725"},{"taxonomy":"product_tag","embeddable":true,"href":"https:\/\/www.depoles.com\/hr\/wp-json\/wp\/v2\/product_tag?post=4725"}],"curies":[{"name":"wp","href":"https:\/\/api.w.org\/{rel}","templated":true}]}}