{"id":4727,"date":"2019-11-22T12:49:41","date_gmt":"2019-11-22T11:49:41","guid":{"rendered":"https:\/\/nova.depoles.com\/trgovina\/struznica-za-kovino-ed-400\/"},"modified":"2026-03-06T14:01:36","modified_gmt":"2026-03-06T13:01:36","slug":"struznica-za-kovino-ed-400","status":"publish","type":"product","link":"https:\/\/www.depoles.com\/hr\/trgovina\/struznica-za-kovino-ed-400\/","title":{"rendered":"TOKARILICA ZA METAL ED 400 FD 230V"},"content":{"rendered":"<div class=\"row\">\n<div class=\"zusatzInfo\">\n<div class=\"col-sm-6 col-xs-6\">\n<div class=\"border-bottom-dotted\">\n<blockquote><p>motor 450W\/230v<\/p><\/blockquote>\n<p>distanca med centroma 400 mm<\/p>\n<p>max premer preko pre\u010dnega supoprta 134 mm<\/p>\n<p>\u0161irina postelje 100 mm<\/p>\n<p>konus spindla MK3<\/p>\n<p>Konus konji\u010dka MK2<\/p>\n<p>luknja 21 mm<\/p>\n<p>\u0161irina postaelje 100 mm<\/p>\n<p>hitrost 100-2500 obr\/min<\/p>\n<p>metricni navoj (14) 0,5-3 mm\/obr<\/p>\n<p>inch navoj (10) 8-44 Gg\/1\u2033\u201d<\/p>\n<p>vzdol\u017eni pomik (3)0,089; 0,114; 0.198 mm\/obr<\/p>\n<p>dr\u017ealo orodja 4 sloti<\/p>\n<p>max pomik pre\u010dni suport 80 mm<\/p>\n<p>max pomik suporta 50 mm<\/p>\n<p>pomik konji\u010dka 55\u00a0 mm<\/p>\n<p>dimenzije 940x380x345 mm<\/p>\n<p>dimenzije za transport\u00a0 900 x 450 x460 mm<\/p>\n<p>te\u017ea 75\/68 kg kg<\/p>\n<\/div>\n<\/div>\n<div class=\"clearfix\"><\/div>\n<\/div>\n<\/div>\n<div class=\"row groupRow\">\n<div class=\"zusatzInfo\">\n<div class=\"col-sm-6 col-xs-6\">\n<div class=\"border-bottom-dotted\"><strong>general data<\/strong><\/div>\n<\/div>\n<div class=\"clearfix\"><\/div>\n<\/div>\n<\/div>\n<div class=\"row\">\n<div class=\"zusatzInfo\">\n<div class=\"col-sm-6 col-xs-6\">\n<div class=\"border-bottom-dotted\">EAN code<\/div>\n<\/div>\n<div class=\"col-sm-6 col-xs-6\">\n<div class=\"border-bottom-dotted\">9120039901329<\/div>\n<\/div>\n<div class=\"clearfix\"><\/div>\n<\/div>\n<\/div>\n","protected":false},"excerpt":{"rendered":"<h3>STRU\u017dNICA ZA KOVINO ED 400 FD<\/h3>\n<ul>\n<li style=\"list-style-type: none\">\n<ul>\n<li>serijsko z automatskim vzdol\u017enim pomikom in navojnim vretenom<\/li>\n<li>indukcijska prizmati\u010dna vodila<\/li>\n<li>nastavljiva V vodila<\/li>\n<li>dodatno utrjen glavni spindel<\/li>\n<li>visoka natan\u010dnost<\/li>\n<li>visoka umerjenost vretena zagotavlja najve\u010djo natan\u010dnost stru\u017eenja<\/li>\n<li>hitrost vretena je mogo\u010de brezstopenjsko prilagoditi, hitrost je mogo\u010de enostavno od\u010ditati z digitalnega prikaza hitrosti<\/li>\n<li>z menjalni\u0161kimi zobniki, ki zagotavljajo izjemno \u0161irok razpon rezanja navojev<\/li>\n<li>mo\u010dan brez vzdr\u017eevanja motor<\/li>\n<li>nemoten prenos mo\u010di zagotavlja stalen navor<\/li>\n<li>zadnji del se lahko prilagodi za zaviranje<\/li>\n<li>CW \/ CCW na\u010din delovanja<\/li>\n<li>Opomba: Pri vzvratni vo\u017enji stroj deluje s polovi\u010dno hitrostjo<\/li>\n<\/ul>\n<\/li>\n<\/ul>\n<p><strong>vklju\u010deno v dobavo:<\/strong> 3-\u010deljustna vpenjalna glava \u00d8 100 mm, 4-smerno orodje, mrtvo sredi\u0161\u010de MT3, mrtvo sredi\u0161\u010de MT2, \u0161\u010ditnik vpenjalne glave, pladenj za \u010dipe, menjava zobnikov, orodje<\/p>\n","protected":false},"featured_media":4728,"template":"","meta":[],"product_brand":[],"product_cat":[1043,1059],"product_tag":[],"class_list":{"0":"post-4727","1":"product","2":"type-product","3":"status-publish","4":"has-post-thumbnail","6":"product_cat-stroji-za-kovine","7":"product_cat-struznice-za-kovino","9":"first","10":"instock","11":"shipping-taxable","12":"purchasable","13":"product-type-simple"},"_links":{"self":[{"href":"https:\/\/www.depoles.com\/hr\/wp-json\/wp\/v2\/product\/4727","targetHints":{"allow":["GET"]}}],"collection":[{"href":"https:\/\/www.depoles.com\/hr\/wp-json\/wp\/v2\/product"}],"about":[{"href":"https:\/\/www.depoles.com\/hr\/wp-json\/wp\/v2\/types\/product"}],"wp:featuredmedia":[{"embeddable":true,"href":"https:\/\/www.depoles.com\/hr\/wp-json\/wp\/v2\/media\/4728"}],"wp:attachment":[{"href":"https:\/\/www.depoles.com\/hr\/wp-json\/wp\/v2\/media?parent=4727"}],"wp:term":[{"taxonomy":"product_brand","embeddable":true,"href":"https:\/\/www.depoles.com\/hr\/wp-json\/wp\/v2\/product_brand?post=4727"},{"taxonomy":"product_cat","embeddable":true,"href":"https:\/\/www.depoles.com\/hr\/wp-json\/wp\/v2\/product_cat?post=4727"},{"taxonomy":"product_tag","embeddable":true,"href":"https:\/\/www.depoles.com\/hr\/wp-json\/wp\/v2\/product_tag?post=4727"}],"curies":[{"name":"wp","href":"https:\/\/api.w.org\/{rel}","templated":true}]}}