{"id":4737,"date":"2019-11-22T12:49:32","date_gmt":"2019-11-22T11:49:32","guid":{"rendered":"https:\/\/nova.depoles.com\/trgovina\/struznica-za-kovino-holzmann-ed-1080-a-dig_400v\/"},"modified":"2025-12-17T16:32:09","modified_gmt":"2025-12-17T15:32:09","slug":"struznica-za-kovino-holzmann-ed-1080-a-dig_400v","status":"publish","type":"product","link":"https:\/\/www.depoles.com\/hr\/trgovina\/struznica-za-kovino-holzmann-ed-1080-a-dig_400v\/","title":{"rendered":"TOKARSKI STROJ ZA METAL HOLZMANN ED 1080 A DIG_400V"},"content":{"rendered":"<p><strong>Tehni\u010dni podatki<\/strong><\/p>\n<ul>\n<li><strong>Podatki o motorju<\/strong>\n<ul>\n<li>Moc motorja S1: 2,2 kW<\/li>\n<li>Napetost: 400V \/ 3 \/ 50Hz<\/li>\n<\/ul>\n<\/li>\n<li><strong>Stru\u017enice<\/strong>\n<ul>\n<li>Razdalja med sredinama: 1080 mm<\/li>\n<li>Vi\u0161ina sredine: 200 mm<\/li>\n<li>Maks. premer nad posteljo: 400 mm<\/li>\n<li>Maks. premer nad pre\u010dnim drsnikom: 250 mm<\/li>\n<li>Maks. premer v razmaku: 520 mm<\/li>\n<li>Hitrost vretena: 65-1810 min\u207b\u00b9<\/li>\n<li>Premer vretena: 52 mm<\/li>\n<li>Nosilec vretena: MK\/MT6<\/li>\n<li>Konus repne vpenjalke: MK\/MT4<\/li>\n<li>Hod vozi\u010dka: 1080 mm<\/li>\n<li>Hod pre\u010dnega drsnika: 1250 mm<\/li>\n<li>Hod po\u0161evnega drsnika: 210 mm<\/li>\n<li>Hod tulca repne vpenjalke: 115 mm<\/li>\n<li>Obseg metri\u010dnih navojev: 0,4-7 mm\/obrat<\/li>\n<li>Obseg pal\u010dnih navojev: 4-60 TPI<\/li>\n<li>Maks. premer orodja: 20&#215;20 mm<\/li>\n<li>Longitudinalni pomik: 0,0527-1,2912 mm<\/li>\n<li>Pre\u010dni pomik: 0,011-0,276 mm<\/li>\n<\/ul>\n<\/li>\n<li><strong>Te\u017ea<\/strong>\n<ul>\n<li>Bruto te\u017ea: 750 kg<\/li>\n<li>Netto te\u017ea: 630 kg<\/li>\n<\/ul>\n<\/li>\n<li><strong>Embala\u017ea<\/strong>\n<ul>\n<li>Dol\u017eina embala\u017ee: 1.940 mm<\/li>\n<li>\u0160irina embala\u017ee: 760 mm<\/li>\n<li>Vi\u0161ina embala\u017ee: 1.545 mm<\/li>\n<\/ul>\n<\/li>\n<li><strong>Splo\u0161ni podatki<\/strong>\n<ul>\n<li>EAN koda: 9120058373190<\/li>\n<\/ul>\n<\/li>\n<\/ul>\n","protected":false},"excerpt":{"rendered":"<h3>ED 1080 A DIG<\/h3>\n<ul>\n<li>idealen za izdelavo orodij, razli\u010dne produkcije ali izobra\u017eevalne ustanove<\/li>\n<li>izjemno \u0161iroka vrtina vretena (\u00d8 52 mm) za obdelavo velikih premerov gredi<\/li>\n<li>no\u017ena zavora zagotavlja najve\u010djo varnost pri delu in zmanj\u0161uje neproduktivni \u010das<\/li>\n<li>indukcijsko kaljeni in natan\u010dni zemeljski prizmati\u010dni vodniki, izdelani iz<\/li>\n<li>stabilizirano litega \u017eeleza, ki zagotavlja max. natan\u010dnost za celo \u017eivljenje<\/li>\n<li>snemljiv most omogo\u010da obdelovance premera do 520 mm<\/li>\n<li>Precizni rezalni zobniki in strojna postelja iz litega \u017eeleza, ki prepre\u010dujejo vibracije, zagotavljajo visoko natan\u010dnost obra\u010danja<\/li>\n<\/ul>\n","protected":false},"featured_media":4738,"template":"","meta":[],"product_brand":[],"product_cat":[1043,1059],"product_tag":[],"class_list":{"0":"post-4737","1":"product","2":"type-product","3":"status-publish","4":"has-post-thumbnail","6":"product_cat-stroji-za-kovine","7":"product_cat-struznice-za-kovino","9":"first","10":"instock","11":"shipping-taxable","12":"purchasable","13":"product-type-simple"},"_links":{"self":[{"href":"https:\/\/www.depoles.com\/hr\/wp-json\/wp\/v2\/product\/4737","targetHints":{"allow":["GET"]}}],"collection":[{"href":"https:\/\/www.depoles.com\/hr\/wp-json\/wp\/v2\/product"}],"about":[{"href":"https:\/\/www.depoles.com\/hr\/wp-json\/wp\/v2\/types\/product"}],"wp:featuredmedia":[{"embeddable":true,"href":"https:\/\/www.depoles.com\/hr\/wp-json\/wp\/v2\/media\/4738"}],"wp:attachment":[{"href":"https:\/\/www.depoles.com\/hr\/wp-json\/wp\/v2\/media?parent=4737"}],"wp:term":[{"taxonomy":"product_brand","embeddable":true,"href":"https:\/\/www.depoles.com\/hr\/wp-json\/wp\/v2\/product_brand?post=4737"},{"taxonomy":"product_cat","embeddable":true,"href":"https:\/\/www.depoles.com\/hr\/wp-json\/wp\/v2\/product_cat?post=4737"},{"taxonomy":"product_tag","embeddable":true,"href":"https:\/\/www.depoles.com\/hr\/wp-json\/wp\/v2\/product_tag?post=4737"}],"curies":[{"name":"wp","href":"https:\/\/api.w.org\/{rel}","templated":true}]}}