{"id":4740,"date":"2019-11-22T12:49:30","date_gmt":"2019-11-22T11:49:30","guid":{"rendered":"https:\/\/nova.depoles.com\/trgovina\/3-osni-kovinski-struznik-dro-ed1000kdig_400v\/"},"modified":"2025-12-17T16:32:32","modified_gmt":"2025-12-17T15:32:32","slug":"3-osni-kovinski-struznik-dro-ed1000kdig_400v","status":"publish","type":"product","link":"https:\/\/www.depoles.com\/hr\/trgovina\/3-osni-kovinski-struznik-dro-ed1000kdig_400v\/","title":{"rendered":"TOKARSKI STROJ ZA METAL HOLZMANN 3 OSNI DRO ED1000KDIG_400V"},"content":{"rendered":"<p><strong>Tehni\u010dna specifikacija<\/strong><\/p>\n<table>\n<tbody>\n<tr>\n<th colspan=\"2\">Motor<\/th>\n<\/tr>\n<tr>\n<td>Mo\u010d motorja S1<\/td>\n<td>2000 W<\/td>\n<\/tr>\n<tr>\n<td>Mo\u010d motorja S6<\/td>\n<td>2400 W<\/td>\n<\/tr>\n<tr>\n<td>Napetost<\/td>\n<td>400 V<\/td>\n<\/tr>\n<tr>\n<th colspan=\"2\">Stru\u017enica<\/th>\n<\/tr>\n<tr>\n<td>Obseg pal\u010dnih navojev<\/td>\n<td>2-28<\/td>\n<\/tr>\n<tr>\n<td>Obseg metri\u010dnih navojev (mm\/vrt)<\/td>\n<td>0,8-14<\/td>\n<\/tr>\n<tr>\n<td>Najve\u010dja pre\u010dna sekcija dr\u017eala orodja<\/td>\n<td>20 x 20 mm<\/td>\n<\/tr>\n<tr>\n<td>Hitrost vretena (min\u207b\u00b9)<\/td>\n<td>(12) 45-2000<\/td>\n<\/tr>\n<tr>\n<td>Najve\u010dji premer v razmaku (maks. swing in gap)<\/td>\n<td>505 mm<\/td>\n<\/tr>\n<tr>\n<td>Najve\u010dji premer nad pre\u010dnim vozi\u010dkom<\/td>\n<td>240 mm<\/td>\n<\/tr>\n<tr>\n<td>Konus repnega stebla<\/td>\n<td>MK4<\/td>\n<\/tr>\n<tr>\n<td>Priklop vretena (spindle nose mount)<\/td>\n<td>MK6\/MT6<\/td>\n<\/tr>\n<tr>\n<td>Premer vretena<\/td>\n<td>55 mm<\/td>\n<\/tr>\n<tr>\n<td>Pre\u010dni pomik<\/td>\n<td>(64) 0,005-0,22 mm<\/td>\n<\/tr>\n<tr>\n<td>Podol\u017eni pomik<\/td>\n<td>(64) 0,02-0,85 mm<\/td>\n<\/tr>\n<tr>\n<td>Hod rokava repnega stebla<\/td>\n<td>100 mm<\/td>\n<\/tr>\n<tr>\n<td>Razdalja med centri<\/td>\n<td>1000 mm<\/td>\n<\/tr>\n<tr>\n<td>Najve\u010dji premer nad posteljo<\/td>\n<td>400 mm<\/td>\n<\/tr>\n<tr>\n<td>Vi\u0161ina centra<\/td>\n<td>200 mm<\/td>\n<\/tr>\n<tr>\n<th colspan=\"2\">Te\u017ea<\/th>\n<\/tr>\n<tr>\n<td>Bruto te\u017ea<\/td>\n<td>900 kg<\/td>\n<\/tr>\n<tr>\n<td>Netto te\u017ea<\/td>\n<td>850 kg<\/td>\n<\/tr>\n<tr>\n<th colspan=\"2\">Embala\u017ea<\/th>\n<\/tr>\n<tr>\n<td>Dol\u017eina embala\u017ee<\/td>\n<td>1950 mm<\/td>\n<\/tr>\n<tr>\n<td>\u0160irina embala\u017ee<\/td>\n<td>750 mm<\/td>\n<\/tr>\n<tr>\n<td>Vi\u0161ina embala\u017ee<\/td>\n<td>1600 mm<\/td>\n<\/tr>\n<tr>\n<th colspan=\"2\">Splo\u0161ni podatki<\/th>\n<\/tr>\n<tr>\n<td>EAN koda<\/td>\n<td>9120039902548<\/td>\n<\/tr>\n<\/tbody>\n<\/table>\n","protected":false},"excerpt":{"rendered":"<h3>Poudarki<\/h3>\n<p>Najsodobnej\u0161i stru\u017enica za vijake z vijaki in podajalno palico izstopa po dolgotrajni vzdr\u017eljivosti in izjemni vsestranskosti, primerna za razli\u010dne sektorje, kot so trgovine za vzdr\u017eevanje, orodjarne in \u0161olska usposabljanja.<\/p>\n<ul>\n<li>Izjemno \u0161irok premer vretena (\u00d8 52 mm) za obdelavo velikih gred<\/li>\n<li>Elektromagnetna no\u017ena zavora za najve\u010djo varnost in zmanj\u0161anje neproduktivnega \u010dasa<\/li>\n<li>Indukcijsko kaljeni in natan\u010dni talni prizmati\u010dni vodniki iz stabiliziranega litega \u017eeleza za dolgoletno natan\u010dnost<\/li>\n<li>Snemljiv most za obdelavo obdelovancev premera do 505 mm<\/li>\n<li>Precizni rezalni zobniki in strojna postelja iz litega \u017eeleza, ki prepre\u010dujeta vibracije in zagotavljata visoko natan\u010dnost obra\u010danja<\/li>\n<li>Utrjeni in mleti zobniki ter vretena, ki te\u010dejo v oljni kopeli<\/li>\n<li>Dinami\u010dno uravnote\u017eeno glavno vreteno z natan\u010dnimi le\u017eaji in majhno naklonostjo (&lt;0,009 mm)<\/li>\n<li>Vreteno Camlock D1-5 po DIN 55029<\/li>\n<li>Nastavljiv zati\u010d za zatiranje (+\/- 5 mm)<\/li>\n<li>Prakti\u010dno nastavljivi vodniki prek V-polic<\/li>\n<li>Dvostopenjski motor kot standardna oprema<\/li>\n<\/ul>\n<p><strong>V dobavo je vklju\u010deno:<\/strong> 3-osni DRO, 3-\u010deljustna vpenjalna glava \u00d8 200 mm z menjalnimi \u010deljustmi, 4-stransko dr\u017ealo orodja, 4-\u010deljustno vpenjalo \u00d8 200 mm, obrazna plo\u0161\u010da \u00d8 250 mm, 2x mrtva sredi\u0161\u010da, morse konus rokav MT 6\/4, enakomeren po\u010ditek, sledite po\u010ditku, halogenska delovna svetilka, za\u0161\u010dita pred brizganjem, naprava za hlajenje, stojalo iz sive litine, navoj, menjava prestav ter orodje.<\/p>\n","protected":false},"featured_media":762,"template":"","meta":[],"product_brand":[],"product_cat":[1043,1059],"product_tag":[],"class_list":{"0":"post-4740","1":"product","2":"type-product","3":"status-publish","4":"has-post-thumbnail","6":"product_cat-stroji-za-kovine","7":"product_cat-struznice-za-kovino","9":"first","10":"instock","11":"shipping-taxable","12":"purchasable","13":"product-type-simple"},"_links":{"self":[{"href":"https:\/\/www.depoles.com\/hr\/wp-json\/wp\/v2\/product\/4740","targetHints":{"allow":["GET"]}}],"collection":[{"href":"https:\/\/www.depoles.com\/hr\/wp-json\/wp\/v2\/product"}],"about":[{"href":"https:\/\/www.depoles.com\/hr\/wp-json\/wp\/v2\/types\/product"}],"wp:featuredmedia":[{"embeddable":true,"href":"https:\/\/www.depoles.com\/hr\/wp-json\/wp\/v2\/media\/762"}],"wp:attachment":[{"href":"https:\/\/www.depoles.com\/hr\/wp-json\/wp\/v2\/media?parent=4740"}],"wp:term":[{"taxonomy":"product_brand","embeddable":true,"href":"https:\/\/www.depoles.com\/hr\/wp-json\/wp\/v2\/product_brand?post=4740"},{"taxonomy":"product_cat","embeddable":true,"href":"https:\/\/www.depoles.com\/hr\/wp-json\/wp\/v2\/product_cat?post=4740"},{"taxonomy":"product_tag","embeddable":true,"href":"https:\/\/www.depoles.com\/hr\/wp-json\/wp\/v2\/product_tag?post=4740"}],"curies":[{"name":"wp","href":"https:\/\/api.w.org\/{rel}","templated":true}]}}