{"id":4744,"date":"2019-11-22T12:49:28","date_gmt":"2019-11-22T11:49:28","guid":{"rendered":"https:\/\/nova.depoles.com\/trgovina\/struznica-za-kovino-holzmann-ed-1000-g_400v\/"},"modified":"2025-12-17T16:33:19","modified_gmt":"2025-12-17T15:33:19","slug":"struznica-za-kovino-holzmann-ed-1000-g_400v","status":"publish","type":"product","link":"https:\/\/www.depoles.com\/hr\/trgovina\/struznica-za-kovino-holzmann-ed-1000-g_400v\/","title":{"rendered":"TOKARSKI STROJ ZA METAL HOLZMANN ED 1000 G_400V"},"content":{"rendered":"<p><strong>Tehni\u010dni podatki<\/strong><\/p>\n<ul>\n<li><strong>Motor<\/strong>\n<ul>\n<li>Mo\u010d motorja s1: 1500 W<\/li>\n<li>Mo\u010d motorja s6: 2100 W<\/li>\n<li>Napetost: 400 V<\/li>\n<\/ul>\n<\/li>\n<li><strong>Dimenzije<\/strong>\n<ul>\n<li>Vi\u0161ina postelje: 305 mm<\/li>\n<li>\u0160irina postelje: 187 mm<\/li>\n<\/ul>\n<\/li>\n<li><strong>Stru\u017enice<\/strong>\n<ul>\n<li>Obseg pal\u010dnih navojev: 2,25 &#8211; 40<\/li>\n<li>Obseg metri\u010dnih navojev (mm\/obrat): 0,45 &#8211; 10<\/li>\n<li>Maksimalen presek dr\u017eala orodja: 20 x 20 mm<\/li>\n<li>Hitrost vretena stru\u017enice: 70 &#8211; 1900 min<sup>-1<\/sup><\/li>\n<li>Maksimalni premer v razmaku: 470 mm<\/li>\n<li>Maksimalni premer nad pre\u010dnim drsnikom: 198 mm<\/li>\n<li>Konus repnega vretena: MK4\/MT4<\/li>\n<li>Nosilec vretena: MK6<\/li>\n<li>Premer vretena: 52 mm<\/li>\n<li>Potovanje drsnika: 810 mm<\/li>\n<li>Podol\u017eni pomik: (16) 0,078 &#8211; 1,044 mm<\/li>\n<li>Potovanje tulca repnega vretena: 100 mm<\/li>\n<li>Pre\u010dni pomik drsnika: 190 mm<\/li>\n<li>Potovanje kotnega drsnika: 88 mm<\/li>\n<li>Razdalja med sredi\u0161\u010dema: 1000 mm<\/li>\n<li>Maksimalni premer nad posteljo: 360 mm<\/li>\n<li>Vi\u0161ina sredi\u0161\u010da: 180 mm<\/li>\n<\/ul>\n<\/li>\n<li><strong>Te\u017ea<\/strong>\n<ul>\n<li>Bruto te\u017ea: 680 kg<\/li>\n<li>Netto te\u017ea: 630 kg<\/li>\n<\/ul>\n<\/li>\n<li><strong>Embala\u017ea<\/strong>\n<ul>\n<li>Dol\u017eina embala\u017ee: 1940 mm<\/li>\n<li>\u0160irina embala\u017ee: 760 mm<\/li>\n<li>Vi\u0161ina embala\u017ee: 1520 mm<\/li>\n<\/ul>\n<\/li>\n<li><strong>Splo\u0161ni podatki<\/strong>\n<ul>\n<li>EAN koda: 9120039902487<\/li>\n<\/ul>\n<\/li>\n<\/ul>\n","protected":false},"excerpt":{"rendered":"<h3>Poudarki<\/h3>\n<p>Stru\u017enica z zobni\u0161ko gredjo je zasnovana za vsestransko uporabo v razli\u010dnih panogah, kot so vzdr\u017eevanje, izdelava, orodjarne in \u0161olsko usposabljanje. Pona\u0161a se z najsodobnej\u0161imi funkcijami, ki zagotavljajo natan\u010dnost, varnost in dolgo \u017eivljenjsko dobo.<\/p>\n<ul>\n<li>Izjemno \u0161iroka vrtina vretena (\u00d8 52 mm) za obdelavo velikih premerov gredi<\/li>\n<li>Elektromagnetna no\u017ena zavora za najve\u010djo varnost in zmanj\u0161anje \u010dasa neproduktivnosti<\/li>\n<li>Indukcijsko kaljeni in natan\u010dni talni prizmati\u010dni vodniki iz stabiliziranega litega \u017eeleza za maksimalno natan\u010dnost<\/li>\n<li>Snemljivi most omogo\u010da obdelavo obdelovancev do premera 474 mm<\/li>\n<li>Precizni rezalni zobniki in postelja iz litega \u017eeleza za prepre\u010devanje vibracij in visoko natan\u010dnost<\/li>\n<li>Utrjeni, zmleti zobniki in vretena, ki te\u010dejo v oljni kopeli<\/li>\n<li>Dinami\u010dno uravnote\u017eeno glavno vreteno v natan\u010dnih le\u017eajih z naklonostjo vretena manj kot 0,009 mm<\/li>\n<li>Enostavna in hitra menjava hitrosti preko gredi zobnika<\/li>\n<li>Vreteno Camlock D1-5 DIN 55029<\/li>\n<li>Nastavljiv zati\u010d za zatiranje (+\/- 5 mm) in nastavljivi vodniki prek V-polic<\/li>\n<li>Prilagodljiv hrbtni del za zaviranje konic (+\/- 5 mm)<\/li>\n<\/ul>\n<p><strong>Obse\u017ena dobavna vsebina:<\/strong> 3-\u010deljustna vpenjalna glava \u00d8 200 mm, 4-\u010deljustni neodvisni vpenjalni vijak \u00d8 200 mm, pokrov za dovod, prednja plo\u0161\u010da \u00d8 250 mm, 2x mrtva sredi\u0161\u010da MT4, rokav konji\u010da MTS MT 6\/4, stabilen po\u010ditek, sledite mirovanju, halogenska delovna svetilka, \u0161\u010ditnik pred brizganjem, hladilna naprava, stojalo z vreteno zavoro, menjalnik in orodje.<\/p>\n","protected":false},"featured_media":4745,"template":"","meta":[],"product_brand":[],"product_cat":[1043,1059],"product_tag":[],"class_list":{"0":"post-4744","1":"product","2":"type-product","3":"status-publish","4":"has-post-thumbnail","6":"product_cat-stroji-za-kovine","7":"product_cat-struznice-za-kovino","9":"first","10":"instock","11":"shipping-taxable","12":"purchasable","13":"product-type-simple"},"_links":{"self":[{"href":"https:\/\/www.depoles.com\/hr\/wp-json\/wp\/v2\/product\/4744","targetHints":{"allow":["GET"]}}],"collection":[{"href":"https:\/\/www.depoles.com\/hr\/wp-json\/wp\/v2\/product"}],"about":[{"href":"https:\/\/www.depoles.com\/hr\/wp-json\/wp\/v2\/types\/product"}],"wp:featuredmedia":[{"embeddable":true,"href":"https:\/\/www.depoles.com\/hr\/wp-json\/wp\/v2\/media\/4745"}],"wp:attachment":[{"href":"https:\/\/www.depoles.com\/hr\/wp-json\/wp\/v2\/media?parent=4744"}],"wp:term":[{"taxonomy":"product_brand","embeddable":true,"href":"https:\/\/www.depoles.com\/hr\/wp-json\/wp\/v2\/product_brand?post=4744"},{"taxonomy":"product_cat","embeddable":true,"href":"https:\/\/www.depoles.com\/hr\/wp-json\/wp\/v2\/product_cat?post=4744"},{"taxonomy":"product_tag","embeddable":true,"href":"https:\/\/www.depoles.com\/hr\/wp-json\/wp\/v2\/product_tag?post=4744"}],"curies":[{"name":"wp","href":"https:\/\/api.w.org\/{rel}","templated":true}]}}