{"id":4752,"date":"2019-11-22T12:49:22","date_gmt":"2019-11-22T11:49:22","guid":{"rendered":"https:\/\/nova.depoles.com\/trgovina\/kovinski-struznik-ed750fd_230v\/"},"modified":"2026-02-12T13:45:48","modified_gmt":"2026-02-12T12:45:48","slug":"kovinski-struznik-ed750fd_230v","status":"publish","type":"product","link":"https:\/\/www.depoles.com\/hr\/trgovina\/kovinski-struznik-ed750fd_230v\/","title":{"rendered":"Strug za metal HOLZMANN ED750FD_230V"},"content":{"rendered":"<p><strong>Specifikacije izdelka:<\/strong><\/p>\n<table>\n<tbody>\n<tr>\n<td><strong>Motor<\/strong><\/td>\n<td><\/td>\n<\/tr>\n<tr>\n<td>Mo\u010d motorja S1 (W)<\/td>\n<td>750<\/td>\n<\/tr>\n<tr>\n<td>Mo\u010d motorja S6 (W)<\/td>\n<td>1000<\/td>\n<\/tr>\n<tr>\n<td>Napetost<\/td>\n<td>230V<\/td>\n<\/tr>\n<tr>\n<td><strong>Dimenzije<\/strong><\/td>\n<td><\/td>\n<\/tr>\n<tr>\n<td>\u0160irina postelje (mm)<\/td>\n<td>135<\/td>\n<\/tr>\n<tr>\n<td>Skupne dimenzije (mm)<\/td>\n<td>1355 x 560 x 1065<\/td>\n<\/tr>\n<tr>\n<td><strong>Stru\u017enice<\/strong><\/td>\n<td><\/td>\n<\/tr>\n<tr>\n<td>Obseg pal\u010dnih navojev<\/td>\n<td>8-56<\/td>\n<\/tr>\n<tr>\n<td>Obseg metri\u010dnih navojev (mm\/obrat)<\/td>\n<td>0,4-3,5<\/td>\n<\/tr>\n<tr>\n<td>Hitrost vretena stru\u017enice (min\u207b\u00b9)<\/td>\n<td>0-2500<\/td>\n<\/tr>\n<tr>\n<td>Sto\u017eec repnega vretena<\/td>\n<td>MK2\/MT2<\/td>\n<\/tr>\n<tr>\n<td>Nosilec vretena<\/td>\n<td>MK3\/MT3<\/td>\n<\/tr>\n<tr>\n<td>Premer vretena (mm)<\/td>\n<td>25<\/td>\n<\/tr>\n<tr>\n<td>Razdalja med sredi\u0161\u010dema (mm)<\/td>\n<td>750<\/td>\n<\/tr>\n<tr>\n<td>Najve\u010dji premer nad posteljo (mm)<\/td>\n<td>250<\/td>\n<\/tr>\n<tr>\n<td>Vi\u0161ina sredi\u0161\u010da (mm)<\/td>\n<td>125<\/td>\n<\/tr>\n<tr>\n<td><strong>Te\u017ea<\/strong><\/td>\n<td><\/td>\n<\/tr>\n<tr>\n<td>Bruto te\u017ea (kg)<\/td>\n<td>140<\/td>\n<\/tr>\n<tr>\n<td>Netto te\u017ea (kg)<\/td>\n<td>126<\/td>\n<\/tr>\n<tr>\n<td><strong>Pakiranje<\/strong><\/td>\n<td><\/td>\n<\/tr>\n<tr>\n<td>Dol\u017eina pakiranja (mm)<\/td>\n<td>1385<\/td>\n<\/tr>\n<tr>\n<td>\u0160irina pakiranja (mm)<\/td>\n<td>625<\/td>\n<\/tr>\n<tr>\n<td>Vi\u0161ina pakiranja (mm)<\/td>\n<td>565<\/td>\n<\/tr>\n<tr>\n<td><strong>Splo\u0161ni podatki<\/strong><\/td>\n<td><\/td>\n<\/tr>\n<tr>\n<td>EAN koda<\/td>\n<td>9120039900902<\/td>\n<\/tr>\n<\/tbody>\n<\/table>\n","protected":false},"excerpt":{"rendered":"<h3>Poudarki izdelka<\/h3>\n<p>Stru\u017enica iz litega \u017eeleza z nastavljivo hitrostjo in moderno zasnovo ponuja visoko natan\u010dnost in dolgo obstojnost. Njene glavne zna\u010dilnosti so:<\/p>\n<ul>\n<li>Postavljena trdna in hrapava litega \u017eeleza<\/li>\n<li>Nastavljiva hitrost preko potenciometra<\/li>\n<li>Indikacija hitrosti preko LCD-zaslona<\/li>\n<li>Odporna in indukcijsko utrjena strojna postelja<\/li>\n<li>Stojalo z dvema omarama modernega dizajna, vklju\u010deno v dostavo<\/li>\n<li>Maksimalni premer stru\u017eenja 250 mm, \u0161irina le\u017ei\u0161\u010da 135 mm<\/li>\n<li>Svin\u010deni vija\u010dni pokrov za dolgo obstojnost in natan\u010dnost<\/li>\n<li>Vreteno izvrtine 25 mm, konus vretena MT3, repni zalog MT2<\/li>\n<li>Stroj za rezanje metri\u010dnih niti<\/li>\n<\/ul>\n<p><strong>Vklju\u010deno v dobavo:<\/strong> stojalo, 3-\u010deljustni vpenjalnik \u00d8125 mm, menjalnik, 2 kosa mrtvih centrov, notranja in zunanja \u010deljust, 4-smerni nosilec orodja, pokrov s svin\u010denim vijakom, \u0161\u010ditnik vpenjalne glave z oknom, 4-\u010deljustna vpenjalna plo\u0161\u010da in prednja plo\u0161\u010da.<\/p>\n","protected":false},"featured_media":4753,"template":"","meta":[],"product_brand":[],"product_cat":[1043,1059],"product_tag":[],"class_list":{"0":"post-4752","1":"product","2":"type-product","3":"status-publish","4":"has-post-thumbnail","6":"product_cat-stroji-za-kovine","7":"product_cat-struznice-za-kovino","9":"first","10":"instock","11":"shipping-taxable","12":"purchasable","13":"product-type-simple"},"_links":{"self":[{"href":"https:\/\/www.depoles.com\/hr\/wp-json\/wp\/v2\/product\/4752","targetHints":{"allow":["GET"]}}],"collection":[{"href":"https:\/\/www.depoles.com\/hr\/wp-json\/wp\/v2\/product"}],"about":[{"href":"https:\/\/www.depoles.com\/hr\/wp-json\/wp\/v2\/types\/product"}],"wp:featuredmedia":[{"embeddable":true,"href":"https:\/\/www.depoles.com\/hr\/wp-json\/wp\/v2\/media\/4753"}],"wp:attachment":[{"href":"https:\/\/www.depoles.com\/hr\/wp-json\/wp\/v2\/media?parent=4752"}],"wp:term":[{"taxonomy":"product_brand","embeddable":true,"href":"https:\/\/www.depoles.com\/hr\/wp-json\/wp\/v2\/product_brand?post=4752"},{"taxonomy":"product_cat","embeddable":true,"href":"https:\/\/www.depoles.com\/hr\/wp-json\/wp\/v2\/product_cat?post=4752"},{"taxonomy":"product_tag","embeddable":true,"href":"https:\/\/www.depoles.com\/hr\/wp-json\/wp\/v2\/product_tag?post=4752"}],"curies":[{"name":"wp","href":"https:\/\/api.w.org\/{rel}","templated":true}]}}