{"id":4759,"date":"2019-11-22T12:49:18","date_gmt":"2019-11-22T11:49:18","guid":{"rendered":"https:\/\/nova.depoles.com\/trgovina\/struznica-za-kovino-holzmann-ed-300-fd_230v\/"},"modified":"2026-02-12T13:57:16","modified_gmt":"2026-02-12T12:57:16","slug":"struznica-za-kovino-holzmann-ed-300-fd_230v","status":"publish","type":"product","link":"https:\/\/www.depoles.com\/hr\/trgovina\/struznica-za-kovino-holzmann-ed-300-fd_230v\/","title":{"rendered":"TOKARSKI STROJ ZA METAL HOLZMANN ED 300 FD_230V"},"content":{"rendered":"<p><strong>Tehni\u010dni podatki<\/strong><\/p>\n<table>\n<tbody>\n<tr>\n<th colspan=\"2\">Podatki o motorju<\/th>\n<\/tr>\n<tr>\n<td>Mo\u010d motorja S1 (W)<\/td>\n<td>450<\/td>\n<\/tr>\n<tr>\n<td>Mo\u010d motorja S6 (W)<\/td>\n<td>630<\/td>\n<\/tr>\n<tr>\n<td>Napetost<\/td>\n<td>230V<\/td>\n<\/tr>\n<tr>\n<th colspan=\"2\">Dimenzije<\/th>\n<\/tr>\n<tr>\n<td>\u0160irina postelje (mm)<\/td>\n<td>100<\/td>\n<\/tr>\n<tr>\n<td>Skupne dimenzije (mm)<\/td>\n<td>740 x 390 x 370<\/td>\n<\/tr>\n<tr>\n<th colspan=\"2\">Stru\u017enice<\/th>\n<\/tr>\n<tr>\n<td>Pre\u010dni pomik (mm)<\/td>\n<td>75<\/td>\n<\/tr>\n<tr>\n<td>Pomik tulec vretena (mm)<\/td>\n<td>60<\/td>\n<\/tr>\n<tr>\n<td>Obseg pal\u010dnih navojev<\/td>\n<td>8-44<\/td>\n<\/tr>\n<tr>\n<td>Obseg metri\u010dnih navojev (mm\/obrat)<\/td>\n<td>(18 S) 0,5-3<\/td>\n<\/tr>\n<tr>\n<td>Hitrost vretena stru\u017enice (min<sup>-1<\/sup>)<\/td>\n<td>50-2500<\/td>\n<\/tr>\n<tr>\n<td>Najve\u010dji premer nad pre\u010dnim pomikom (mm)<\/td>\n<td>110<\/td>\n<\/tr>\n<tr>\n<td>Konus repne vpenjalke<\/td>\n<td>MK2\/MT2<\/td>\n<\/tr>\n<tr>\n<td>Vreteno nosilec<\/td>\n<td>MK3\/MT3<\/td>\n<\/tr>\n<tr>\n<td>Premer odprtine vretena (mm)<\/td>\n<td>21<\/td>\n<\/tr>\n<tr>\n<td>Pomik nosilca (mm)<\/td>\n<td>276<\/td>\n<\/tr>\n<tr>\n<td>Pomik po\u0161evnega nosilca (mm)<\/td>\n<td>55<\/td>\n<\/tr>\n<tr>\n<td>Dol\u017eina med centrovoma (mm)<\/td>\n<td>300<\/td>\n<\/tr>\n<tr>\n<td>Najve\u010dji premer nad posteljo (mm)<\/td>\n<td>180<\/td>\n<\/tr>\n<tr>\n<th colspan=\"2\">Te\u017ea<\/th>\n<\/tr>\n<tr>\n<td>Bruto te\u017ea (kg)<\/td>\n<td>65<\/td>\n<\/tr>\n<tr>\n<td>Netto te\u017ea (kg)<\/td>\n<td>60<\/td>\n<\/tr>\n<tr>\n<th colspan=\"2\">Pakiranje<\/th>\n<\/tr>\n<tr>\n<td>Dol\u017eina pakiranja (mm)<\/td>\n<td>800<\/td>\n<\/tr>\n<tr>\n<td>\u0160irina pakiranja (mm)<\/td>\n<td>480<\/td>\n<\/tr>\n<tr>\n<td>Vi\u0161ina pakiranja (mm)<\/td>\n<td>460<\/td>\n<\/tr>\n<tr>\n<th colspan=\"2\">Splo\u0161ni podatki<\/th>\n<\/tr>\n<tr>\n<td>EAN koda<\/td>\n<td>9120058371431<\/td>\n<\/tr>\n<\/tbody>\n<\/table>\n","protected":false},"excerpt":{"rendered":"<h3>STRU\u017dNICA ZA KOVINO ED 300 FD<\/h3>\n<ul>\n<li>serijsko opremljena navojnim vretenom za izdelavo navojev in automatskim vzdolznim pomikom<\/li>\n<li>indukcijsko vodila in precizna prizmati\u010dna vodila<\/li>\n<li>dodatno utrjen ohisje glavnega spindla in nastavljivim le\u017eajem<\/li>\n<li>viokokvalitetna nastavitev spindla omogo\u010da natan\u010dno delo<\/li>\n<li>nastzavitev hitrosti spindla preko gumba -potenciometra z od\u010ditavanjem gitrosti na DISPLAYu<\/li>\n<li>z menjalnimi zobniki\u00a0 za razli\u010dne nastavitve hitrosti<\/li>\n<li>vodila nastavljiva preko V za uporabnost mnogo let<\/li>\n<li>mo\u010dan, brezvzdr\u017eevanja motor<\/li>\n<li>miren prenos mo\u010di omogo\u010da konstantno uporabo momenta<\/li>\n<li>CW \/CCW stran vrtenja<\/li>\n<\/ul>\n<p><strong>V DOBAVI: <\/strong>3 \u010deljustna glava 100 mm, 4 stranski naslon\/suport za orodje , konica MK3, konica MK2, za\u0161\u010dita , za\u0161\u010dita za opilke, menjalni zobniki, orodje<\/p>\n","protected":false},"featured_media":4760,"template":"","meta":[],"product_brand":[],"product_cat":[1043,1059],"product_tag":[],"class_list":{"0":"post-4759","1":"product","2":"type-product","3":"status-publish","4":"has-post-thumbnail","6":"product_cat-stroji-za-kovine","7":"product_cat-struznice-za-kovino","9":"first","10":"instock","11":"shipping-taxable","12":"purchasable","13":"product-type-simple"},"_links":{"self":[{"href":"https:\/\/www.depoles.com\/hr\/wp-json\/wp\/v2\/product\/4759","targetHints":{"allow":["GET"]}}],"collection":[{"href":"https:\/\/www.depoles.com\/hr\/wp-json\/wp\/v2\/product"}],"about":[{"href":"https:\/\/www.depoles.com\/hr\/wp-json\/wp\/v2\/types\/product"}],"wp:featuredmedia":[{"embeddable":true,"href":"https:\/\/www.depoles.com\/hr\/wp-json\/wp\/v2\/media\/4760"}],"wp:attachment":[{"href":"https:\/\/www.depoles.com\/hr\/wp-json\/wp\/v2\/media?parent=4759"}],"wp:term":[{"taxonomy":"product_brand","embeddable":true,"href":"https:\/\/www.depoles.com\/hr\/wp-json\/wp\/v2\/product_brand?post=4759"},{"taxonomy":"product_cat","embeddable":true,"href":"https:\/\/www.depoles.com\/hr\/wp-json\/wp\/v2\/product_cat?post=4759"},{"taxonomy":"product_tag","embeddable":true,"href":"https:\/\/www.depoles.com\/hr\/wp-json\/wp\/v2\/product_tag?post=4759"}],"curies":[{"name":"wp","href":"https:\/\/api.w.org\/{rel}","templated":true}]}}