{"id":4761,"date":"2019-11-22T12:49:17","date_gmt":"2019-11-22T11:49:17","guid":{"rendered":"https:\/\/nova.depoles.com\/trgovina\/struznica-za-kovino-holzmann-z-3-osni-dro-ed-1000-f-dig_400v\/"},"modified":"2025-12-17T16:35:50","modified_gmt":"2025-12-17T15:35:50","slug":"struznica-za-kovino-holzmann-z-3-osni-dro-ed-1000-f-dig_400v","status":"publish","type":"product","link":"https:\/\/www.depoles.com\/hr\/trgovina\/struznica-za-kovino-holzmann-z-3-osni-dro-ed-1000-f-dig_400v\/","title":{"rendered":"TOKARSKI STROJ ZA METAL HOLZMANN S 3 OSI DRO ED 1000 F DIG_400V"},"content":{"rendered":"<p><strong>Tehni\u010dna specifikacija<\/strong><\/p>\n<ul>\n<li><strong>Motor<\/strong>\n<ul>\n<li>Mo\u010d motorja S1: 1500 W<\/li>\n<li>Mo\u010d motorja S6: 2100 W<\/li>\n<li>Napetost: 400 V<\/li>\n<\/ul>\n<\/li>\n<li><strong>Stru\u017enice<\/strong>\n<ul>\n<li>Pre\u010dni pomik: 205 mm<\/li>\n<li>Pomik vretena konji\u010dka: 100 mm<\/li>\n<li>Razpon pal\u010dnih navojev: 4-56<\/li>\n<li>Razpon metri\u010dnih navojev: 0,4-7 mm\/obrat<\/li>\n<li>Najve\u010dja pre\u010dna rezalna plo\u0161\u010da orodja: 20 x 20 mm<\/li>\n<li>Hitrost vretena: 700-1900 \/ 40-1800 min\u207b\u00b9<\/li>\n<li>Najve\u010dji premer v odprtini: 476 mm<\/li>\n<li>Najve\u010dji premer nad pre\u010dnim pomikom: 198 mm<\/li>\n<li>Ku\u017eel konji\u010dka: MK4\/MT4<\/li>\n<li>Namestitev nosu vretena: MK6\/MT6<\/li>\n<li>Premer odprtine vretena: 52 mm<\/li>\n<li>Pre\u010dni pomik: 0,022-0,298 mm<\/li>\n<li>Podolgovati pomik: 0,078-1,044 mm<\/li>\n<li>Pomik po\u0161evnega pomika: 90 mm<\/li>\n<li>Razdalja med sredi\u0161\u010dema: 1000 mm<\/li>\n<li>Najve\u010dji premer nad posteljo: 330 mm<\/li>\n<li>Vi\u0161ina sredi\u0161\u010da: 180 mm<\/li>\n<\/ul>\n<\/li>\n<li><strong>Te\u017ea<\/strong>\n<ul>\n<li>Bruto te\u017ea: 650 kg<\/li>\n<li>Netto te\u017ea: 600 kg<\/li>\n<\/ul>\n<\/li>\n<li><strong>Embala\u017ea<\/strong>\n<ul>\n<li>Dol\u017eina embala\u017ee: 1940 mm<\/li>\n<li>\u0160irina embala\u017ee: 760 mm<\/li>\n<li>Vi\u0161ina embala\u017ee: 1520 mm<\/li>\n<\/ul>\n<\/li>\n<li><strong>Splo\u0161ni podatki<\/strong>\n<ul>\n<li>EAN koda: 9120039905365<\/li>\n<\/ul>\n<\/li>\n<\/ul>\n","protected":false},"excerpt":{"rendered":"<h3>Opis izdelka<\/h3>\n<p>Najsodobnej\u0161a stru\u017enica za vijake z vijaki in podajalno palico se pona\u0161a z dolgo \u017eivljenjsko dobo ter vsestranskostjo, kar jo naredi idealno za uporabo v vzdr\u017eevalnih delavnicah, orodjarnah in izobra\u017eevalnih ustanovah. Njene klju\u010dne lastnosti vklju\u010dujejo:<\/p>\n<ul>\n<li>Izjemno \u0161irok premer vretena (\u00d8 52 mm) za obdelavo velikih gredi<\/li>\n<li>Elektromagnetna no\u017ena zavora za najve\u010djo varnost in zmanj\u0161anje \u010dasa neproduktivnosti<\/li>\n<li>Indukcijsko kaljeni ter natan\u010dni talni prizmati\u010dni vodniki iz stabiliziranega litega \u017eeleza zagotavljajo maksimalno natan\u010dnost skozi celo \u017eivljenjsko dobo<\/li>\n<li>Snemljiv most za obdelavo obdelovancev do premera 476 mm<\/li>\n<li>Precizni rezalni zobniki in strojna postelja iz litega \u017eeleza prepre\u010dujejo vibracije in zagotavljajo visoko natan\u010dnost obdelave<\/li>\n<li>Utrjeni, zmleti in v oljni kopeli te\u010dejo\u010di zobniki in vretena<\/li>\n<li>Dinami\u010dno uravnote\u017eeno glavno vreteno z natan\u010dnimi le\u017eaji in majhno radialno odstopanje (&lt;0,009 mm)<\/li>\n<li>Nastavljiva hitrost preko frekven\u010dnega pretvornika z digitalnim prikazom hitrosti<\/li>\n<li>Vreteno Camlock D1-5 po DIN 55029<\/li>\n<li>Nastavljiv zati\u010d za zatiranje (+\/- 5 mm)<\/li>\n<li>Priro\u010dna nastavitev vodnikov prek V-polic<\/li>\n<\/ul>\n<p><strong>Vklju\u010deno v dobavo:<\/strong> 3-\u010deljustna vpenjalna glava \u00d8 200 mm z menjalnimi \u010deljustmi, 4-\u010deljustna vpenja\u010da \u00d8 200 mm, obrazna plo\u0161\u010da \u00d8 250 mm, 2x mrtvi centri MT4, morse konus rokav MT 6\/4, stabilen po\u010ditek, sledite po\u010ditku, halogenska delovna svetilka, brizgalni \u0161\u010ditnik, naprava za hladilno teko\u010dino, stojalo z vreteno zavoro, navoj, menjava zobnikov ter orodje.<\/p>\n","protected":false},"featured_media":4762,"template":"","meta":[],"product_brand":[],"product_cat":[1043,1059],"product_tag":[],"class_list":{"0":"post-4761","1":"product","2":"type-product","3":"status-publish","4":"has-post-thumbnail","6":"product_cat-stroji-za-kovine","7":"product_cat-struznice-za-kovino","9":"first","10":"instock","11":"shipping-taxable","12":"purchasable","13":"product-type-simple"},"_links":{"self":[{"href":"https:\/\/www.depoles.com\/hr\/wp-json\/wp\/v2\/product\/4761","targetHints":{"allow":["GET"]}}],"collection":[{"href":"https:\/\/www.depoles.com\/hr\/wp-json\/wp\/v2\/product"}],"about":[{"href":"https:\/\/www.depoles.com\/hr\/wp-json\/wp\/v2\/types\/product"}],"wp:featuredmedia":[{"embeddable":true,"href":"https:\/\/www.depoles.com\/hr\/wp-json\/wp\/v2\/media\/4762"}],"wp:attachment":[{"href":"https:\/\/www.depoles.com\/hr\/wp-json\/wp\/v2\/media?parent=4761"}],"wp:term":[{"taxonomy":"product_brand","embeddable":true,"href":"https:\/\/www.depoles.com\/hr\/wp-json\/wp\/v2\/product_brand?post=4761"},{"taxonomy":"product_cat","embeddable":true,"href":"https:\/\/www.depoles.com\/hr\/wp-json\/wp\/v2\/product_cat?post=4761"},{"taxonomy":"product_tag","embeddable":true,"href":"https:\/\/www.depoles.com\/hr\/wp-json\/wp\/v2\/product_tag?post=4761"}],"curies":[{"name":"wp","href":"https:\/\/api.w.org\/{rel}","templated":true}]}}