{"id":4765,"date":"2019-11-22T12:47:03","date_gmt":"2019-11-22T11:47:03","guid":{"rendered":"https:\/\/nova.depoles.com\/trgovina\/kovinski-struznik-z-dro-ed1500indig80_400\/"},"modified":"2025-12-17T16:36:54","modified_gmt":"2025-12-17T15:36:54","slug":"kovinski-struznik-z-dro-ed1500indig80_400","status":"publish","type":"product","link":"https:\/\/www.depoles.com\/hr\/trgovina\/kovinski-struznik-z-dro-ed1500indig80_400\/","title":{"rendered":"Strug za metal s DRO ED1500INDIG80_400"},"content":{"rendered":"<p><strong>Specifikacije izdelka<\/strong><\/p>\n<ul>\n<li><strong>Motor:<\/strong>\n<ul>\n<li>Mo\u010d motorja S1: 5500 W<\/li>\n<li>Napetost: 400 V<\/li>\n<\/ul>\n<\/li>\n<li><strong>Dimenzije:<\/strong>\n<ul>\n<li>Skupne dimenzije (\u0160 x G x V): 2720 x 1040 x 1370 mm<\/li>\n<\/ul>\n<\/li>\n<li><strong>Stru\u017enice:<\/strong>\n<ul>\n<li>Pre\u010dni pomik: 310 mm<\/li>\n<li>Pomik tulca konji\u010dka: 120 mm<\/li>\n<li>Obseg metri\u010dnih niti: 0,1 &#8211; 14 mm\/obr<\/li>\n<li>Hitrost vretena stru\u017enice: 25 &#8211; 2000 min\u207b\u00b9<\/li>\n<li>Najve\u010dji premer \u010dez odprtino: 690 mm<\/li>\n<li>Najve\u010dji premer \u010dez pre\u010dni pomik: 274 mm<\/li>\n<li>Konji\u010dek: MK4\/MT4<\/li>\n<li>Nosilec vretena: MK6\/MT6<\/li>\n<li>Premer vretena: 80 mm<\/li>\n<li>Pre\u010dni pomik: 0,014 &#8211; 0,784 mm<\/li>\n<li>Podol\u017eni pomik: 0,031 &#8211; 1,7 mm<\/li>\n<li>Pomik po\u0161evne mize: 125 mm<\/li>\n<li>Razdalja med sredi\u0161\u010dema: 1500 mm<\/li>\n<li>Najve\u010dji premer \u010dez posteljo: 460 mm<\/li>\n<li>Vi\u0161ina sredi\u0161\u010da: 230 mm<\/li>\n<li>Pomik vozi\u010dka: 1235 mm<\/li>\n<\/ul>\n<\/li>\n<li><strong>Te\u017ea:<\/strong>\n<ul>\n<li>Bruto te\u017ea: 2060 kg<\/li>\n<li>Netto te\u017ea: 1921 kg<\/li>\n<\/ul>\n<\/li>\n<li><strong>Pakiranje:<\/strong>\n<ul>\n<li>Dol\u017eina pakiranja: 2800 mm<\/li>\n<li>\u0160irina pakiranja: 1120 mm<\/li>\n<li>Vi\u0161ina pakiranja: 1730 mm<\/li>\n<\/ul>\n<\/li>\n<li><strong>Splo\u0161ni podatki:<\/strong>\n<ul>\n<li>EAN koda: 9120039909134<\/li>\n<\/ul>\n<\/li>\n<\/ul>\n","protected":false},"excerpt":{"rendered":"<h3>Poudarki izdelka<\/h3>\n<ul>\n<li>3-osni digitalni od\u010ditavalnik (DRO) za natan\u010dno merjenje<\/li>\n<li>Te\u017eko in vija\u010dno absorbirajo\u010d enodelni lito \u017eelezo<\/li>\n<li>Strojna postelja za vrhunsko natan\u010dnost<\/li>\n<li>Zelo \u0161iroke postelje z indukcijsko utrjenimi in natan\u010dnimi prizmati\u010dnimi vodili<\/li>\n<li>Priro\u010dno in enostavno upravljanje prek jasno zasnovane nadzorne plo\u0161\u010de<\/li>\n<li>Odstranljiv most za obdelavo velikih kosov<\/li>\n<li>Premer v predelu re\u017ee z re\u017eo<\/li>\n<li>4-polo\u017eajna vzdol\u017ena zaustavitev vozi\u010dka za samodejni izpust<\/li>\n<li>Vsi vodniki so nastavljivi prek V-polic<\/li>\n<li>CAMLOCK D1-6, DIN 55029 standard<\/li>\n<li>Mo\u017enost izravnave repa za zatiranje konusov<\/li>\n<li>Kaljeni in ozemljeni zobniki ter vretena z oljno kopeljo za trajno mazanje<\/li>\n<li>Velika vrtina vretena (\u00d8 80 mm)<\/li>\n<li>Elektromagnetna no\u017ena zavora za najve\u010djo varnost in zmanj\u0161anje neproduktivnega \u010dasa<\/li>\n<li>\u0160irok izbor metri\u010dnih in cesarskih navojev<\/li>\n<li>Vklju\u010dena standardna halogenska \u017earnica in hladilno sredstvo<\/li>\n<\/ul>\n<p><strong>Vklju\u010deno v dobavo:<\/strong> 3-osni DRO, hladilni sistem, halogenska svetilka, 3-\u010deljustna vpenjalna glava \u00d8 250 mm, 4-\u010deljustna vpenjalna glava \u00d8 250 mm, obrazna plo\u0161\u010da 350 mm, redukcijski rokav, navojni navoji, menjalnik prestav, sledilni mehanizem, enakomeren po\u010ditek, 4-smerno orodje, 2 mrtvi sredi\u0161\u010di, \u0161\u010ditnik pred brizganjem.<\/p>\n","protected":false},"featured_media":4766,"template":"","meta":[],"product_brand":[],"product_cat":[1043,1059],"product_tag":[],"class_list":{"0":"post-4765","1":"product","2":"type-product","3":"status-publish","4":"has-post-thumbnail","6":"product_cat-stroji-za-kovine","7":"product_cat-struznice-za-kovino","9":"first","10":"instock","11":"shipping-taxable","12":"purchasable","13":"product-type-simple"},"_links":{"self":[{"href":"https:\/\/www.depoles.com\/hr\/wp-json\/wp\/v2\/product\/4765","targetHints":{"allow":["GET"]}}],"collection":[{"href":"https:\/\/www.depoles.com\/hr\/wp-json\/wp\/v2\/product"}],"about":[{"href":"https:\/\/www.depoles.com\/hr\/wp-json\/wp\/v2\/types\/product"}],"wp:featuredmedia":[{"embeddable":true,"href":"https:\/\/www.depoles.com\/hr\/wp-json\/wp\/v2\/media\/4766"}],"wp:attachment":[{"href":"https:\/\/www.depoles.com\/hr\/wp-json\/wp\/v2\/media?parent=4765"}],"wp:term":[{"taxonomy":"product_brand","embeddable":true,"href":"https:\/\/www.depoles.com\/hr\/wp-json\/wp\/v2\/product_brand?post=4765"},{"taxonomy":"product_cat","embeddable":true,"href":"https:\/\/www.depoles.com\/hr\/wp-json\/wp\/v2\/product_cat?post=4765"},{"taxonomy":"product_tag","embeddable":true,"href":"https:\/\/www.depoles.com\/hr\/wp-json\/wp\/v2\/product_tag?post=4765"}],"curies":[{"name":"wp","href":"https:\/\/api.w.org\/{rel}","templated":true}]}}