{"id":4771,"date":"2019-11-22T12:46:58","date_gmt":"2019-11-22T11:46:58","guid":{"rendered":"https:\/\/nova.depoles.com\/trgovina\/struznica-za-kovino-holzmann-ed-1000-fb_400v\/"},"modified":"2025-12-17T16:37:28","modified_gmt":"2025-12-17T15:37:28","slug":"struznica-za-kovino-holzmann-ed-1000-fb_400v","status":"publish","type":"product","link":"https:\/\/www.depoles.com\/hr\/trgovina\/struznica-za-kovino-holzmann-ed-1000-fb_400v\/","title":{"rendered":"TOKARICA ZA METAL HOLZMANN ED 1000 FB_400V"},"content":{"rendered":"<p><strong>Specifikacije izdelka<\/strong><\/p>\n<ul>\n<li><strong>Motor:<\/strong>\n<ul>\n<li>Mo\u010d motorja S1: 1,5 kW<\/li>\n<li>Napetost: 400V \/ 3 \/ 50Hz<\/li>\n<\/ul>\n<\/li>\n<li><strong>Stru\u017enica:<\/strong>\n<ul>\n<li>Razdalja med vretenoma: 1000 mm<\/li>\n<li>Vi\u0161ina sredi\u0161\u010da: 165 mm<\/li>\n<li>Maksimalni premer preko le\u017ei\u0161\u010da: 330 mm<\/li>\n<li>Maksimalni premer preko pre\u010dnega vozi\u010dka: 198 mm<\/li>\n<li>Maksimalni premer v odprtini: 450 mm<\/li>\n<li>Hitrost vrtenja vretena: 70-2000 min\u207b\u00b9<\/li>\n<li>Premer odprtine vretena: 40 mm<\/li>\n<li>Priklju\u010dek vretena: MK\/MT5<\/li>\n<li>Konus repne opore: MK\/MT3<\/li>\n<li>Dol\u017einski pomik: 0,053-1,29 mm<\/li>\n<li>Pre\u010dni pomik: 0,013-0,31 mm<\/li>\n<li>Pot gibanja vozi\u010dka: 760 mm<\/li>\n<li>Pot gibanja pre\u010dnega vozi\u010dka: 130 mm<\/li>\n<li>Pot gibanja po\u0161evnega vozi\u010dka: 75 mm<\/li>\n<li>Pot gibanja tulca repne opore: 100 mm<\/li>\n<li>Obseg metri\u010dnih navojev: 0,4-7 mm\/obr.<\/li>\n<li>Obseg pal\u010dnih navojev: 4-60 TPI<\/li>\n<li>Maksimalni presek dr\u017eala orodja: 14&#215;14 mm<\/li>\n<\/ul>\n<\/li>\n<li><strong>Te\u017ea:<\/strong>\n<ul>\n<li>Bruto te\u017ea: 635 kg<\/li>\n<li>Netto te\u017ea: 600 kg<\/li>\n<\/ul>\n<\/li>\n<li><strong>Embal\u017ea:<\/strong>\n<ul>\n<li>\u0160irina embala\u017ee: 740 mm<\/li>\n<li>Vi\u0161ina embala\u017ee: 1.565 mm<\/li>\n<li>Dol\u017eina embala\u017ee: 1.860 mm<\/li>\n<\/ul>\n<\/li>\n<li><strong>Splo\u0161ni podatki:<\/strong>\n<ul>\n<li>EAN koda: 9120058373268<\/li>\n<\/ul>\n<\/li>\n<\/ul>\n","protected":false},"excerpt":{"rendered":"<h3>Poudarki izdelka<\/h3>\n<p>Stru\u017enica z najsodobnej\u0161imi vodilnimi vijaki in vrtljivim stru\u017enim delom je idealna za izdelavo orodij, razli\u010dne proizvodnje ali izobra\u017eevalne ustanove. Ponuja vrhunsko varnost in natan\u010dnost ter \u0161tevilne uporabne funkcije:<\/p>\n<ul>\n<li>Elektromagnetna no\u017ena zavora za najve\u010djo varnost pri delu<\/li>\n<li>Indukcijsko kaljeni in natan\u010dni talni prizmati\u010dni vodniki<\/li>\n<li>Snemljiv most za obdelavo obdelovancev s premerom do \u00d8 476 mm<\/li>\n<li>Zobniki in vretena, utrjeni, zmleti in delujejo v oljni kopeli<\/li>\n<li>Nastavitev spremenljive hitrosti prek frekven\u010dnega pretvornika z digitalnim zaslonom hitrosti<\/li>\n<li>Vklju\u010dena hladilna naprava, svetilka in dr\u017ealo orodja za hitro menjavo<\/li>\n<\/ul>\n","protected":false},"featured_media":4772,"template":"","meta":[],"product_brand":[],"product_cat":[1043,1059],"product_tag":[],"class_list":{"0":"post-4771","1":"product","2":"type-product","3":"status-publish","4":"has-post-thumbnail","6":"product_cat-stroji-za-kovine","7":"product_cat-struznice-za-kovino","9":"first","10":"instock","11":"shipping-taxable","12":"purchasable","13":"product-type-simple"},"_links":{"self":[{"href":"https:\/\/www.depoles.com\/hr\/wp-json\/wp\/v2\/product\/4771","targetHints":{"allow":["GET"]}}],"collection":[{"href":"https:\/\/www.depoles.com\/hr\/wp-json\/wp\/v2\/product"}],"about":[{"href":"https:\/\/www.depoles.com\/hr\/wp-json\/wp\/v2\/types\/product"}],"wp:featuredmedia":[{"embeddable":true,"href":"https:\/\/www.depoles.com\/hr\/wp-json\/wp\/v2\/media\/4772"}],"wp:attachment":[{"href":"https:\/\/www.depoles.com\/hr\/wp-json\/wp\/v2\/media?parent=4771"}],"wp:term":[{"taxonomy":"product_brand","embeddable":true,"href":"https:\/\/www.depoles.com\/hr\/wp-json\/wp\/v2\/product_brand?post=4771"},{"taxonomy":"product_cat","embeddable":true,"href":"https:\/\/www.depoles.com\/hr\/wp-json\/wp\/v2\/product_cat?post=4771"},{"taxonomy":"product_tag","embeddable":true,"href":"https:\/\/www.depoles.com\/hr\/wp-json\/wp\/v2\/product_tag?post=4771"}],"curies":[{"name":"wp","href":"https:\/\/api.w.org\/{rel}","templated":true}]}}