{"id":4776,"date":"2019-10-18T21:30:14","date_gmt":"2019-10-18T19:30:14","guid":{"rendered":"https:\/\/nova.depoles.com\/trgovina\/mini-potopna-zaga-tas89m_230v\/"},"modified":"2026-02-12T13:55:49","modified_gmt":"2026-02-12T12:55:49","slug":"mini-potopna-zaga-tas89m_230v","status":"publish","type":"product","link":"https:\/\/www.depoles.com\/hr\/trgovina\/mini-potopna-zaga-tas89m_230v\/","title":{"rendered":"Mini uranjaju\u0107a pila TAS89M_230V"},"content":{"rendered":"<p><strong>Specifikacija izdelka<\/strong><\/p>\n<table>\n<tbody>\n<tr>\n<th colspan=\"2\">Podatki o motorju<\/th>\n<\/tr>\n<tr>\n<td>Mo\u010d motorja S1 (W)<\/td>\n<td>600<\/td>\n<\/tr>\n<tr>\n<td>Hitrost (min<sup>-1<\/sup>)<\/td>\n<td>5500<\/td>\n<\/tr>\n<tr>\n<td>Napetost<\/td>\n<td>230V \/ 50 Hz<\/td>\n<\/tr>\n<tr>\n<th colspan=\"2\">Rezanje<\/th>\n<\/tr>\n<tr>\n<td>Maksimalna globina reza pri 90\u00b0 (mm)<\/td>\n<td>28,5<\/td>\n<\/tr>\n<tr>\n<th colspan=\"2\">Kro\u017ene \u017eage<\/th>\n<\/tr>\n<tr>\n<td>Premer \u017eaginega lista (mm)<\/td>\n<td>89 \/ 10<\/td>\n<\/tr>\n<tr>\n<th colspan=\"2\">Te\u017ea<\/th>\n<\/tr>\n<tr>\n<td>Bruto te\u017ea (kg)<\/td>\n<td>6,70<\/td>\n<\/tr>\n<tr>\n<td>Netto te\u017ea (kg)<\/td>\n<td>6,50<\/td>\n<\/tr>\n<tr>\n<th colspan=\"2\">Pakiranje<\/th>\n<\/tr>\n<tr>\n<td>Vi\u0161ina pakiranja (mm)<\/td>\n<td>245<\/td>\n<\/tr>\n<tr>\n<td>\u0160irina pakiranja (mm)<\/td>\n<td>205<\/td>\n<\/tr>\n<tr>\n<td>Dol\u017eina pakiranja (mm)<\/td>\n<td>535<\/td>\n<\/tr>\n<tr>\n<th colspan=\"2\">Splo\u0161ni podatki<\/th>\n<\/tr>\n<tr>\n<td>EAN koda<\/td>\n<td>9120058372179<\/td>\n<\/tr>\n<\/tbody>\n<\/table>\n","protected":false},"excerpt":{"rendered":"<h3>Poudarki<\/h3>\n<ul>\n<li>Re\u017ee les, laminat, keramiko, plo\u0161\u010dice, plastiko, aluminij in \u0161e ve\u010d<\/li>\n<li>Spro\u017eilno stikalo na dnu za optimalno upravljanje in oprijem<\/li>\n<li>Prilagoditev globine reza s hitrim spro\u0161\u010danjem<\/li>\n<li>Visoka natan\u010dnost rezanja z laserskim vodenjem<\/li>\n<li>U\u010dinkovito odsesavanje prahu<\/li>\n<li>Vodnik za enoro\u010dno uporabo<\/li>\n<\/ul>\n<p><strong>Vklju\u010deno v dobavo:<\/strong> podstavek za mitre, gosenice, za\u0161\u010ditno ohi\u0161je, 3 \u017eage (1x diamantna, 1x TCT, 1x HSS) in podalj\u0161ek vodila za odstranjevanje prahu.<\/p>\n","protected":false},"featured_media":4777,"template":"","meta":[],"product_brand":[],"product_cat":[1034,1012],"product_tag":[],"class_list":{"0":"post-4776","1":"product","2":"type-product","3":"status-publish","4":"has-post-thumbnail","6":"product_cat-rocno-orodje","7":"product_cat-stroji-za-les","9":"first","10":"instock","11":"shipping-taxable","12":"purchasable","13":"product-type-simple"},"_links":{"self":[{"href":"https:\/\/www.depoles.com\/hr\/wp-json\/wp\/v2\/product\/4776","targetHints":{"allow":["GET"]}}],"collection":[{"href":"https:\/\/www.depoles.com\/hr\/wp-json\/wp\/v2\/product"}],"about":[{"href":"https:\/\/www.depoles.com\/hr\/wp-json\/wp\/v2\/types\/product"}],"wp:featuredmedia":[{"embeddable":true,"href":"https:\/\/www.depoles.com\/hr\/wp-json\/wp\/v2\/media\/4777"}],"wp:attachment":[{"href":"https:\/\/www.depoles.com\/hr\/wp-json\/wp\/v2\/media?parent=4776"}],"wp:term":[{"taxonomy":"product_brand","embeddable":true,"href":"https:\/\/www.depoles.com\/hr\/wp-json\/wp\/v2\/product_brand?post=4776"},{"taxonomy":"product_cat","embeddable":true,"href":"https:\/\/www.depoles.com\/hr\/wp-json\/wp\/v2\/product_cat?post=4776"},{"taxonomy":"product_tag","embeddable":true,"href":"https:\/\/www.depoles.com\/hr\/wp-json\/wp\/v2\/product_tag?post=4776"}],"curies":[{"name":"wp","href":"https:\/\/api.w.org\/{rel}","templated":true}]}}