{"id":4789,"date":"2019-10-18T21:29:59","date_gmt":"2019-10-18T19:29:59","guid":{"rendered":"https:\/\/nova.depoles.com\/trgovina\/kakovost-multiitool-set-mfw228\/"},"modified":"2025-12-17T23:54:11","modified_gmt":"2025-12-17T22:54:11","slug":"kakovost-multiitool-set-mfw228","status":"publish","type":"product","link":"https:\/\/www.depoles.com\/hr\/trgovina\/kakovost-multiitool-set-mfw228\/","title":{"rendered":"Kvaliteta - multiitool-set MFW228"},"content":{"rendered":"<p><strong>Tehni\u010dni podatki:<\/strong><\/p>\n<ul>\n<li><strong>Dimenzije (mm):<\/strong> 430 x 360 x 91<\/li>\n<li><strong>Razli\u010dni brusilci:<\/strong>\n<ul>\n<li>Veliki brusilec: 160\/230<\/li>\n<li>Mali brusilec: 230<\/li>\n<\/ul>\n<\/li>\n<li><strong>Te\u017ea:<\/strong>\n<ul>\n<li>Bruto te\u017ea: 4 kg<\/li>\n<li>Neto te\u017ea: 3,50 kg<\/li>\n<\/ul>\n<\/li>\n<li><strong>Embala\u017ea (mm):<\/strong>\n<ul>\n<li>Dol\u017eina: 390<\/li>\n<li>\u0160irina: 354<\/li>\n<li>Vi\u0161ina: 498<\/li>\n<\/ul>\n<\/li>\n<li><strong>Splo\u0161ni podatki:<\/strong>\n<ul>\n<li>EAN koda: 9120058371936<\/li>\n<\/ul>\n<\/li>\n<\/ul>\n","protected":false},"excerpt":{"rendered":"<h3> Poudarki <\/h3>\n<ul>\n<li> 1x Elektroschleifer mit digitaler Drehzahlregelung \/ digitalni c elektri\u010dni mlin\u010dek <\/li>\n<li> 1x Elektroschleifer mit Ladestecker \/ majhen elektri\u010dni mlin\u010dek + adapter <\/li>\n<li> 1x gibljiva Welle \/ fleksibilna gred (1050 mm) <\/li>\n<li> 1x Halterung in Verl\u00e4ngerung \/ podporna in podalj\u0161ka <\/li>\n<li> 1x Pinsel \/ \u010dopi\u010d z lesenim ro\u010dajem <\/li>\n<li> 14x Schleifband \/ brusni trak (6,35&#215;12,7mm) <\/li>\n<li> 14x Schleifband \/ brusni trak (12,7&#215;12,7mm) <\/li>\n<li> 1x Polierscheibe \/ platno kolo (25,4&#215;3,2 mm) <\/li>\n<li> 1x kolo Filzscheibe \/ klobu\u010devina (25,4x6mm) <\/li>\n<li> 1x kolo Filzscheibe \/ filc (12,7&#215;9,5mm) <\/li>\n<li> 1x to\u010dka kolesa Filzpolierspitze \/ filc (9,5&#215;19 mm) <\/li>\n<li> 1x Gummischeibe \/ gumijasto smrkavo kolo (22,2x4mm) <\/li>\n<li> 2x HSS-Bohrer \/ polirani visoki vrtalni stroji (3,2 mm) <\/li>\n<li> 2x HSS-Bohrer \/ polirani visoki vrtalni stroji (2,4 mm) <\/li>\n<li> 3x HSS-Bohrer \/ polirani visoki vrtalni stroji (1,6 mm) <\/li>\n<li> 1x Schleifschaft \/ brusilni drog (12,7&#215;12,7mm) <\/li>\n<li> 1x Schleifschaft \/ brusilni drog (6,35&#215;12,7mm) <\/li>\n<li> 1x Diamantschleifer (Zylinder) \/ diamantni rezalnik cilindri\u010dno (4,8&#215;9,5mm) <\/li>\n<li> 1x Diamantschleifer (Zylinder) \/ diamantni rezalnik valjastega (2,3&#215;9,5mm) <\/li>\n<li> 1x Diamantschleifer (Kugel) \/ diamantni rezalnik sferi\u010den (4,1 mm) <\/li>\n<li> 1x Diamantschleifer (Kugel)) \/ diamantni rezalnik sferi\u010den (2 mm) <\/li>\n<li> 1x Diamantschleifer (Spitze) \/ diamantni rezalnik (3,2 mm) <\/li>\n<li> 1x Diamantschleifer (Kegel) \/ diamantni rezalnik v obliki kapljice <\/li>\n<li> 1x rezalnik HSS-Schleifer (Zylinder) \/ hss valjast <\/li>\n<li> 1x HSS-Schleifer (Kugel) \/ hss rezalnik sferi\u010den <\/li>\n<li> 1x HSS-Schleifer (Spitze) \/ hss koni\u010dni rezalnik <\/li>\n<li> 2x brusilno kolo iz aluminija-Schleifer \/ aluminijevega oksida (15,8&#215;9,6 mm) <\/li>\n<li> 2x brusilno kolo iz aluminija-Schleifer \/ aluminijevega oksida (9,5&#215;12,7 mm) <\/li>\n<li> 2x paraboli\u010dno kolo iz aluminija-Schleiferja (Kegel) \/ aluminij-oksid (9,5&#215;20 mm) <\/li>\n<li> 6x brusilno kolo iz aluminija-Schleiferja (Scheibe) \/ aluminijevega oksida (20&#215;3,6 mm) <\/li>\n<li> 1x brusilno kolo Silikon-Schleifer \/ silicijev karbid (20x4mm) <\/li>\n<li> 1x brusilno kolo Silikon-Schleifer \/ silicijev karbid (10,3x4mm) <\/li>\n<li> 6x brusilno kolo Silikon-Schleifer (Scheibe) \/ silicijev karbid (20&#215;3,6mm) <\/li>\n<li> 1x aksijalna krta\u010da Kunststoffb\u00fcrste (osna) \/ PP (5x43mm) <\/li>\n<li> 1x aksijalna krta\u010da Kunststoffb\u00fcrste (osna) \/ PP (12,7x43mm) <\/li>\n<li> 1x aksijalna krta\u010da Kunststoffb\u00fcrste (aksialna) \/ PP (21x43mm) <\/li>\n<li> 1x Drahtb\u00fcrste (osna) \/ aksialna krta\u010da iz jeklene \u017eice (5x43mm) <\/li>\n<li> 1x osi Drahtb\u00fcrste (osna) \/ jeklena \u017eica (12,7x43mm) <\/li>\n<li> 1x Drahtb\u00fcrste (osna) \/ aksialna krta\u010da iz jeklene \u017eice (21x43mm) <\/li>\n<li> 1x Messingb\u00fcrste (aksialno) \/ medenina krta\u010da aksialna (5x43mm) <\/li>\n<li> 1x Messingb\u00fcrste (osna) \/ medenina aksialna krta\u010da (12,7x43mm) <\/li>\n<li> 1x Messingb\u00fcrste (osna) \/ medenina aksialna krta\u010da (21x43mm) <\/li>\n<li> 1x spojina Lackpolierer \/ lak <\/li>\n<li> 30x Trennscheibe (kurac) \/ odrezano kolo z veliko te\u017eo (24&#215;0,8 mm) <\/li>\n<li> 46x Trennscheibe (d\u00fcnn) \/ odrezano kolo redno (24&#215;0,4mm) <\/li>\n<li> 44x Schleifscheibe \/ brusni disk (20,5 mm) <\/li>\n<li> 1x Diamantscheibe \/ diamantni disk (22 mm) <\/li>\n<li> 2x Spannh\u00fclse \/ colt kromiran (3,2 mm) <\/li>\n<li> 1x kromirana spannh\u00fclse \/ colt (2,4 mm) <\/li>\n<li> 1x Spannh\u00fclse \/ colt kromiran (1,6 mm) <\/li>\n<li> 2x Trennscheibenaufnahme \/ trn za odrezano kolo (1,6 mm Schraube) <\/li>\n<li> 1x Trennscheibenaufnahme \/ vreteno za platno kolo (2,4 mm Schraube) <\/li>\n<li> 1x Schleifscheibenaufnahme \/ vreteno za filc <\/li>\n<li> 5x Glasfasertrennscheibe \/ odrezano steklo iz kolesnih vlaken (32&#215;1,2 mm) <\/li>\n<li> 1x F\u00e4cherscheibe \/ loputasto kolo (32&#215;9,5mm) <\/li>\n<li> 1x Schleifstein \/ prekrivni kamen SI-karbid (25,4&#215;9,5mm) <\/li>\n<li> 1x Schraubenschl\u00fcssel \/ klju\u010d (9,5 mm) <\/li>\n<\/ul>\n","protected":false},"featured_media":4790,"template":"","meta":[],"product_brand":[],"product_cat":[1034,1012],"product_tag":[],"class_list":{"0":"post-4789","1":"product","2":"type-product","3":"status-publish","4":"has-post-thumbnail","6":"product_cat-rocno-orodje","7":"product_cat-stroji-za-les","9":"first","10":"instock","11":"shipping-taxable","12":"purchasable","13":"product-type-simple"},"_links":{"self":[{"href":"https:\/\/www.depoles.com\/hr\/wp-json\/wp\/v2\/product\/4789","targetHints":{"allow":["GET"]}}],"collection":[{"href":"https:\/\/www.depoles.com\/hr\/wp-json\/wp\/v2\/product"}],"about":[{"href":"https:\/\/www.depoles.com\/hr\/wp-json\/wp\/v2\/types\/product"}],"wp:featuredmedia":[{"embeddable":true,"href":"https:\/\/www.depoles.com\/hr\/wp-json\/wp\/v2\/media\/4790"}],"wp:attachment":[{"href":"https:\/\/www.depoles.com\/hr\/wp-json\/wp\/v2\/media?parent=4789"}],"wp:term":[{"taxonomy":"product_brand","embeddable":true,"href":"https:\/\/www.depoles.com\/hr\/wp-json\/wp\/v2\/product_brand?post=4789"},{"taxonomy":"product_cat","embeddable":true,"href":"https:\/\/www.depoles.com\/hr\/wp-json\/wp\/v2\/product_cat?post=4789"},{"taxonomy":"product_tag","embeddable":true,"href":"https:\/\/www.depoles.com\/hr\/wp-json\/wp\/v2\/product_tag?post=4789"}],"curies":[{"name":"wp","href":"https:\/\/api.w.org\/{rel}","templated":true}]}}