{"id":4792,"date":"2019-10-18T21:29:57","date_gmt":"2019-10-18T19:29:57","guid":{"rendered":"https:\/\/nova.depoles.com\/trgovina\/brusilka-vibra-excenter-ezs150-pro-holzmann\/"},"modified":"2026-02-12T13:43:33","modified_gmt":"2026-02-12T12:43:33","slug":"brusilka-vibra-excenter-ezs150-pro-holzmann","status":"publish","type":"product","link":"https:\/\/www.depoles.com\/hr\/trgovina\/brusilka-vibra-excenter-ezs150-pro-holzmann\/","title":{"rendered":"BRUSILICA VIBRA EKSCENTAR EZS150 PRO HOLZMANN"},"content":{"rendered":"<p><strong>Tehni\u010dni podatki<\/strong><\/p>\n<ul>\n<li><strong>Podatki o motorju:<\/strong>\n<ul>\n<li>Mo\u010d motorja S1: 710 W<\/li>\n<li>Razred za\u0161\u010dite: II<\/li>\n<li>Napetost: 230 V \/ 50 Hz<\/li>\n<\/ul>\n<\/li>\n<li><strong>Mere:<\/strong>\n<ul>\n<li>Skupne dimenzije (\u0160 x V x G): 720 x 290 x 265 mm<\/li>\n<\/ul>\n<\/li>\n<li><strong>Bru\u0161enje:<\/strong>\n<ul>\n<li>Ekscentri\u010dnost: 4 mm<\/li>\n<li>Hitrost brusnega diska: 350 &#8211; 700 min\u207b\u00b9<\/li>\n<li>Premer brusnega diska: 150 mm<\/li>\n<li>Hitrost ekscentri\u010dnega vrtenja: 3000 &#8211; 6600 min\u207b\u00b9<\/li>\n<\/ul>\n<\/li>\n<li><strong>Te\u017ea:<\/strong>\n<ul>\n<li>Netto te\u017ea: 3 kg<\/li>\n<li>Bruto te\u017ea: 4 kg<\/li>\n<\/ul>\n<\/li>\n<li><strong>Embala\u017ea:<\/strong>\n<ul>\n<li>Vi\u0161ina embala\u017ee: 410 mm<\/li>\n<li>\u0160irina embala\u017ee: 480 mm<\/li>\n<li>Dol\u017eina embala\u017ee: 485 mm<\/li>\n<\/ul>\n<\/li>\n<li><strong>Splo\u0161ni podatki:<\/strong>\n<ul>\n<li>EAN koda: 9120058372261<\/li>\n<\/ul>\n<\/li>\n<\/ul>\n","protected":false},"excerpt":{"rendered":"<h6>z funkcijo klasi\u010dnega in exscentri\u010dnega\/rotex bru\u0161enja<\/h6>\n<ul>\n<li>za bru\u0161enje in poliranje lesa, masivae , laka, parketa, kon\u010dni finish izdelkov, kerroc, kamna, kovine,ostale povr\u0161ine&#8230;.<\/li>\n<li>dva na\u010dina delovanja: grobo bru\u0161enje , fino bru\u0161enje \/ rotex sistem in poliranje<\/li>\n<li>hitrost vrtenja nastavljiva elektronsko<\/li>\n<li>mehak zagon in mehak gumijast oprijem<\/li>\n<li>priklju\u010dek za odsesavanje &#8211; premer 30 mm<\/li>\n<li>excenter pomik 4 mm, 3300-6600 min<\/li>\n<li>bru\u0161enje 350-700 min<\/li>\n<\/ul>\n<p><strong>vklju\u010deno v dostavo:<\/strong> transportni kov\u010dek, brusni papir, polirna goba, polirni pokrov<\/p>\n<p>VIDEO EZS 150 PROFI EXCENTER BRUSILKA:<\/p>\n<p>https:\/\/www.youtube.com\/watch?v=9sbETEkSr7o<\/p>\n<p>&nbsp;<\/p>\n<p>&nbsp;<\/p>\n","protected":false},"featured_media":4793,"template":"","meta":[],"product_brand":[],"product_cat":[1023,1012],"product_tag":[235,314,346,441,685,871],"class_list":{"0":"post-4792","1":"product","2":"type-product","3":"status-publish","4":"has-post-thumbnail","6":"product_cat-brusilke","7":"product_cat-stroji-za-les","8":"product_tag-brusilka","9":"product_tag-depoles","10":"product_tag-ekscenter","11":"product_tag-holzmann","12":"product_tag-pro","13":"product_tag-vibra","15":"first","16":"instock","17":"shipping-taxable","18":"purchasable","19":"product-type-simple"},"_links":{"self":[{"href":"https:\/\/www.depoles.com\/hr\/wp-json\/wp\/v2\/product\/4792","targetHints":{"allow":["GET"]}}],"collection":[{"href":"https:\/\/www.depoles.com\/hr\/wp-json\/wp\/v2\/product"}],"about":[{"href":"https:\/\/www.depoles.com\/hr\/wp-json\/wp\/v2\/types\/product"}],"wp:featuredmedia":[{"embeddable":true,"href":"https:\/\/www.depoles.com\/hr\/wp-json\/wp\/v2\/media\/4793"}],"wp:attachment":[{"href":"https:\/\/www.depoles.com\/hr\/wp-json\/wp\/v2\/media?parent=4792"}],"wp:term":[{"taxonomy":"product_brand","embeddable":true,"href":"https:\/\/www.depoles.com\/hr\/wp-json\/wp\/v2\/product_brand?post=4792"},{"taxonomy":"product_cat","embeddable":true,"href":"https:\/\/www.depoles.com\/hr\/wp-json\/wp\/v2\/product_cat?post=4792"},{"taxonomy":"product_tag","embeddable":true,"href":"https:\/\/www.depoles.com\/hr\/wp-json\/wp\/v2\/product_tag?post=4792"}],"curies":[{"name":"wp","href":"https:\/\/api.w.org\/{rel}","templated":true}]}}