{"id":4807,"date":"2019-10-18T21:29:50","date_gmt":"2019-10-18T19:29:50","guid":{"rendered":"https:\/\/nova.depoles.com\/trgovina\/vrtalnik-horizontalni-holzmann-lbm290_400v\/"},"modified":"2026-02-12T13:51:44","modified_gmt":"2026-02-12T12:51:44","slug":"vrtalnik-horizontalni-holzmann-lbm290_400v","status":"publish","type":"product","link":"https:\/\/www.depoles.com\/hr\/trgovina\/vrtalnik-horizontalni-holzmann-lbm290_400v\/","title":{"rendered":"HORIZONTALNA BU\u0160ILICA HOLZMANN LBM290_400V"},"content":{"rendered":"<p><strong>Tehni\u010dni podatki<\/strong><\/p>\n<ul>\n<li><strong>Motor<\/strong>\n<ul>\n<li>Moc motorja S1: 2200 W<\/li>\n<li>Moc motorja S6: 3100 W<\/li>\n<li>Napetost: 400 V<\/li>\n<\/ul>\n<\/li>\n<li><strong>Dimenzije<\/strong>\n<ul>\n<li>Velikost mize: 500 x 210 mm<\/li>\n<li>Hod mize: 140 mm<\/li>\n<\/ul>\n<\/li>\n<li><strong>Vrtanje lesa<\/strong>\n<ul>\n<li>Razdalje to\u010dk: 16 \/ 22 \/ 25 \/ 32 mm<\/li>\n<li>Maksimalna \u0161irina vrtanja: 290 mm<\/li>\n<li>Maksimalna globina vrtanja: 140 mm<\/li>\n<\/ul>\n<\/li>\n<li><strong>Te\u017ea<\/strong>\n<ul>\n<li>Bruto te\u017ea: 117 kg<\/li>\n<li>Netto te\u017ea: 97 kg<\/li>\n<\/ul>\n<\/li>\n<li><strong>Pakiranje<\/strong>\n<ul>\n<li>Dol\u017eina pakiranja: 1060 mm<\/li>\n<li>\u0160irina pakiranja: 550 mm<\/li>\n<li>Vi\u0161ina pakiranja: 550 mm<\/li>\n<\/ul>\n<\/li>\n<li><strong>Splo\u0161ni podatki<\/strong>\n<ul>\n<li>EAN koda: 9120039903958<\/li>\n<\/ul>\n<\/li>\n<\/ul>\n","protected":false},"excerpt":{"rendered":"<h3>Poudarki<\/h3>\n<ul>\n<li>Natan\u010den in enostaven premik mize, ki ga upravlja ve\u010dposteljna ro\u010dica.<\/li>\n<li>Priro\u010dna in gladko nastavljiva vi\u0161ina mize z vodenjem repnega gonila.<\/li>\n<li>Dva posami\u010dna vi\u0161inska mesta.<\/li>\n<li>Fino nastavljiv z ro\u010dnim kolesom.<\/li>\n<li>100 mm vti\u010d za zbiranje prahu.<\/li>\n<li>Strojna osnovna omara za orodje.<\/li>\n<li>Pin-vrtalna naprava s \u0161tirimi razli\u010dnimi dolo\u010denimi polo\u017eaji.<\/li>\n<li>Z levo-desnim tekom in mitro ograjo.<\/li>\n<\/ul>\n<p><strong>Vklju\u010deno v dobavo:<\/strong> Wescott vrtalna vpenjalna glava 16 mm, dr\u017ealo navzdol, napenjalna kapuca, vrtalna naprava.<\/p>\n","protected":false},"featured_media":4808,"template":"","meta":[],"product_brand":[],"product_cat":[1017,1012,1039],"product_tag":[],"class_list":{"0":"post-4807","1":"product","2":"type-product","3":"status-publish","4":"has-post-thumbnail","6":"product_cat-horizontalni-vrtalnik","7":"product_cat-stroji-za-les","8":"product_cat-vrtalniki","10":"first","11":"instock","12":"shipping-taxable","13":"purchasable","14":"product-type-simple"},"_links":{"self":[{"href":"https:\/\/www.depoles.com\/hr\/wp-json\/wp\/v2\/product\/4807","targetHints":{"allow":["GET"]}}],"collection":[{"href":"https:\/\/www.depoles.com\/hr\/wp-json\/wp\/v2\/product"}],"about":[{"href":"https:\/\/www.depoles.com\/hr\/wp-json\/wp\/v2\/types\/product"}],"wp:featuredmedia":[{"embeddable":true,"href":"https:\/\/www.depoles.com\/hr\/wp-json\/wp\/v2\/media\/4808"}],"wp:attachment":[{"href":"https:\/\/www.depoles.com\/hr\/wp-json\/wp\/v2\/media?parent=4807"}],"wp:term":[{"taxonomy":"product_brand","embeddable":true,"href":"https:\/\/www.depoles.com\/hr\/wp-json\/wp\/v2\/product_brand?post=4807"},{"taxonomy":"product_cat","embeddable":true,"href":"https:\/\/www.depoles.com\/hr\/wp-json\/wp\/v2\/product_cat?post=4807"},{"taxonomy":"product_tag","embeddable":true,"href":"https:\/\/www.depoles.com\/hr\/wp-json\/wp\/v2\/product_tag?post=4807"}],"curies":[{"name":"wp","href":"https:\/\/api.w.org\/{rel}","templated":true}]}}