{"id":4811,"date":"2019-10-18T21:29:49","date_gmt":"2019-10-18T19:29:49","guid":{"rendered":"https:\/\/nova.depoles.com\/trgovina\/vrtalnik-horizontalni-holznann-lbm290_230v\/"},"modified":"2025-12-17T16:39:37","modified_gmt":"2025-12-17T15:39:37","slug":"vrtalnik-horizontalni-holznann-lbm290_230v","status":"publish","type":"product","link":"https:\/\/www.depoles.com\/hr\/trgovina\/vrtalnik-horizontalni-holznann-lbm290_230v\/","title":{"rendered":"HORIZONTALNA BU\u0160ILICA HOLZMANN LBM290_230V"},"content":{"rendered":"<p><strong>Tehni\u010dni podatki<\/strong><\/p>\n<ul>\n<li><strong>Motor:<\/strong>\n<ul>\n<li>Mo\u010d motorja S1: 2200 W<\/li>\n<li>Mo\u010d motorja S6: 3100 W<\/li>\n<li>Napetost: 230 V<\/li>\n<\/ul>\n<\/li>\n<li><strong>Dimenzije:<\/strong>\n<ul>\n<li>Velikost mize: 500 x 210 mm<\/li>\n<li>Hod mize: 140 mm<\/li>\n<\/ul>\n<\/li>\n<li><strong>Svedra za les:<\/strong>\n<ul>\n<li>Razdalje med svedri: 16 \/ 22 \/ 25 \/ 32 mm<\/li>\n<li>Maksimalna \u0161irina vrtanja: 290 mm<\/li>\n<li>Maksimalna globina vrtanja: 140 mm<\/li>\n<\/ul>\n<\/li>\n<li><strong>Te\u017ea:<\/strong>\n<ul>\n<li>Bruto te\u017ea: 117 kg<\/li>\n<li>Netto te\u017ea: 97 kg<\/li>\n<\/ul>\n<\/li>\n<li><strong>Embala\u017ea:<\/strong>\n<ul>\n<li>Dol\u017eina embala\u017ee: 1060 mm<\/li>\n<li>\u0160irina embala\u017ee: 550 mm<\/li>\n<li>Vi\u0161ina embala\u017ee: 550 mm<\/li>\n<\/ul>\n<\/li>\n<li><strong>Splo\u0161ni podatki:<\/strong>\n<ul>\n<li>EAN koda: 9120039903965<\/li>\n<\/ul>\n<\/li>\n<\/ul>\n","protected":false},"excerpt":{"rendered":"<h3>Poudarki<\/h3>\n<p>Ta miza omogo\u010da natan\u010den in enostaven premik z ve\u010dposteljnim ro\u010dajem ter priro\u010dno in gladko nastavljivo vi\u0161ino z vodenjem repnega gonila. Ima dve posami\u010dni vi\u0161inski mesti in je fino nastavljiva z ro\u010dnim kolesom. Opremljena je s 100 mm vti\u010dem za zbiranje prahu ter strojno osnovno omaro za orodje. Vklju\u010duje pin-vrtalno napravo s \u0161tirimi razli\u010dnimi dolo\u010denimi polo\u017eaji, omogo\u010da levo-desni tek in ima mitro ograjo.<\/p>\n<ul>\n<li>Natan\u010den in enostaven premik mize z ve\u010dposteljnim ro\u010dajem<\/li>\n<li>Priro\u010dna in gladko nastavljiva vi\u0161ina z vodenjem repnega gonila<\/li>\n<li>Dve posami\u010dni vi\u0161inski mesti<\/li>\n<li>Fino nastavljiva z ro\u010dnim kolesom<\/li>\n<li>100 mm vti\u010d za zbiranje prahu<\/li>\n<li>Strojna osnovna omara za orodje<\/li>\n<li>Pin-vrtalna naprava s \u0161tirimi dolo\u010denimi polo\u017eaji<\/li>\n<li>Levo-desni tek in mitra ograja<\/li>\n<\/ul>\n<p><strong>Vklju\u010deno v dobavo:<\/strong> Wescott vrtalna vpenjalna glava 16 mm, dr\u017ealo navzdol, napenjalna kapuca, vrtalna naprava.<\/p>\n","protected":false},"featured_media":4812,"template":"","meta":[],"product_brand":[],"product_cat":[1017,1012,1039],"product_tag":[],"class_list":{"0":"post-4811","1":"product","2":"type-product","3":"status-publish","4":"has-post-thumbnail","6":"product_cat-horizontalni-vrtalnik","7":"product_cat-stroji-za-les","8":"product_cat-vrtalniki","10":"first","11":"instock","12":"shipping-taxable","13":"purchasable","14":"product-type-simple"},"_links":{"self":[{"href":"https:\/\/www.depoles.com\/hr\/wp-json\/wp\/v2\/product\/4811","targetHints":{"allow":["GET"]}}],"collection":[{"href":"https:\/\/www.depoles.com\/hr\/wp-json\/wp\/v2\/product"}],"about":[{"href":"https:\/\/www.depoles.com\/hr\/wp-json\/wp\/v2\/types\/product"}],"wp:featuredmedia":[{"embeddable":true,"href":"https:\/\/www.depoles.com\/hr\/wp-json\/wp\/v2\/media\/4812"}],"wp:attachment":[{"href":"https:\/\/www.depoles.com\/hr\/wp-json\/wp\/v2\/media?parent=4811"}],"wp:term":[{"taxonomy":"product_brand","embeddable":true,"href":"https:\/\/www.depoles.com\/hr\/wp-json\/wp\/v2\/product_brand?post=4811"},{"taxonomy":"product_cat","embeddable":true,"href":"https:\/\/www.depoles.com\/hr\/wp-json\/wp\/v2\/product_cat?post=4811"},{"taxonomy":"product_tag","embeddable":true,"href":"https:\/\/www.depoles.com\/hr\/wp-json\/wp\/v2\/product_tag?post=4811"}],"curies":[{"name":"wp","href":"https:\/\/api.w.org\/{rel}","templated":true}]}}