{"id":4815,"date":"2019-10-18T21:29:47","date_gmt":"2019-10-18T19:29:47","guid":{"rendered":"https:\/\/nova.depoles.com\/trgovina\/hole-saw-set-19-76-mm-hss-lss17tlg\/"},"modified":"2026-02-12T13:52:09","modified_gmt":"2026-02-12T12:52:09","slug":"hole-saw-set-19-76-mm-hss-lss17tlg","status":"publish","type":"product","link":"https:\/\/www.depoles.com\/hr\/trgovina\/hole-saw-set-19-76-mm-hss-lss17tlg\/","title":{"rendered":"Pile za rupe - krune - komplet 19-76 mm HSS LSS17TLG"},"content":{"rendered":"<p><strong>Tehni\u010dni podatki:<\/strong><\/p>\n<table>\n<tbody>\n<tr>\n<th colspan=\"2\">Te\u017ea<\/th>\n<\/tr>\n<tr>\n<td>Bruto te\u017ea (kg)<\/td>\n<td>4<\/td>\n<\/tr>\n<tr>\n<td>Netote\u017ea (kg)<\/td>\n<td>3,60<\/td>\n<\/tr>\n<tr>\n<th colspan=\"2\">Embala\u017ea<\/th>\n<\/tr>\n<tr>\n<td>\u0160irina embala\u017ee (mm)<\/td>\n<td>110<\/td>\n<\/tr>\n<tr>\n<td>Dol\u017eina embala\u017ee (mm)<\/td>\n<td>370<\/td>\n<\/tr>\n<tr>\n<td>Vi\u0161ina embala\u017ee (mm)<\/td>\n<td>70<\/td>\n<\/tr>\n<tr>\n<th colspan=\"2\">Splo\u0161ni podatki<\/th>\n<\/tr>\n<tr>\n<td>EAN koda<\/td>\n<td>9120058377730<\/td>\n<\/tr>\n<\/tbody>\n<\/table>\n","protected":false},"excerpt":{"rendered":"<h3>Poudarki izdelka<\/h3>\n<p>Komplet \u017eag za luknje vklju\u010duje razli\u010dne velikosti in dodatke za u\u010dinkovito delo.<\/p>\n<ul>\n<li>\u017dage za luknje HSS v velikostih: 19 mm, 20 mm, 22 mm, 25 mm, 29 mm, 32 mm, 35 mm, 38 mm, 44 mm, 51 mm, 57 mm, 64 mm in 76 mm<\/li>\n<li>Adapterja 3\/8&#8243; Hex in 7\/16&#8243; Hex<\/li>\n<li>Podalj\u0161ek<\/li>\n<li>Aluminijasta etuija za shranjevanje<\/li>\n<\/ul>\n","protected":false},"featured_media":4816,"template":"","meta":[],"product_brand":[],"product_cat":[1012,1039],"product_tag":[],"class_list":{"0":"post-4815","1":"product","2":"type-product","3":"status-publish","4":"has-post-thumbnail","6":"product_cat-stroji-za-les","7":"product_cat-vrtalniki","9":"first","10":"instock","11":"shipping-taxable","12":"purchasable","13":"product-type-simple"},"_links":{"self":[{"href":"https:\/\/www.depoles.com\/hr\/wp-json\/wp\/v2\/product\/4815","targetHints":{"allow":["GET"]}}],"collection":[{"href":"https:\/\/www.depoles.com\/hr\/wp-json\/wp\/v2\/product"}],"about":[{"href":"https:\/\/www.depoles.com\/hr\/wp-json\/wp\/v2\/types\/product"}],"wp:featuredmedia":[{"embeddable":true,"href":"https:\/\/www.depoles.com\/hr\/wp-json\/wp\/v2\/media\/4816"}],"wp:attachment":[{"href":"https:\/\/www.depoles.com\/hr\/wp-json\/wp\/v2\/media?parent=4815"}],"wp:term":[{"taxonomy":"product_brand","embeddable":true,"href":"https:\/\/www.depoles.com\/hr\/wp-json\/wp\/v2\/product_brand?post=4815"},{"taxonomy":"product_cat","embeddable":true,"href":"https:\/\/www.depoles.com\/hr\/wp-json\/wp\/v2\/product_cat?post=4815"},{"taxonomy":"product_tag","embeddable":true,"href":"https:\/\/www.depoles.com\/hr\/wp-json\/wp\/v2\/product_tag?post=4815"}],"curies":[{"name":"wp","href":"https:\/\/api.w.org\/{rel}","templated":true}]}}