{"id":4817,"date":"2019-10-18T21:29:46","date_gmt":"2019-10-18T19:29:46","guid":{"rendered":"https:\/\/nova.depoles.com\/trgovina\/vrtalnik-horizontalni-holzann-lbm250c_400v\/"},"modified":"2026-02-12T13:52:44","modified_gmt":"2026-02-12T12:52:44","slug":"vrtalnik-horizontalni-holzann-lbm250c_400v","status":"publish","type":"product","link":"https:\/\/www.depoles.com\/hr\/trgovina\/vrtalnik-horizontalni-holzann-lbm250c_400v\/","title":{"rendered":"HORIZONTALNA BU\u0160ILICA HOLZANN LBM250C_400V"},"content":{"rendered":"<p><strong>Tehni\u010dni podatki:<\/strong><\/p>\n<ul>\n<li><strong>Motor:<\/strong>\n<ul>\n<li>Mo\u010d motorja S1: 2200 W<\/li>\n<li>Mo\u010d motorja S6: 3100 W<\/li>\n<li>Napetost: 400 V<\/li>\n<\/ul>\n<\/li>\n<li><strong>Dimenzije:<\/strong>\n<ul>\n<li>Velikost mize: 600 x 320 mm<\/li>\n<li>Hod mize: 155 mm<\/li>\n<\/ul>\n<\/li>\n<li><strong>Vrtanje lesa:<\/strong>\n<ul>\n<li>Maksimalna \u0161irina vrtanja: 250 mm<\/li>\n<li>Razdalje med svedri: 16 \/ 22 \/ 25 \/ 32 mm<\/li>\n<li>Maksimalna globina vrtanja: 215 mm<\/li>\n<\/ul>\n<\/li>\n<li><strong>Te\u017ea:<\/strong>\n<ul>\n<li>Bruto te\u017ea: 240 kg<\/li>\n<li>Netto te\u017ea: 205 kg<\/li>\n<\/ul>\n<\/li>\n<li><strong>Pakiranje:<\/strong>\n<ul>\n<li>Dol\u017eina pakiranja: 1000 mm<\/li>\n<li>\u0160irina pakiranja: 740 mm<\/li>\n<li>Vi\u0161ina pakiranja: 1260 mm<\/li>\n<\/ul>\n<\/li>\n<li><strong>Splo\u0161ni podatki:<\/strong>\n<ul>\n<li>EAN koda: 9120039904139<\/li>\n<\/ul>\n<\/li>\n<\/ul>\n","protected":false},"excerpt":{"rendered":"<h3>Poudarki izdelka<\/h3>\n<ul>\n<li>Trden stroj iz sive litine, ki zagotavlja zelo natan\u010dno delo brez tveganja zvijanja<\/li>\n<li>Enostavno izvajanje po\u0161evnih lukenj in natan\u010dnega vrtanja<\/li>\n<li>Vrtalna glava se vrti v levo in desno<\/li>\n<li>Udobna uporaba z eno roko<\/li>\n<li>Obse\u017een razpon delovanja<\/li>\n<li>Pin-vrtalna naprava s \u0161tirimi dolo\u010denimi polo\u017eaji (16, 22, 25 in 32 mm)<\/li>\n<li>Nastavljivi kon\u010dni zaustavki za pre\u010dno in vzdol\u017eno delovanje<\/li>\n<li>Enostavna in udobna nastavitev vi\u0161ine preko ro\u010dnega kolesa<\/li>\n<li>Naprava za integrirano fazo<\/li>\n<li>Merilna miza je prilo\u017eena<\/li>\n<\/ul>\n<p><strong>V dobavi vklju\u010deno:<\/strong> ograja s palico, 2 ekscentri\u010dni sponi, Wescott vrtalni vijak (0-20 mm), za\u0161\u010dita motorja, izvle\u010dna miza in naprava za vrtanje pin.<\/p>\n","protected":false},"featured_media":742,"template":"","meta":[],"product_brand":[],"product_cat":[1017,1012,1039],"product_tag":[],"class_list":{"0":"post-4817","1":"product","2":"type-product","3":"status-publish","4":"has-post-thumbnail","6":"product_cat-horizontalni-vrtalnik","7":"product_cat-stroji-za-les","8":"product_cat-vrtalniki","10":"first","11":"instock","12":"shipping-taxable","13":"purchasable","14":"product-type-simple"},"_links":{"self":[{"href":"https:\/\/www.depoles.com\/hr\/wp-json\/wp\/v2\/product\/4817","targetHints":{"allow":["GET"]}}],"collection":[{"href":"https:\/\/www.depoles.com\/hr\/wp-json\/wp\/v2\/product"}],"about":[{"href":"https:\/\/www.depoles.com\/hr\/wp-json\/wp\/v2\/types\/product"}],"wp:featuredmedia":[{"embeddable":true,"href":"https:\/\/www.depoles.com\/hr\/wp-json\/wp\/v2\/media\/742"}],"wp:attachment":[{"href":"https:\/\/www.depoles.com\/hr\/wp-json\/wp\/v2\/media?parent=4817"}],"wp:term":[{"taxonomy":"product_brand","embeddable":true,"href":"https:\/\/www.depoles.com\/hr\/wp-json\/wp\/v2\/product_brand?post=4817"},{"taxonomy":"product_cat","embeddable":true,"href":"https:\/\/www.depoles.com\/hr\/wp-json\/wp\/v2\/product_cat?post=4817"},{"taxonomy":"product_tag","embeddable":true,"href":"https:\/\/www.depoles.com\/hr\/wp-json\/wp\/v2\/product_tag?post=4817"}],"curies":[{"name":"wp","href":"https:\/\/api.w.org\/{rel}","templated":true}]}}