{"id":4820,"date":"2019-10-18T21:29:44","date_gmt":"2019-10-18T19:29:44","guid":{"rendered":"https:\/\/nova.depoles.com\/trgovina\/vrtalnik-horizontalni-holzmann-lbm250p_400v\/"},"modified":"2025-12-17T16:40:31","modified_gmt":"2025-12-17T15:40:31","slug":"vrtalnik-horizontalni-holzmann-lbm250p_400v","status":"publish","type":"product","link":"https:\/\/www.depoles.com\/hr\/trgovina\/vrtalnik-horizontalni-holzmann-lbm250p_400v\/","title":{"rendered":"HORIZONTALNA BU\u0160ILICA HOLZMANN LBM250P_400V"},"content":{"rendered":"<p><strong>Tehni\u010dna specifikacija:<\/strong><\/p>\n<ul>\n<li><strong>Podatki o motorju:<\/strong>\n<ul>\n<li>Mo\u010d motorja S1: 2,2 W<\/li>\n<li>Mo\u010d motorja S6: 3,1 W<\/li>\n<li>Napetost: 400V\/3\/50Hz<\/li>\n<\/ul>\n<\/li>\n<li><strong>Dimenzije:<\/strong>\n<ul>\n<li>Velikost mize: 600 x 320 mm<\/li>\n<li>Hod mize: 155 mm<\/li>\n<\/ul>\n<\/li>\n<li><strong>Vrtanje v les:<\/strong>\n<ul>\n<li>Maksimalna globina vrtanja: 215 mm<\/li>\n<li>Maksimalna \u0161irina vrtanja: 250 mm<\/li>\n<li>Razdalje med zati\u010di: 16 \/ 22 \/ 25 \/ 32 mm<\/li>\n<\/ul>\n<\/li>\n<li><strong>Te\u017ea:<\/strong>\n<ul>\n<li>Bruto te\u017ea: 270 kg<\/li>\n<li>Netto te\u017ea: 200 kg<\/li>\n<\/ul>\n<\/li>\n<li><strong>Pakiranje:<\/strong>\n<ul>\n<li>\u0160irina pakiranja: 750 mm<\/li>\n<li>Vi\u0161ina pakiranja: 1.100 mm<\/li>\n<li>Dol\u017eina pakiranja: 1.200 mm<\/li>\n<\/ul>\n<\/li>\n<li><strong>Splo\u0161ni podatki:<\/strong>\n<ul>\n<li>EAN koda: 9120039908441<\/li>\n<\/ul>\n<\/li>\n<\/ul>\n","protected":false},"excerpt":{"rendered":"<h3>Poudarki<\/h3>\n<p>Ta trden stroj iz sive litine omogo\u010da zelo natan\u010dno delo in je primeren za razli\u010dne vrste vrtanja:<\/p>\n<ul>\n<li>Izdelan iz trdne sive litine, odporen na zvijanje<\/li>\n<li>Omogo\u010da po\u0161evne luknje in natan\u010dno vrtanje<\/li>\n<li>Vrtalna glava se vrti levo in desno<\/li>\n<li>Udoben za uporabo z eno roko<\/li>\n<li>\u0160irok obseg delovanja<\/li>\n<li>Pin-vrtalna naprava s \u0161tirimi dolo\u010denimi polo\u017eaji (16, 22, 25, 32 mm)<\/li>\n<li>Nastavljivi kon\u010dni zaustavki za pre\u010dno in vzdol\u017eno gibanje<\/li>\n<li>Enostavna nastavitev vi\u0161ine preko ro\u010dnega kolesa<\/li>\n<li>Naprava za integrirano fazo<\/li>\n<li>Vklju\u010dena merilna miza<\/li>\n<\/ul>\n<p><strong>Vklju\u010deno v dobavo:<\/strong> ograja s palico, 2 ekscentri\u010dni sponi, Wescott vrtalni vijak 0-20 mm, za\u0161\u010dita motorja, izvle\u010dna miza in naprava za vrtanje pin.<\/p>\n","protected":false},"featured_media":4821,"template":"","meta":[],"product_brand":[],"product_cat":[1017,1012,1039],"product_tag":[],"class_list":{"0":"post-4820","1":"product","2":"type-product","3":"status-publish","4":"has-post-thumbnail","6":"product_cat-horizontalni-vrtalnik","7":"product_cat-stroji-za-les","8":"product_cat-vrtalniki","10":"first","11":"instock","12":"shipping-taxable","13":"purchasable","14":"product-type-simple"},"_links":{"self":[{"href":"https:\/\/www.depoles.com\/hr\/wp-json\/wp\/v2\/product\/4820","targetHints":{"allow":["GET"]}}],"collection":[{"href":"https:\/\/www.depoles.com\/hr\/wp-json\/wp\/v2\/product"}],"about":[{"href":"https:\/\/www.depoles.com\/hr\/wp-json\/wp\/v2\/types\/product"}],"wp:featuredmedia":[{"embeddable":true,"href":"https:\/\/www.depoles.com\/hr\/wp-json\/wp\/v2\/media\/4821"}],"wp:attachment":[{"href":"https:\/\/www.depoles.com\/hr\/wp-json\/wp\/v2\/media?parent=4820"}],"wp:term":[{"taxonomy":"product_brand","embeddable":true,"href":"https:\/\/www.depoles.com\/hr\/wp-json\/wp\/v2\/product_brand?post=4820"},{"taxonomy":"product_cat","embeddable":true,"href":"https:\/\/www.depoles.com\/hr\/wp-json\/wp\/v2\/product_cat?post=4820"},{"taxonomy":"product_tag","embeddable":true,"href":"https:\/\/www.depoles.com\/hr\/wp-json\/wp\/v2\/product_tag?post=4820"}],"curies":[{"name":"wp","href":"https:\/\/api.w.org\/{rel}","templated":true}]}}