{"id":4822,"date":"2019-10-18T21:29:43","date_gmt":"2019-10-18T19:29:43","guid":{"rendered":"https:\/\/nova.depoles.com\/trgovina\/vrtalnik-za-4-kotne-luknje-z-nagibom-holzmann-stm26s_230v\/"},"modified":"2026-02-12T13:57:05","modified_gmt":"2026-02-12T12:57:05","slug":"vrtalnik-za-4-kotne-luknje-z-nagibom-holzmann-stm26s_230v","status":"publish","type":"product","link":"https:\/\/www.depoles.com\/hr\/trgovina\/vrtalnik-za-4-kotne-luknje-z-nagibom-holzmann-stm26s_230v\/","title":{"rendered":"BU\u0160ILICA ZA 4 (\u010cETIRI) KUTNE RUPE HOLZMANN STM26S_230V s nagibom"},"content":{"rendered":"<p><strong>Tehni\u010dni podatki<\/strong><\/p>\n<ul>\n<li><strong>Podatki o motorju<\/strong>\n<ul>\n<li>Mo\u010d motorja S1: 750 W<\/li>\n<li>Mo\u010d motorja S6: 1050 W<\/li>\n<li>Napetost: 230 V<\/li>\n<\/ul>\n<\/li>\n<li><strong>Dimenzije<\/strong>\n<ul>\n<li>Maksimalna vi\u0161ina: 1870 mm<\/li>\n<li>Velikost mize: 540 x 230 mm<\/li>\n<\/ul>\n<\/li>\n<li><strong>Dimenzije obdelovanca<\/strong>\n<ul>\n<li>Maksimalna debelina obdelovanca: 210 mm<\/li>\n<\/ul>\n<\/li>\n<li><strong>Tehni\u010dne specifikacije<\/strong>\n<ul>\n<li>Hitrost vrtalne vretena: 1400 min\u207b\u00b9<\/li>\n<\/ul>\n<\/li>\n<li><strong>Vrtanje v les<\/strong>\n<ul>\n<li>Maksimalna globina vrtanja: 76 mm<\/li>\n<li>Dimenzije dleta (min\/max): 6-26 mm<\/li>\n<\/ul>\n<\/li>\n<li><strong>Te\u017ea<\/strong>\n<ul>\n<li>Bruto te\u017ea: 130 kg<\/li>\n<li>Netto te\u017ea: 110 kg<\/li>\n<\/ul>\n<\/li>\n<li><strong>Pakiranje<\/strong>\n<ul>\n<li>Dol\u017eina pakiranja: 620 mm<\/li>\n<li>\u0160irina pakiranja: 560 mm<\/li>\n<li>Vi\u0161ina pakiranja: 970 mm<\/li>\n<\/ul>\n<\/li>\n<li><strong>Splo\u0161ni podatki<\/strong>\n<ul>\n<li>EAN koda: 9120039905280<\/li>\n<\/ul>\n<\/li>\n<\/ul>\n","protected":false},"excerpt":{"rendered":"<h3>VRTALNILK STM 26 S ZA 4 KOTNE LUKNJE<\/h3>\n<ul>\n<li>odli\u010den stroj za izdelavo 4 kotnih lukenj v vse vrste lesa<\/li>\n<li>vodila za luknje\u00a0 (nastavljiva) zagotavljajo natan\u010dno delo<\/li>\n<li>popoln stroj za izdelavo spojev\/4 kotnih lukenj za trdi in mehi les<\/li>\n<li>nastavljivi globinski omejilci omogo\u010dajo visoko natan\u010dnost ponavljanja<\/li>\n<li>velika ro\u010dna kolesa omogo\u010dajo enostavno nastavitev mize<\/li>\n<li>priro\u010dno upravljanje z eno roko s podporo za silo preko potisnega\u00a0 cilindra<\/li>\n<li>masivna izvedba stroja iz sive litine prepre\u010duje tresljaje in torzije, kar omogo\u010da popolno in\u00a0 natan\u010dno delo<\/li>\n<li>2 x pritiska\u010d za fiksiranje obdelovanca z hitrimi nastavitvami<\/li>\n<li>podno\u017eje\/stojalo z omarico za orodje, ki se lahko zaklene, in gumijaste nogice<\/li>\n<li>maks. vi\u0161ina obdelovanca ki ga vpnete: 210 mm<\/li>\n<li>vi\u0161ina: 1720mm<\/li>\n<li>mnagib glave L\/D: +\/- 22,5 \u00b0<\/li>\n<\/ul>\n<p><strong>vklju\u010deno v dostavo:<\/strong> vrtalnik, sveder 16mm, podno\u017eje<\/p>\n","protected":false},"featured_media":4823,"template":"","meta":[],"product_brand":[],"product_cat":[1012,1039],"product_tag":[],"class_list":{"0":"post-4822","1":"product","2":"type-product","3":"status-publish","4":"has-post-thumbnail","6":"product_cat-stroji-za-les","7":"product_cat-vrtalniki","9":"first","10":"instock","11":"shipping-taxable","12":"purchasable","13":"product-type-simple"},"_links":{"self":[{"href":"https:\/\/www.depoles.com\/hr\/wp-json\/wp\/v2\/product\/4822","targetHints":{"allow":["GET"]}}],"collection":[{"href":"https:\/\/www.depoles.com\/hr\/wp-json\/wp\/v2\/product"}],"about":[{"href":"https:\/\/www.depoles.com\/hr\/wp-json\/wp\/v2\/types\/product"}],"wp:featuredmedia":[{"embeddable":true,"href":"https:\/\/www.depoles.com\/hr\/wp-json\/wp\/v2\/media\/4823"}],"wp:attachment":[{"href":"https:\/\/www.depoles.com\/hr\/wp-json\/wp\/v2\/media?parent=4822"}],"wp:term":[{"taxonomy":"product_brand","embeddable":true,"href":"https:\/\/www.depoles.com\/hr\/wp-json\/wp\/v2\/product_brand?post=4822"},{"taxonomy":"product_cat","embeddable":true,"href":"https:\/\/www.depoles.com\/hr\/wp-json\/wp\/v2\/product_cat?post=4822"},{"taxonomy":"product_tag","embeddable":true,"href":"https:\/\/www.depoles.com\/hr\/wp-json\/wp\/v2\/product_tag?post=4822"}],"curies":[{"name":"wp","href":"https:\/\/api.w.org\/{rel}","templated":true}]}}