{"id":4837,"date":"2019-10-18T21:29:31","date_gmt":"2019-10-18T19:29:31","guid":{"rendered":"https:\/\/nova.depoles.com\/trgovina\/lepilo-25-kg-bag-kamk25\/"},"modified":"2025-12-17T16:43:42","modified_gmt":"2025-12-17T15:43:42","slug":"lepilo-25-kg-bag-kamk25","status":"publish","type":"product","link":"https:\/\/www.depoles.com\/hr\/trgovina\/lepilo-25-kg-bag-kamk25\/","title":{"rendered":"LJEPILO  25 kg vre\u0107a KAMK25"},"content":{"rendered":"<p><strong>Tehni\u010dni podatki:<\/strong><\/p>\n<table>\n<tbody>\n<tr>\n<th colspan=\"2\">Te\u017ea<\/th>\n<\/tr>\n<tr>\n<td>Bruto te\u017ea (kg)<\/td>\n<td>25<\/td>\n<\/tr>\n<tr>\n<td>Netto te\u017ea (kg)<\/td>\n<td>25<\/td>\n<\/tr>\n<tr>\n<th colspan=\"2\">Embala\u017ea<\/th>\n<\/tr>\n<tr>\n<td>Vi\u0161ina embala\u017ee (mm)<\/td>\n<td>0<\/td>\n<\/tr>\n<tr>\n<td>\u0160irina embala\u017ee (mm)<\/td>\n<td>0<\/td>\n<\/tr>\n<tr>\n<td>Dol\u017eina embala\u017ee (mm)<\/td>\n<td>0<\/td>\n<\/tr>\n<tr>\n<th colspan=\"2\">Splo\u0161ni podatki<\/th>\n<\/tr>\n<tr>\n<td>EAN koda<\/td>\n<td>9120058370328<\/td>\n<\/tr>\n<\/tbody>\n<\/table>\n","protected":false},"excerpt":{"rendered":"<h3>Poudarki laminatne naprave<\/h3>\n<p>&lt;pNaprava omogo\u010da natan\u010dno in u\u010dinkovito obdelavo laminata z naslednjimi zna\u010dilnostmi:<\/p>\n<ul>\n<li>grobo laminatno rezanje z udarcem<\/li>\n<li>neposredno nana\u0161anje lepila<\/li>\n<li>natan\u010dno rezanje laminata spredaj in zadaj z dvema \u017eagama<\/li>\n<li>odstranitev zgornjega in spodnjega prereza z dvema rezkalnima glavama (r = 2 mm)<\/li>\n<li>tla\u010dni valji zagotavljajo popolno povezavo obdelovanca in laminata<\/li>\n<li>uteko\u010dinjanje granulata v rezervoarju taline<\/li>\n<li>elektronsko nastavljiva temperatura lepila<\/li>\n<li>avtomatsko dovajanje obdelovanca s konstantno hitrostjo<\/li>\n<li>inteligentna zasnova nadzorne plo\u0161\u010de za enostavno upravljanje<\/li>\n<li>\u017eaga z \u017eaginim listom premera 80 mm in hitrostjo 9000 vrt.\/min<\/li>\n<\/ul>\n","protected":false},"featured_media":4838,"template":"","meta":[],"product_brand":[],"product_cat":[1033,1012],"product_tag":[],"class_list":{"0":"post-4837","1":"product","2":"type-product","3":"status-publish","4":"has-post-thumbnail","6":"product_cat-robne-lepilke","7":"product_cat-stroji-za-les","9":"first","10":"instock","11":"shipping-taxable","12":"purchasable","13":"product-type-simple"},"_links":{"self":[{"href":"https:\/\/www.depoles.com\/hr\/wp-json\/wp\/v2\/product\/4837","targetHints":{"allow":["GET"]}}],"collection":[{"href":"https:\/\/www.depoles.com\/hr\/wp-json\/wp\/v2\/product"}],"about":[{"href":"https:\/\/www.depoles.com\/hr\/wp-json\/wp\/v2\/types\/product"}],"wp:featuredmedia":[{"embeddable":true,"href":"https:\/\/www.depoles.com\/hr\/wp-json\/wp\/v2\/media\/4838"}],"wp:attachment":[{"href":"https:\/\/www.depoles.com\/hr\/wp-json\/wp\/v2\/media?parent=4837"}],"wp:term":[{"taxonomy":"product_brand","embeddable":true,"href":"https:\/\/www.depoles.com\/hr\/wp-json\/wp\/v2\/product_brand?post=4837"},{"taxonomy":"product_cat","embeddable":true,"href":"https:\/\/www.depoles.com\/hr\/wp-json\/wp\/v2\/product_cat?post=4837"},{"taxonomy":"product_tag","embeddable":true,"href":"https:\/\/www.depoles.com\/hr\/wp-json\/wp\/v2\/product_tag?post=4837"}],"curies":[{"name":"wp","href":"https:\/\/api.w.org\/{rel}","templated":true}]}}