{"id":4839,"date":"2019-10-18T21:29:31","date_gmt":"2019-10-18T19:29:31","guid":{"rendered":"https:\/\/nova.depoles.com\/trgovina\/kam-65-pro-set-z-rezkarjem-vakum\/"},"modified":"2026-03-25T20:37:14","modified_gmt":"2026-03-25T19:37:14","slug":"kam-65-pro-set-z-rezkarjem-vakum","status":"publish","type":"product","link":"https:\/\/www.depoles.com\/hr\/trgovina\/kam-65-pro-set-z-rezkarjem-vakum\/","title":{"rendered":"KAM 65 PRO SET s glodalicom + vakuum"},"content":{"rendered":"<p><strong>Tehni\u010dne specifikacije<\/strong><\/p>\n<ul>\n<li><strong>Motor:<\/strong>\n<ul>\n<li>Mo\u010d motorja S1: 450 W<\/li>\n<li>Hitrost: 30.000 min<sup>-1<\/sup><\/li>\n<li>Napetost: 230 V \/ 50 Hz<\/li>\n<\/ul>\n<\/li>\n<li><strong>Rezanje:<\/strong>\n<ul>\n<li>Rezanje okroglo \u00d8 90\u00b0: 3 mm<\/li>\n<\/ul>\n<\/li>\n<li><strong>Lepljenje robov:<\/strong>\n<ul>\n<li>Debelina roba: 0,5 &#8211; 3 mm<\/li>\n<li>Minimalni radij ukrivljenosti: 25 mm<\/li>\n<\/ul>\n<\/li>\n<li><strong>Te\u017ea:<\/strong>\n<ul>\n<li>Bruto te\u017ea: 10 kg<\/li>\n<li>Netto te\u017ea: 8 kg<\/li>\n<\/ul>\n<\/li>\n<li><strong>Embala\u017ea:<\/strong>\n<ul>\n<li>Vi\u0161ina embala\u017ee: 510 mm<\/li>\n<li>\u0160irina embala\u017ee: 430 mm<\/li>\n<li>Dol\u017eina embala\u017ee: 460 mm<\/li>\n<\/ul>\n<\/li>\n<li><strong>Splo\u0161ni podatki:<\/strong>\n<ul>\n<li>EAN koda: 9120058373794<\/li>\n<\/ul>\n<\/li>\n<\/ul>\n","protected":false},"excerpt":{"rendered":"<h3>KAM 65 PRO SET<\/h3>\n<ul>\n<li><strong>V PRO SETU<\/strong>: rezkar elektronski\/\u0161karje za odrez\/dvojni vakumski prime\u017e\/enojni vakumski prime\u017e\/kov\u010dek<\/li>\n<li>rezkar za robove\/natan\u010dno obdelavo razli\u010dnih materialov7z vzdr\u017eljivim in mo\u010dnim motorjem<\/li>\n<li>ergonomski ro\u010daj7za\u0161\u010dita z integriranim sesalnim vratom70,05 mm koraki s skalo<\/li>\n<li>omejilec za vgradnjo za zaokro\u017eevanje vogalov<\/li>\n<li>se lahko uporablja tudi za oblikovanje robov vrat ali stebrov<\/li>\n<li>robni rezalnik-kon\u010dni<\/li>\n<li>za natan\u010dno in pravokotno rezanje robov iz plastike ali furnirja<\/li>\n<li>ergonomska zasnova<\/li>\n<li>set vakuumskih prijemal<\/li>\n<li>varno pritrjevanje obdelovanca z vakuumskimi prijemali<\/li>\n<li>zagotovite si idealne pogoje za obdelavo robov<\/li>\n<\/ul>\n","protected":false},"featured_media":4840,"template":"","meta":[],"product_brand":[],"product_cat":[1033,1012],"product_tag":[],"class_list":{"0":"post-4839","1":"product","2":"type-product","3":"status-publish","4":"has-post-thumbnail","6":"product_cat-robne-lepilke","7":"product_cat-stroji-za-les","9":"first","10":"instock","11":"shipping-taxable","12":"purchasable","13":"product-type-simple"},"_links":{"self":[{"href":"https:\/\/www.depoles.com\/hr\/wp-json\/wp\/v2\/product\/4839","targetHints":{"allow":["GET"]}}],"collection":[{"href":"https:\/\/www.depoles.com\/hr\/wp-json\/wp\/v2\/product"}],"about":[{"href":"https:\/\/www.depoles.com\/hr\/wp-json\/wp\/v2\/types\/product"}],"wp:featuredmedia":[{"embeddable":true,"href":"https:\/\/www.depoles.com\/hr\/wp-json\/wp\/v2\/media\/4840"}],"wp:attachment":[{"href":"https:\/\/www.depoles.com\/hr\/wp-json\/wp\/v2\/media?parent=4839"}],"wp:term":[{"taxonomy":"product_brand","embeddable":true,"href":"https:\/\/www.depoles.com\/hr\/wp-json\/wp\/v2\/product_brand?post=4839"},{"taxonomy":"product_cat","embeddable":true,"href":"https:\/\/www.depoles.com\/hr\/wp-json\/wp\/v2\/product_cat?post=4839"},{"taxonomy":"product_tag","embeddable":true,"href":"https:\/\/www.depoles.com\/hr\/wp-json\/wp\/v2\/product_tag?post=4839"}],"curies":[{"name":"wp","href":"https:\/\/api.w.org\/{rel}","templated":true}]}}