{"id":4841,"date":"2019-10-18T21:29:30","date_gmt":"2019-10-18T19:29:30","guid":{"rendered":"https:\/\/nova.depoles.com\/trgovina\/lepilo-granulat-5-kg-kamk5\/"},"modified":"2026-03-25T20:37:14","modified_gmt":"2026-03-25T19:37:14","slug":"lepilo-granulat-5-kg-kamk5","status":"publish","type":"product","link":"https:\/\/www.depoles.com\/hr\/trgovina\/lepilo-granulat-5-kg-kamk5\/","title":{"rendered":"LJEPILO GRANULAT 5 kg KAMK5"},"content":{"rendered":"<p><strong>Tehni\u010dni podatki<\/strong><\/p>\n<ul>\n<li><strong>Te\u017ea<\/strong>\n<ul>\n<li>Bruto te\u017ea: 5,51 kg<\/li>\n<li>Netto te\u017ea: 5 kg<\/li>\n<\/ul>\n<\/li>\n<li><strong>Embala\u017ea<\/strong>\n<ul>\n<li>Dol\u017eina embala\u017ee: 290 mm<\/li>\n<li>\u0160irina embala\u017ee: 260 mm<\/li>\n<li>Vi\u0161ina embala\u017ee: 230 mm<\/li>\n<\/ul>\n<\/li>\n<li><strong>Splo\u0161ni podatki<\/strong>\n<ul>\n<li>EAN koda: 9120058370335<\/li>\n<\/ul>\n<\/li>\n<\/ul>\n","protected":false},"excerpt":{"rendered":"<h3>Poudarki izdelka<\/h3>\n<p>&lt;pTa naprava omogo\u010da u\u010dinkovito in natan\u010dno obdelavo laminata z vrsto naprednih funkcij:<\/p>\n<ul>\n<li>grobo rezanje laminata z udarcem,<\/li>\n<li>neposredno nana\u0161anje lepila,<\/li>\n<li>natan\u010dno rezanje laminata spredaj in zadaj z dvema \u017eagama,<\/li>\n<li>odstranitev zgornjega in spodnjega prereza z dvema rezkalnima glavama (radij 2 mm),<\/li>\n<li>tla\u010dni valji za popolno povezavo obdelovanca in laminata,<\/li>\n<li>uteko\u010dinjanje granulata v rezervoarju taline,<\/li>\n<li>elektronsko nastavljiva temperatura lepila,<\/li>\n<li>avtomatsko dovajanje obdelovanca s konstantno hitrostjo,<\/li>\n<li>inteligentna zasnova nadzorne plo\u0161\u010de za enostavno upravljanje,<\/li>\n<li>\u017eaga z \u017eaginim listom premera 80 mm in vrtljaji 9000\/min.<\/li>\n<\/ul>\n","protected":false},"featured_media":4842,"template":"","meta":[],"product_brand":[],"product_cat":[1033,1012],"product_tag":[],"class_list":{"0":"post-4841","1":"product","2":"type-product","3":"status-publish","4":"has-post-thumbnail","6":"product_cat-robne-lepilke","7":"product_cat-stroji-za-les","9":"first","10":"instock","11":"shipping-taxable","12":"purchasable","13":"product-type-simple"},"_links":{"self":[{"href":"https:\/\/www.depoles.com\/hr\/wp-json\/wp\/v2\/product\/4841","targetHints":{"allow":["GET"]}}],"collection":[{"href":"https:\/\/www.depoles.com\/hr\/wp-json\/wp\/v2\/product"}],"about":[{"href":"https:\/\/www.depoles.com\/hr\/wp-json\/wp\/v2\/types\/product"}],"wp:featuredmedia":[{"embeddable":true,"href":"https:\/\/www.depoles.com\/hr\/wp-json\/wp\/v2\/media\/4842"}],"wp:attachment":[{"href":"https:\/\/www.depoles.com\/hr\/wp-json\/wp\/v2\/media?parent=4841"}],"wp:term":[{"taxonomy":"product_brand","embeddable":true,"href":"https:\/\/www.depoles.com\/hr\/wp-json\/wp\/v2\/product_brand?post=4841"},{"taxonomy":"product_cat","embeddable":true,"href":"https:\/\/www.depoles.com\/hr\/wp-json\/wp\/v2\/product_cat?post=4841"},{"taxonomy":"product_tag","embeddable":true,"href":"https:\/\/www.depoles.com\/hr\/wp-json\/wp\/v2\/product_tag?post=4841"}],"curies":[{"name":"wp","href":"https:\/\/api.w.org\/{rel}","templated":true}]}}