{"id":4864,"date":"2019-10-18T21:29:03","date_gmt":"2019-10-18T19:29:03","guid":{"rendered":"https:\/\/nova.depoles.com\/trgovina\/kotna-zaga-kap255xjl_230v\/"},"modified":"2026-03-06T14:01:59","modified_gmt":"2026-03-06T13:01:59","slug":"kotna-zaga-kap255xjl_230v","status":"publish","type":"product","link":"https:\/\/www.depoles.com\/hr\/trgovina\/kotna-zaga-kap255xjl_230v\/","title":{"rendered":"Kutna pila KAP255XJL_230V"},"content":{"rendered":"<p><strong>Tehni\u010dni podatki<\/strong><\/p>\n<table>\n<tbody>\n<tr>\n<th colspan=\"2\" style=\"text-align:left\">Podatki o motorju<\/th>\n<\/tr>\n<tr>\n<td>Mo\u010d motorja S1 (W)<\/td>\n<td>1800<\/td>\n<\/tr>\n<tr>\n<td>Hitrost (min\u207b\u00b9)<\/td>\n<td>4800<\/td>\n<\/tr>\n<tr>\n<th colspan=\"2\" style=\"text-align:left\">Rezanje<\/th>\n<\/tr>\n<tr>\n<td>Najve\u010dja vi\u0161ina reza pri 45\u00b0 (mm)<\/td>\n<td>40<\/td>\n<\/tr>\n<tr>\n<td>Najve\u010dja vi\u0161ina reza pri 90\u00b0 (mm)<\/td>\n<td>80<\/td>\n<\/tr>\n<tr>\n<td>Najve\u010dja dol\u017eina reza pri 90\u00b0 (mm)<\/td>\n<td>430<\/td>\n<\/tr>\n<tr>\n<td>Najve\u010dja dol\u017eina reza pri 45\u00b0 (mm)<\/td>\n<td>310<\/td>\n<\/tr>\n<tr>\n<th colspan=\"2\" style=\"text-align:left\">Kro\u017ene \u017eage<\/th>\n<\/tr>\n<tr>\n<td>Premer izvrtine (mm)<\/td>\n<td>30<\/td>\n<\/tr>\n<tr>\n<th colspan=\"2\" style=\"text-align:left\">Razli\u010dni stroji<\/th>\n<\/tr>\n<tr>\n<td>Debelina zoba (mm)<\/td>\n<td>3<\/td>\n<\/tr>\n<tr>\n<td>\u0160tevilo zob<\/td>\n<td>60<\/td>\n<\/tr>\n<tr>\n<td>Premer (mm)<\/td>\n<td>254<\/td>\n<\/tr>\n<tr>\n<th colspan=\"2\" style=\"text-align:left\">Te\u017ea<\/th>\n<\/tr>\n<tr>\n<td>Bruto te\u017ea (kg)<\/td>\n<td>21<\/td>\n<\/tr>\n<tr>\n<td>Netto te\u017ea (kg)<\/td>\n<td>20<\/td>\n<\/tr>\n<tr>\n<th colspan=\"2\" style=\"text-align:left\">Embala\u017ea<\/th>\n<\/tr>\n<tr>\n<td>Dol\u017eina embala\u017ee (mm)<\/td>\n<td>830<\/td>\n<\/tr>\n<tr>\n<td>\u0160irina embala\u017ee (mm)<\/td>\n<td>520<\/td>\n<\/tr>\n<tr>\n<td>Vi\u0161ina embala\u017ee (mm)<\/td>\n<td>410<\/td>\n<\/tr>\n<tr>\n<th colspan=\"2\" style=\"text-align:left\">Splo\u0161ni podatki<\/th>\n<\/tr>\n<tr>\n<td>EAN koda<\/td>\n<td>9120039901985<\/td>\n<\/tr>\n<\/tbody>\n<\/table>\n","protected":false},"excerpt":{"rendered":"<h3>Opis izdelka<\/h3>\n<p>\u017daga z nagibno in vrtljivo glavo omogo\u010da natan\u010dne reze, poudarjene z tanko rde\u010do lasersko \u010drto, ki ozna\u010duje linijo rezanja. V paketu je vklju\u010dena globinska kon\u010dna zapora za dodatno varnost in natan\u010dnost. Stabilen vodnik z dvojno pre\u010dko ter masivna aluminijasta litinska osnova zagotavljata visoko stabilnost med delom.<\/p>\n<p><strong>Vklju\u010deno v dostavo:<\/strong> \u017eaga iz volframovega karbida, laser, podalj\u0161ek mize.<\/p>\n","protected":false},"featured_media":4865,"template":"","meta":[],"product_brand":[],"product_cat":[1027,1012],"product_tag":[],"class_list":{"0":"post-4864","1":"product","2":"type-product","3":"status-publish","4":"has-post-thumbnail","6":"product_cat-kotne-zage","7":"product_cat-stroji-za-les","9":"first","10":"instock","11":"shipping-taxable","12":"purchasable","13":"product-type-simple"},"_links":{"self":[{"href":"https:\/\/www.depoles.com\/hr\/wp-json\/wp\/v2\/product\/4864","targetHints":{"allow":["GET"]}}],"collection":[{"href":"https:\/\/www.depoles.com\/hr\/wp-json\/wp\/v2\/product"}],"about":[{"href":"https:\/\/www.depoles.com\/hr\/wp-json\/wp\/v2\/types\/product"}],"wp:featuredmedia":[{"embeddable":true,"href":"https:\/\/www.depoles.com\/hr\/wp-json\/wp\/v2\/media\/4865"}],"wp:attachment":[{"href":"https:\/\/www.depoles.com\/hr\/wp-json\/wp\/v2\/media?parent=4864"}],"wp:term":[{"taxonomy":"product_brand","embeddable":true,"href":"https:\/\/www.depoles.com\/hr\/wp-json\/wp\/v2\/product_brand?post=4864"},{"taxonomy":"product_cat","embeddable":true,"href":"https:\/\/www.depoles.com\/hr\/wp-json\/wp\/v2\/product_cat?post=4864"},{"taxonomy":"product_tag","embeddable":true,"href":"https:\/\/www.depoles.com\/hr\/wp-json\/wp\/v2\/product_tag?post=4864"}],"curies":[{"name":"wp","href":"https:\/\/api.w.org\/{rel}","templated":true}]}}