{"id":4867,"date":"2019-10-18T21:28:59","date_gmt":"2019-10-18T19:28:59","guid":{"rendered":"https:\/\/nova.depoles.com\/trgovina\/kotna-potezna-zajeralna-zaga-kap-305-jl_230v\/"},"modified":"2026-02-12T13:57:50","modified_gmt":"2026-02-12T12:57:50","slug":"kotna-potezna-zajeralna-zaga-kap-305-jl_230v","status":"publish","type":"product","link":"https:\/\/www.depoles.com\/hr\/trgovina\/kotna-potezna-zajeralna-zaga-kap-305-jl_230v\/","title":{"rendered":"KUTNA POTEZNA PILA KAP 305 JL_230V"},"content":{"rendered":"<p><strong>Tehni\u010dni podatki<\/strong><\/p>\n<ul>\n<li><strong>Motor<\/strong>\n<ul>\n<li>Mo\u010d motorja S1: 1800 W<\/li>\n<li>Hitrost: 4200 min\u207b\u00b9<\/li>\n<\/ul>\n<\/li>\n<li><strong>Rezanje<\/strong>\n<ul>\n<li>Maksimalna vi\u0161ina reza pri 45\u00b0: 85 mm<\/li>\n<li>Maksimalna vi\u0161ina reza pri 90\u00b0: 115 mm<\/li>\n<li>Maksimalna dol\u017eina reza pri 90\u00b0: 340 mm<\/li>\n<li>Maksimalna dol\u017eina reza pri 45\u00b0: 240 mm<\/li>\n<\/ul>\n<\/li>\n<li><strong>Okrogle \u017eage<\/strong>\n<ul>\n<li>Premer \u017eaginega lista: 305 mm<\/li>\n<\/ul>\n<\/li>\n<li><strong>Te\u017ea<\/strong>\n<ul>\n<li>Bruto te\u017ea: 26,80 kg<\/li>\n<li>Netto te\u017ea: 22,70 kg<\/li>\n<\/ul>\n<\/li>\n<li><strong>Embala\u017ea<\/strong>\n<ul>\n<li>Dol\u017eina embala\u017ee: 980 mm<\/li>\n<li>\u0160irina embala\u017ee: 500 mm<\/li>\n<li>Vi\u0161ina embala\u017ee: 550 mm<\/li>\n<\/ul>\n<\/li>\n<li><strong>Splo\u0161ni podatki<\/strong>\n<ul>\n<li>EAN koda: 9120039900742<\/li>\n<\/ul>\n<\/li>\n<\/ul>\n","protected":false},"excerpt":{"rendered":"<h3><\/h3>\n<ul>\n<li>profi \u017eaga z izjemnimi rezalnimi lastnostmi<\/li>\n<li>motor nad osovino motrje zato lahko re\u017eete veliko vi\u0161ino do 115 mm<\/li>\n<li>1800w<\/li>\n<li>mehki zagon<\/li>\n<li>sistem pogonskih jermenov podpira delovanje z nizkim hrupom in ne\u017eno mehansko obdelavo<\/li>\n<li>\u017eaga nagibno levo\/desno, nagibno (-45 \u00b0 \/ + 45 \u00b0) in vrtljivo od -45 \u00b0 do + 45 \u00b0<\/li>\n<li>izvle\u010dni zadnji omejilec<\/li>\n<li>tanka rde\u010da laserska \u010drta ozna\u010duje linijo rezanja<\/li>\n<li>globinska kon\u010dna zapora vklju\u010dena v dobavo<\/li>\n<li>stabilno in natan\u010den vodilo<\/li>\n<\/ul>\n<p><strong>vklju\u010deno v dostavo:<\/strong> \u017eaga <strong>iz<\/strong> volframovega karbida, laser, podalj\u0161ek mize<\/p>\n","protected":false},"featured_media":730,"template":"","meta":[],"product_brand":[],"product_cat":[1027,1012],"product_tag":[258,314,441,469,470,511,658,918,922],"class_list":{"0":"post-4867","1":"product","2":"type-product","3":"status-publish","4":"has-post-thumbnail","6":"product_cat-kotne-zage","7":"product_cat-stroji-za-les","8":"product_tag-celilnik","9":"product_tag-depoles","10":"product_tag-holzmann","11":"product_tag-kap","12":"product_tag-kap305","13":"product_tag-kotna","14":"product_tag-potezna","15":"product_tag-zaga","16":"product_tag-zajeralna","18":"first","19":"instock","20":"shipping-taxable","21":"purchasable","22":"product-type-simple"},"_links":{"self":[{"href":"https:\/\/www.depoles.com\/hr\/wp-json\/wp\/v2\/product\/4867","targetHints":{"allow":["GET"]}}],"collection":[{"href":"https:\/\/www.depoles.com\/hr\/wp-json\/wp\/v2\/product"}],"about":[{"href":"https:\/\/www.depoles.com\/hr\/wp-json\/wp\/v2\/types\/product"}],"wp:featuredmedia":[{"embeddable":true,"href":"https:\/\/www.depoles.com\/hr\/wp-json\/wp\/v2\/media\/730"}],"wp:attachment":[{"href":"https:\/\/www.depoles.com\/hr\/wp-json\/wp\/v2\/media?parent=4867"}],"wp:term":[{"taxonomy":"product_brand","embeddable":true,"href":"https:\/\/www.depoles.com\/hr\/wp-json\/wp\/v2\/product_brand?post=4867"},{"taxonomy":"product_cat","embeddable":true,"href":"https:\/\/www.depoles.com\/hr\/wp-json\/wp\/v2\/product_cat?post=4867"},{"taxonomy":"product_tag","embeddable":true,"href":"https:\/\/www.depoles.com\/hr\/wp-json\/wp\/v2\/product_tag?post=4867"}],"curies":[{"name":"wp","href":"https:\/\/api.w.org\/{rel}","templated":true}]}}