{"id":4880,"date":"2019-10-18T21:28:53","date_gmt":"2019-10-18T19:28:53","guid":{"rendered":"https:\/\/nova.depoles.com\/trgovina\/kotna-potezna-zajeralna-zaga-kap-305-eco_230v\/"},"modified":"2026-02-12T13:42:36","modified_gmt":"2026-02-12T12:42:36","slug":"kotna-potezna-zajeralna-zaga-kap-305-eco_230v","status":"publish","type":"product","link":"https:\/\/www.depoles.com\/hr\/trgovina\/kotna-potezna-zajeralna-zaga-kap-305-eco_230v\/","title":{"rendered":"KUTNA POTEZNA PILA KAP 305 ECO_230V"},"content":{"rendered":"<p><strong>Tehni\u010dne specifikacije:<\/strong><\/p>\n<ul>\n<li><strong>Motor:<\/strong>\n<ul>\n<li>Mo\u010d motorja S1: 1700 W<\/li>\n<li>Mo\u010d motorja S6: 1900 W<\/li>\n<li>Napetost: 230 V<\/li>\n<li>Hitrost: 3800 min\u207b\u00b9<\/li>\n<li>Razred za\u0161\u010dite: II<\/li>\n<li>Tip motorja: IP20<\/li>\n<\/ul>\n<\/li>\n<li><strong>Rezanje:<\/strong>\n<ul>\n<li>Maksimalna vi\u0161ina rezanja pri 90\u00b0: 105 mm<\/li>\n<li>Maksimalna vi\u0161ina rezanja pri 45\u00b0: 60 mm<\/li>\n<li>Maksimalna dol\u017eina rezanja pri 90\u00b0: 330 mm<\/li>\n<li>Maksimalna dol\u017eina rezanja pri 45\u00b0: 230 mm<\/li>\n<\/ul>\n<\/li>\n<li><strong>Kro\u017ene \u017eage:<\/strong>\n<ul>\n<li>Premer \u017eaginega lista: 305 mm<\/li>\n<li>Premer luknje (bore): 25,4 mm<\/li>\n<\/ul>\n<\/li>\n<li><strong>Raven hrupa in vibracije:<\/strong>\n<ul>\n<li>Raven zvo\u010dne mo\u010di: 108 dB(A)<\/li>\n<li>Raven zvo\u010dnega tlaka: 95 dB(A)<\/li>\n<\/ul>\n<\/li>\n<li><strong>Te\u017ea:<\/strong>\n<ul>\n<li>Bruto te\u017ea: 24,50 kg<\/li>\n<li>Netto te\u017ea: 18 kg<\/li>\n<\/ul>\n<\/li>\n<li><strong>Embala\u017ea:<\/strong>\n<ul>\n<li>\u0160irina embala\u017ee: 545 mm<\/li>\n<li>Dol\u017eina embala\u017ee: 940 mm<\/li>\n<li>Vi\u0161ina embala\u017ee: 560 mm<\/li>\n<\/ul>\n<\/li>\n<li><strong>Splo\u0161ni podatki:<\/strong>\n<ul>\n<li>EAN koda: 9120058376658<\/li>\n<\/ul>\n<\/li>\n<\/ul>\n","protected":false},"excerpt":{"rendered":"<ul>\n<li>sistem pogonskih jermenov podpira delovanje z nizkim hrupom in ne\u017eno mehansko obdelavo<\/li>\n<li>\u017eaga glava levo \/ desno, nagibno (-45 \u00b0 \/ + 45 \u00b0) in vrtljivo od -45 \u00b0 do + 45 \u00b0<\/li>\n<li>izvle\u010dna zadnja ograja<\/li>\n<li>tanka rde\u010da laserska \u010drta ozna\u010duje linijo rezanja<\/li>\n<li>globinska kon\u010dna zapora vklju\u010dena v dobavo<\/li>\n<li>stabilen in natan\u010den vodnik z dvojno pre\u010dko<\/li>\n<li>masivna osnova iz aluminijaste litine zagotavlja visoko stabilnost<\/li>\n<\/ul>\n<p><strong>vklju\u010deno v dostavo:<\/strong> \u017eaga <strong>iz<\/strong> volframovega karbida, laser, podalj\u0161ek mize<\/p>\n","protected":false},"featured_media":4881,"template":"","meta":[],"product_brand":[],"product_cat":[1027,1012],"product_tag":[258,314,441,471,511,658,918,922],"class_list":{"0":"post-4880","1":"product","2":"type-product","3":"status-publish","4":"has-post-thumbnail","6":"product_cat-kotne-zage","7":"product_cat-stroji-za-les","8":"product_tag-celilnik","9":"product_tag-depoles","10":"product_tag-holzmann","11":"product_tag-kap305eco","12":"product_tag-kotna","13":"product_tag-potezna","14":"product_tag-zaga","15":"product_tag-zajeralna","17":"first","18":"instock","19":"shipping-taxable","20":"purchasable","21":"product-type-simple"},"_links":{"self":[{"href":"https:\/\/www.depoles.com\/hr\/wp-json\/wp\/v2\/product\/4880","targetHints":{"allow":["GET"]}}],"collection":[{"href":"https:\/\/www.depoles.com\/hr\/wp-json\/wp\/v2\/product"}],"about":[{"href":"https:\/\/www.depoles.com\/hr\/wp-json\/wp\/v2\/types\/product"}],"wp:featuredmedia":[{"embeddable":true,"href":"https:\/\/www.depoles.com\/hr\/wp-json\/wp\/v2\/media\/4881"}],"wp:attachment":[{"href":"https:\/\/www.depoles.com\/hr\/wp-json\/wp\/v2\/media?parent=4880"}],"wp:term":[{"taxonomy":"product_brand","embeddable":true,"href":"https:\/\/www.depoles.com\/hr\/wp-json\/wp\/v2\/product_brand?post=4880"},{"taxonomy":"product_cat","embeddable":true,"href":"https:\/\/www.depoles.com\/hr\/wp-json\/wp\/v2\/product_cat?post=4880"},{"taxonomy":"product_tag","embeddable":true,"href":"https:\/\/www.depoles.com\/hr\/wp-json\/wp\/v2\/product_tag?post=4880"}],"curies":[{"name":"wp","href":"https:\/\/api.w.org\/{rel}","templated":true}]}}