{"id":4893,"date":"2019-10-18T21:28:43","date_gmt":"2019-10-18T19:28:43","guid":{"rendered":"https:\/\/nova.depoles.com\/trgovina\/metal-sesalec-mabs750_400v\/"},"modified":"2025-12-17T16:46:44","modified_gmt":"2025-12-17T15:46:44","slug":"metal-sesalec-mabs750_400v","status":"publish","type":"product","link":"https:\/\/www.depoles.com\/hr\/trgovina\/metal-sesalec-mabs750_400v\/","title":{"rendered":"Usisava\u010d za metal MABS750_400V"},"content":{"rendered":"<p><strong>Tehni\u010dna specifikacija<\/strong><\/p>\n<ul>\n<li><strong>Motor:<\/strong>\n<ul>\n<li>Napetost: 400V \/ 3 \/ 50Hz<\/li>\n<li>Mo\u010d motorja S1: 750 W<\/li>\n<\/ul>\n<\/li>\n<li><strong>Dimenzije:<\/strong>\n<ul>\n<li>Sesalni priklju\u010dek: 2x 100 mm<\/li>\n<\/ul>\n<\/li>\n<li><strong>Zbiralniki prahu:<\/strong>\n<ul>\n<li>Premer ventilatorja: 325 mm<\/li>\n<li>Premer vre\u010de za sekance: 350&#215;470 mm<\/li>\n<li>Sesalna zmogljivost: 1100 m\u00b3\/h<\/li>\n<\/ul>\n<\/li>\n<li><strong>Te\u017ea:<\/strong>\n<ul>\n<li>Bruto te\u017ea: 39 kg<\/li>\n<li>Netto te\u017ea: 36 kg<\/li>\n<\/ul>\n<\/li>\n<li><strong>Embala\u017ea:<\/strong>\n<ul>\n<li>\u0160irina embala\u017ee: 460 mm<\/li>\n<li>Vi\u0161ina embala\u017ee: 520 mm<\/li>\n<li>Dol\u017eina embala\u017ee: 1.200 mm<\/li>\n<\/ul>\n<\/li>\n<li><strong>Splo\u0161ni podatki:<\/strong>\n<ul>\n<li>EAN koda: 9120058374272<\/li>\n<\/ul>\n<\/li>\n<\/ul>\n","protected":false},"excerpt":{"rendered":"<p>Ta izdelek omogo\u010da u\u010dinkovito ekstrakcijo kovinskih ostru\u017ekov z enostavno menjavo filtra. Pona\u0161a se z veliko zbirko in prakti\u010dno posodo s predalom, vklju\u010dena pa je tudi vre\u010da za prah.<\/p>\n","protected":false},"featured_media":760,"template":"","meta":[],"product_brand":[],"product_cat":[1035,1012],"product_tag":[],"class_list":{"0":"post-4893","1":"product","2":"type-product","3":"status-publish","4":"has-post-thumbnail","6":"product_cat-sesalci","7":"product_cat-stroji-za-les","9":"first","10":"instock","11":"shipping-taxable","12":"purchasable","13":"product-type-simple"},"_links":{"self":[{"href":"https:\/\/www.depoles.com\/hr\/wp-json\/wp\/v2\/product\/4893","targetHints":{"allow":["GET"]}}],"collection":[{"href":"https:\/\/www.depoles.com\/hr\/wp-json\/wp\/v2\/product"}],"about":[{"href":"https:\/\/www.depoles.com\/hr\/wp-json\/wp\/v2\/types\/product"}],"wp:featuredmedia":[{"embeddable":true,"href":"https:\/\/www.depoles.com\/hr\/wp-json\/wp\/v2\/media\/760"}],"wp:attachment":[{"href":"https:\/\/www.depoles.com\/hr\/wp-json\/wp\/v2\/media?parent=4893"}],"wp:term":[{"taxonomy":"product_brand","embeddable":true,"href":"https:\/\/www.depoles.com\/hr\/wp-json\/wp\/v2\/product_brand?post=4893"},{"taxonomy":"product_cat","embeddable":true,"href":"https:\/\/www.depoles.com\/hr\/wp-json\/wp\/v2\/product_cat?post=4893"},{"taxonomy":"product_tag","embeddable":true,"href":"https:\/\/www.depoles.com\/hr\/wp-json\/wp\/v2\/product_tag?post=4893"}],"curies":[{"name":"wp","href":"https:\/\/api.w.org\/{rel}","templated":true}]}}