{"id":4911,"date":"2019-10-18T21:28:33","date_gmt":"2019-10-18T19:28:33","guid":{"rendered":"https:\/\/nova.depoles.com\/trgovina\/sesalec-abs8000pro_400v\/"},"modified":"2026-02-12T13:36:28","modified_gmt":"2026-02-12T12:36:28","slug":"sesalec-abs8000pro_400v","status":"publish","type":"product","link":"https:\/\/www.depoles.com\/hr\/trgovina\/sesalec-abs8000pro_400v\/","title":{"rendered":"Usisava\u010d ABS8000PRO_400V"},"content":{"rendered":"<p><strong>Tehni\u010dne specifikacije<\/strong><\/p>\n<ul>\n<li><strong>Motor<\/strong>\n<ul>\n<li>Mo\u010d motorja S1: 4500 W<\/li>\n<li>Napetost: 400 V<\/li>\n<li>Dol\u017eina kabla: 1,75 m<\/li>\n<\/ul>\n<\/li>\n<li><strong>Dimenzije<\/strong>\n<ul>\n<li>Skupne dimenzije (\u0160 x G x V): 1900 x 670 x 2800 mm<\/li>\n<\/ul>\n<\/li>\n<li><strong>Zbiralci prahu<\/strong>\n<ul>\n<li>Sesalna zmogljivost: 8000 m\u00b3\/h<\/li>\n<li>Premer vre\u010de za odpadke: 610 mm<\/li>\n<li>Dol\u017eina vre\u010de za odpadke: 1000 mm<\/li>\n<li>Premer ventilatorja: \u00d8 380 mm<\/li>\n<li>Izhodi: \u00d8250 mm (1x \u00d8 100 mm, 3x \u00d8 125 mm)<\/li>\n<li>Podtlak: 2800 Pa<\/li>\n<\/ul>\n<\/li>\n<li><strong>Raven hrupa in vibracije<\/strong>\n<ul>\n<li>Raven zvo\u010dnega tlaka: &lt; 85 dB(A)<\/li>\n<\/ul>\n<\/li>\n<li><strong>Te\u017ea<\/strong>\n<ul>\n<li>Bruto te\u017ea: 104 kg<\/li>\n<li>Netto te\u017ea: 96 kg<\/li>\n<\/ul>\n<\/li>\n<li><strong>Pakiranje<\/strong>\n<ul>\n<li>\u0160irina pakiranja: 750 mm<\/li>\n<li>Dol\u017eina pakiranja: 1945 mm<\/li>\n<li>Vi\u0161ina pakiranja: 580 mm<\/li>\n<\/ul>\n<\/li>\n<li><strong>Splo\u0161ni podatki<\/strong>\n<ul>\n<li>EAN koda: 9120058377396<\/li>\n<\/ul>\n<\/li>\n<\/ul>\n","protected":false},"excerpt":{"rendered":"<h3><span style=\"font-size: 16px\">NA ZALOGI\/VELJA DO PRODAJE\/PLA\u010cILO NA OBROKE DO 12.000\u20ac-TAKOJ<\/span><\/h3>\n<ul>\n<li>izredna mo\u010d odsesovanja za kompletno mizarsko odsesovanje<\/li>\n<li>jekelna turbina<\/li>\n<li>robustno ohi\u0161je<\/li>\n<li>mo\u010dan motor in pameten dizajn, za najvecji mo\u017een oretok zraka in odsesovalno mo\u010d<\/li>\n<li>stalno visoka delovna sposobnost<\/li>\n<li>isto\u010dasno je mo\u017eno povezati in odsesovati 4 stroje preko priklopa<\/li>\n<li>Izbirate lahko zgornji ali spodnji priklju\u010dek za odsesanje<\/li>\n<li>velika povr\u0161ina filtra omogo\u010da visoke sesalne lastnosti in max mo\u010d potega ter pretoka<\/li>\n<li>kolesa omogo\u010dajo mobilnost po delavnici<\/li>\n<\/ul>\n<p><strong>vklju\u010deno v dostavo<\/strong> : pomi\u010dna naprava, komplet za vre\u010dke za prah in iver; razdelilnik (1x\u00f8100mm, 3x\u00f8125mm \u010dep za zbiranje prahu); adapter \u00f8100 \/ \u00f8120<\/p>\n","protected":false},"featured_media":4912,"template":"","meta":[],"product_brand":[],"product_cat":[1035,1012],"product_tag":[],"class_list":{"0":"post-4911","1":"product","2":"type-product","3":"status-publish","4":"has-post-thumbnail","6":"product_cat-sesalci","7":"product_cat-stroji-za-les","9":"first","10":"instock","11":"shipping-taxable","12":"purchasable","13":"product-type-simple"},"_links":{"self":[{"href":"https:\/\/www.depoles.com\/hr\/wp-json\/wp\/v2\/product\/4911","targetHints":{"allow":["GET"]}}],"collection":[{"href":"https:\/\/www.depoles.com\/hr\/wp-json\/wp\/v2\/product"}],"about":[{"href":"https:\/\/www.depoles.com\/hr\/wp-json\/wp\/v2\/types\/product"}],"wp:featuredmedia":[{"embeddable":true,"href":"https:\/\/www.depoles.com\/hr\/wp-json\/wp\/v2\/media\/4912"}],"wp:attachment":[{"href":"https:\/\/www.depoles.com\/hr\/wp-json\/wp\/v2\/media?parent=4911"}],"wp:term":[{"taxonomy":"product_brand","embeddable":true,"href":"https:\/\/www.depoles.com\/hr\/wp-json\/wp\/v2\/product_brand?post=4911"},{"taxonomy":"product_cat","embeddable":true,"href":"https:\/\/www.depoles.com\/hr\/wp-json\/wp\/v2\/product_cat?post=4911"},{"taxonomy":"product_tag","embeddable":true,"href":"https:\/\/www.depoles.com\/hr\/wp-json\/wp\/v2\/product_tag?post=4911"}],"curies":[{"name":"wp","href":"https:\/\/api.w.org\/{rel}","templated":true}]}}