{"id":4914,"date":"2019-10-18T21:28:31","date_gmt":"2019-10-18T19:28:31","guid":{"rendered":"https:\/\/nova.depoles.com\/trgovina\/sesalec-abs1500ff_230v\/"},"modified":"2026-02-12T13:55:45","modified_gmt":"2026-02-12T12:55:45","slug":"sesalec-abs1500ff_230v","status":"publish","type":"product","link":"https:\/\/www.depoles.com\/hr\/trgovina\/sesalec-abs1500ff_230v\/","title":{"rendered":"Usisava\u010d ABS1500FF_230V"},"content":{"rendered":"<p><strong>Tehni\u010dni podatki<\/strong><\/p>\n<ul>\n<li><strong>Motor:<\/strong>\n<ul>\n<li>Mo\u010d motorja S1: 750 W<\/li>\n<li>Mo\u010d motorja S6: 1000 W<\/li>\n<li>Napetost: 230 V<\/li>\n<li>Hitrost: 2950 min\u207b\u00b9<\/li>\n<\/ul>\n<\/li>\n<li><strong>Dimenzije:<\/strong>\n<ul>\n<li>Premer sesalnega priklju\u010dka: 100 mm<\/li>\n<\/ul>\n<\/li>\n<li><strong>Zbiralci prahu:<\/strong>\n<ul>\n<li>Sesalna zmogljivost: 1500 m\u00b3\/h<\/li>\n<li>Prostornina vre\u010de za sekance: 60 l<\/li>\n<li>Podtlak: 1020 Pa<\/li>\n<\/ul>\n<\/li>\n<li><strong>Raven glasnosti in vibracije:<\/strong>\n<ul>\n<li>Raven zvo\u010dne mo\u010di: 85 dB(A)<\/li>\n<\/ul>\n<\/li>\n<li><strong>Te\u017ea:<\/strong>\n<ul>\n<li>Bruto te\u017ea: 33 kg<\/li>\n<li>Netto te\u017ea: 32 kg<\/li>\n<\/ul>\n<\/li>\n<li><strong>Embal\u017ea:<\/strong>\n<ul>\n<li>\u0160irina embala\u017ee: 760 mm<\/li>\n<li>Dol\u017eina embala\u017ee: 840 mm<\/li>\n<li>Vi\u0161ina embala\u017ee: 460 mm<\/li>\n<\/ul>\n<\/li>\n<li><strong>Splo\u0161ni podatki:<\/strong>\n<ul>\n<li>EAN koda: 9120058376504<\/li>\n<\/ul>\n<\/li>\n<\/ul>\n","protected":false},"excerpt":{"rendered":"<h3>Poudarki izdelka<\/h3>\n<p>Izdelek se pona\u0161a z napredno filtracijo in robustno konstrukcijo, ki zagotavlja u\u010dinkovito delovanje tudi pri zahtevnih pogojih:<\/p>\n<ul>\n<li>Integriran filter kartu\u0161e<\/li>\n<li>Veliko filtrirno obmo\u010dje za ve\u010dji pretok zraka<\/li>\n<li>Jekleno obo\u017eevalno kolo, odporno na sesanje drobnih lesnih delcev<\/li>\n<li>Konstantna ekstrakcijska mo\u010d tudi pri dolgih delovnih ciklih<\/li>\n<li>Trdna jeklena konstrukcija, ki minimalizira stati\u010dni naboj v primerjavi s plasti\u010dnimi ohi\u0161ji<\/li>\n<li>Enostavna in hitra menjava vre\u010dk<\/li>\n<li>Vklju\u010dena kolesa za visoko mobilnost<\/li>\n<li>Filtrirna povr\u0161ina 2,2 m\u00b2<\/li>\n<\/ul>\n<p><strong>Vklju\u010deno v paket:<\/strong> filter kartu\u0161e FP1, naprava za sesanje tal, vre\u010da za odpadke, vozi\u010dek<\/p>\n","protected":false},"featured_media":4915,"template":"","meta":[],"product_brand":[],"product_cat":[1035,1012],"product_tag":[],"class_list":{"0":"post-4914","1":"product","2":"type-product","3":"status-publish","4":"has-post-thumbnail","6":"product_cat-sesalci","7":"product_cat-stroji-za-les","9":"first","10":"instock","11":"shipping-taxable","12":"purchasable","13":"product-type-simple"},"_links":{"self":[{"href":"https:\/\/www.depoles.com\/hr\/wp-json\/wp\/v2\/product\/4914","targetHints":{"allow":["GET"]}}],"collection":[{"href":"https:\/\/www.depoles.com\/hr\/wp-json\/wp\/v2\/product"}],"about":[{"href":"https:\/\/www.depoles.com\/hr\/wp-json\/wp\/v2\/types\/product"}],"wp:featuredmedia":[{"embeddable":true,"href":"https:\/\/www.depoles.com\/hr\/wp-json\/wp\/v2\/media\/4915"}],"wp:attachment":[{"href":"https:\/\/www.depoles.com\/hr\/wp-json\/wp\/v2\/media?parent=4914"}],"wp:term":[{"taxonomy":"product_brand","embeddable":true,"href":"https:\/\/www.depoles.com\/hr\/wp-json\/wp\/v2\/product_brand?post=4914"},{"taxonomy":"product_cat","embeddable":true,"href":"https:\/\/www.depoles.com\/hr\/wp-json\/wp\/v2\/product_cat?post=4914"},{"taxonomy":"product_tag","embeddable":true,"href":"https:\/\/www.depoles.com\/hr\/wp-json\/wp\/v2\/product_tag?post=4914"}],"curies":[{"name":"wp","href":"https:\/\/api.w.org\/{rel}","templated":true}]}}