{"id":4921,"date":"2019-10-18T21:28:27","date_gmt":"2019-10-18T19:28:27","guid":{"rendered":"https:\/\/nova.depoles.com\/trgovina\/sesalec-abs1080_230v\/"},"modified":"2026-02-13T13:02:10","modified_gmt":"2026-02-13T12:02:10","slug":"sesalec-abs1080_230v","status":"publish","type":"product","link":"https:\/\/www.depoles.com\/hr\/trgovina\/sesalec-abs1080_230v\/","title":{"rendered":"Usisava\u010d ABS1080_230V"},"content":{"rendered":"<p><strong>Tehni\u010dna specifikacija<\/strong><\/p>\n<table>\n<tbody>\n<tr>\n<th colspan=\"2\">Podatki o motorju<\/th>\n<\/tr>\n<tr>\n<td>Mo\u010d motorja S1<\/td>\n<td>750 W<\/td>\n<\/tr>\n<tr>\n<td>Mo\u010d motorja S6<\/td>\n<td>1000 W<\/td>\n<\/tr>\n<tr>\n<td>Hitrost<\/td>\n<td>2950 min\u207b\u00b9<\/td>\n<\/tr>\n<tr>\n<td>Napetost<\/td>\n<td>230 V<\/td>\n<\/tr>\n<tr>\n<th colspan=\"2\">Dimenzije<\/th>\n<\/tr>\n<tr>\n<td>Maksimalna vi\u0161ina<\/td>\n<td>1800 mm<\/td>\n<\/tr>\n<tr>\n<td>Premer sesalne odprtine<\/td>\n<td>100 mm<\/td>\n<\/tr>\n<tr>\n<th colspan=\"2\">Zbiralci prahu<\/th>\n<\/tr>\n<tr>\n<td>Negativni tlak (hipotenzija)<\/td>\n<td>1020 Pa<\/td>\n<\/tr>\n<tr>\n<td>Premer ventilatorja<\/td>\n<td>230 mm<\/td>\n<\/tr>\n<tr>\n<td>Dol\u017eina vre\u010de za sekance<\/td>\n<td>1060 mm<\/td>\n<\/tr>\n<tr>\n<td>Premer vre\u010de za sekance<\/td>\n<td>375 mm<\/td>\n<\/tr>\n<tr>\n<td>Prostornina vre\u010de za sekance<\/td>\n<td>100 l<\/td>\n<\/tr>\n<tr>\n<td>Sesalna zmogljivost<\/td>\n<td>1080 m\u00b3\/h<\/td>\n<\/tr>\n<tr>\n<th colspan=\"2\">Ravni hrupa in vibracij<\/th>\n<\/tr>\n<tr>\n<td>Nivo zvo\u010dnega tlaka<\/td>\n<td>86,5 dB(A)<\/td>\n<\/tr>\n<tr>\n<td>Nivo zvo\u010dne mo\u010di<\/td>\n<td>95,6 dB(A)<\/td>\n<\/tr>\n<tr>\n<th colspan=\"2\">Te\u017ea<\/th>\n<\/tr>\n<tr>\n<td>Bruto te\u017ea<\/td>\n<td>28 kg<\/td>\n<\/tr>\n<tr>\n<td>Netto te\u017ea<\/td>\n<td>26 kg<\/td>\n<\/tr>\n<tr>\n<th colspan=\"2\">Embala\u017ea<\/th>\n<\/tr>\n<tr>\n<td>Dol\u017eina embala\u017ee<\/td>\n<td>970 mm<\/td>\n<\/tr>\n<tr>\n<td>\u0160irina embala\u017ee<\/td>\n<td>420 mm<\/td>\n<\/tr>\n<tr>\n<td>Vi\u0161ina embala\u017ee<\/td>\n<td>450 mm<\/td>\n<\/tr>\n<tr>\n<th colspan=\"2\">Splo\u0161ni podatki<\/th>\n<\/tr>\n<tr>\n<td>EAN koda<\/td>\n<td>9120039901947<\/td>\n<\/tr>\n<\/tbody>\n<\/table>\n","protected":false},"excerpt":{"rendered":"<h3>Poudarki izdelka<\/h3>\n<p>Ta naprava zdru\u017euje stabilno konstrukcijo iz plo\u010devine z odli\u010dno zmogljivostjo pretoka zraka, kar omogo\u010da u\u010dinkovito sesanje in nizko vzdr\u017eevanje. Namenjena je stalni uporabi, njena zasnova pa zagotavlja visoko hitrost zraka in izbolj\u0161ane zmogljivosti (CFM).<\/p>\n<ul>\n<li>Stabilna konstrukcija iz plo\u010devine in odli\u010dna zmogljivost pretoka zraka<\/li>\n<li>Odporen kovinski ventilator<\/li>\n<li>Velika zmogljivost vre\u010dke za prah in sekance, kar pomeni nizko stopnjo vzdr\u017eevanja<\/li>\n<li>Pameten dizajn za visoko hitrost zraka in izbolj\u0161ane zmogljivosti (CFM)<\/li>\n<li>Primerna za neprekinjeno delovanje<\/li>\n<li>Odli\u010dno razmerje med stro\u0161ki in uspe\u0161nostjo<\/li>\n<li>Visoka zmogljivost sesanja zaradi velike povr\u0161ine filtra<\/li>\n<li>Enostavno premikanje po delavnici na \u0161tirih vrtljivih kolesih<\/li>\n<\/ul>\n<p><strong>Vklju\u010deno v dostavo:<\/strong> premi\u010dna naprava, priklju\u010dna napa, komplet vre\u010dke za prah in sekance ter 2,4 m sesalna cev \u00d8100 mm.<\/p>\n","protected":false},"featured_media":4922,"template":"","meta":[],"product_brand":[],"product_cat":[1035,1012],"product_tag":[],"class_list":{"0":"post-4921","1":"product","2":"type-product","3":"status-publish","4":"has-post-thumbnail","6":"product_cat-sesalci","7":"product_cat-stroji-za-les","9":"first","10":"instock","11":"shipping-taxable","12":"purchasable","13":"product-type-simple"},"_links":{"self":[{"href":"https:\/\/www.depoles.com\/hr\/wp-json\/wp\/v2\/product\/4921","targetHints":{"allow":["GET"]}}],"collection":[{"href":"https:\/\/www.depoles.com\/hr\/wp-json\/wp\/v2\/product"}],"about":[{"href":"https:\/\/www.depoles.com\/hr\/wp-json\/wp\/v2\/types\/product"}],"wp:featuredmedia":[{"embeddable":true,"href":"https:\/\/www.depoles.com\/hr\/wp-json\/wp\/v2\/media\/4922"}],"wp:attachment":[{"href":"https:\/\/www.depoles.com\/hr\/wp-json\/wp\/v2\/media?parent=4921"}],"wp:term":[{"taxonomy":"product_brand","embeddable":true,"href":"https:\/\/www.depoles.com\/hr\/wp-json\/wp\/v2\/product_brand?post=4921"},{"taxonomy":"product_cat","embeddable":true,"href":"https:\/\/www.depoles.com\/hr\/wp-json\/wp\/v2\/product_cat?post=4921"},{"taxonomy":"product_tag","embeddable":true,"href":"https:\/\/www.depoles.com\/hr\/wp-json\/wp\/v2\/product_tag?post=4921"}],"curies":[{"name":"wp","href":"https:\/\/api.w.org\/{rel}","templated":true}]}}