{"id":4923,"date":"2019-10-18T21:28:25","date_gmt":"2019-10-18T19:28:25","guid":{"rendered":"https:\/\/nova.depoles.com\/trgovina\/sesalec-with-insert-abs4560_400v\/"},"modified":"2026-02-12T13:47:07","modified_gmt":"2026-02-12T12:47:07","slug":"sesalec-with-insert-abs4560_400v","status":"publish","type":"product","link":"https:\/\/www.depoles.com\/hr\/trgovina\/sesalec-with-insert-abs4560_400v\/","title":{"rendered":"USISAVA\u010c PROFI ABS4560 400V"},"content":{"rendered":"<p><strong>Tehni\u010dni podatki<\/strong><\/p>\n<ul>\n<li><strong>Motor:<\/strong>\n<ul>\n<li>Hitrost: 2950 min\u207b\u00b9<\/li>\n<li>Mo\u010d motorja S1: 3700 W<\/li>\n<li>Mo\u010d motorja S6: 5200 W<\/li>\n<li>Napetost: 400 V<\/li>\n<\/ul>\n<\/li>\n<li><strong>Dimenzije:<\/strong>\n<ul>\n<li>Maksimalna vi\u0161ina: 2330 mm<\/li>\n<li>Sesalni priklju\u010dek: 4&#215;100 mm<\/li>\n<\/ul>\n<\/li>\n<li><strong>Zbiralci prahu:<\/strong>\n<ul>\n<li>Negativni tlak: 2340 Pa<\/li>\n<li>Premer ventilatorja: 360 mm<\/li>\n<li>Dol\u017eina vre\u010de za odrezke: 850 mm<\/li>\n<li>Premer vre\u010de za odrezke: 500 mm<\/li>\n<li>Kapaciteta vre\u010d za odrezke: 3&#215;160 l<\/li>\n<li>Sesalna zmogljivost: 4560 m\u00b3\/h<\/li>\n<\/ul>\n<\/li>\n<li><strong>Te\u017ea:<\/strong>\n<ul>\n<li>Bruto te\u017ea: 128 kg<\/li>\n<li>Netto te\u017ea: 85 kg<\/li>\n<\/ul>\n<\/li>\n<li><strong>Embala\u017ea:<\/strong>\n<ul>\n<li>Dol\u017eina embala\u017ee: 1160 mm<\/li>\n<li>\u0160irina embala\u017ee: 860 mm<\/li>\n<li>Vi\u0161ina embala\u017ee: 710 mm<\/li>\n<\/ul>\n<\/li>\n<li><strong>Splo\u0161ni podatki:<\/strong>\n<ul>\n<li>EAN koda: 9120039900599<\/li>\n<\/ul>\n<\/li>\n<\/ul>\n","protected":false},"excerpt":{"rendered":"<h3>ABS 4560 PROFI SESALEC<\/h3>\n<p><strong>izredno zmogljiv sesalec za ve\u010dje in manj\u0161e delavnice , kjer potrebujete odsesovanje na ve\u010d strojih hkrati<\/strong><\/p>\n<ul>\n<li>stabilna konstrukcija plo\u010devine in odli\u010dna zmogljivost pretoka zraka<\/li>\n<li>odporna jeklna turbina<\/li>\n<li>seslane turbin v ohisju name\u0161\u010dena v sredini sesalca na ohisje in<\/li>\n<li>vertikalno postavljen motor za \u010dim ve\u010djo mo\u010d in lazji dostop do\u00a0 priklju\u010dkov za odseosvanje s spodnje strani<\/li>\n<li>velika zmogljivost vre\u010dke za opilke\u00a0 nizka stopnja vzdr\u017eevanja<\/li>\n<li>pameten dizajn omogo\u010da visoko hitrost zraka in izbolj\u0161ane (CFM) zmogljivosti\/ve\u010dja mo\u010d odsesovanja<\/li>\n<li>zasnovan za stalno delovanje pri neprekinjeni uporabi<\/li>\n<li>visoke zmogljivosti sesanja zaradi velike povr\u0161ine filtra<\/li>\n<li>se brez te\u017eav premika po delavnici na 4 vrtljivih kolesih<\/li>\n<\/ul>\n<p><strong>vklju\u010deno v dostavo:<\/strong> priklju\u010dna kapa, razdelba,\u00a0 4 x 100 mm , vre\u010de zgornje in spodnje<\/p>\n","protected":false},"featured_media":4924,"template":"","meta":[],"product_brand":[],"product_cat":[1035,1012],"product_tag":[],"class_list":{"0":"post-4923","1":"product","2":"type-product","3":"status-publish","4":"has-post-thumbnail","6":"product_cat-sesalci","7":"product_cat-stroji-za-les","9":"first","10":"instock","11":"shipping-taxable","12":"purchasable","13":"product-type-simple"},"_links":{"self":[{"href":"https:\/\/www.depoles.com\/hr\/wp-json\/wp\/v2\/product\/4923","targetHints":{"allow":["GET"]}}],"collection":[{"href":"https:\/\/www.depoles.com\/hr\/wp-json\/wp\/v2\/product"}],"about":[{"href":"https:\/\/www.depoles.com\/hr\/wp-json\/wp\/v2\/types\/product"}],"wp:featuredmedia":[{"embeddable":true,"href":"https:\/\/www.depoles.com\/hr\/wp-json\/wp\/v2\/media\/4924"}],"wp:attachment":[{"href":"https:\/\/www.depoles.com\/hr\/wp-json\/wp\/v2\/media?parent=4923"}],"wp:term":[{"taxonomy":"product_brand","embeddable":true,"href":"https:\/\/www.depoles.com\/hr\/wp-json\/wp\/v2\/product_brand?post=4923"},{"taxonomy":"product_cat","embeddable":true,"href":"https:\/\/www.depoles.com\/hr\/wp-json\/wp\/v2\/product_cat?post=4923"},{"taxonomy":"product_tag","embeddable":true,"href":"https:\/\/www.depoles.com\/hr\/wp-json\/wp\/v2\/product_tag?post=4923"}],"curies":[{"name":"wp","href":"https:\/\/api.w.org\/{rel}","templated":true}]}}