{"id":4930,"date":"2019-10-18T21:28:24","date_gmt":"2019-10-18T19:28:24","guid":{"rendered":"https:\/\/nova.depoles.com\/trgovina\/sesalec-dvovrecni-abs3880_400v\/"},"modified":"2026-02-12T13:57:48","modified_gmt":"2026-02-12T12:57:48","slug":"sesalec-dvovrecni-abs3880_400v","status":"publish","type":"product","link":"https:\/\/www.depoles.com\/hr\/trgovina\/sesalec-dvovrecni-abs3880_400v\/","title":{"rendered":"DVOSTRUKI USISAVA\u010c ABS3880_400V"},"content":{"rendered":"<p><strong>Tehni\u010dni podatki<\/strong><\/p>\n<table>\n<tbody>\n<tr>\n<th colspan=\"2\">Podatki o motorju<\/th>\n<\/tr>\n<tr>\n<td>Hitrost (min\u207b\u00b9)<\/td>\n<td>2950<\/td>\n<\/tr>\n<tr>\n<td>Moc motorja S1 (W)<\/td>\n<td>2200<\/td>\n<\/tr>\n<tr>\n<td>Moc motorja S6 (W)<\/td>\n<td>3300<\/td>\n<\/tr>\n<tr>\n<td>Napetost<\/td>\n<td>400V<\/td>\n<\/tr>\n<tr>\n<th colspan=\"2\">Dimenzije<\/th>\n<\/tr>\n<tr>\n<td>Maksimalna vi\u0161ina (mm)<\/td>\n<td>2200<\/td>\n<\/tr>\n<tr>\n<td>Sesalni priklju\u010dek (mm)<\/td>\n<td>3&#215;100<\/td>\n<\/tr>\n<tr>\n<th colspan=\"2\">Sesalci prahu<\/th>\n<\/tr>\n<tr>\n<td>Podtlak (Pa)<\/td>\n<td>1750<\/td>\n<\/tr>\n<tr>\n<td>Premer ventilatorja (mm)<\/td>\n<td>300<\/td>\n<\/tr>\n<tr>\n<td>Dol\u017eina vre\u010de za sekance (mm)<\/td>\n<td>1480<\/td>\n<\/tr>\n<tr>\n<td>Premer vre\u010de za sekance (mm)<\/td>\n<td>500<\/td>\n<\/tr>\n<tr>\n<td>Prostornina vre\u010de za sekance (l)<\/td>\n<td>2&#215;200<\/td>\n<\/tr>\n<tr>\n<td>Sesalna zmogljivost (m\u00b3\/h)<\/td>\n<td>3880<\/td>\n<\/tr>\n<tr>\n<th colspan=\"2\">Raven hrupa in vibracije<\/th>\n<\/tr>\n<tr>\n<td>Nivo zvo\u010dnega tlaka (dB(A))<\/td>\n<td>89.4<\/td>\n<\/tr>\n<tr>\n<td>Nivo zvo\u010dne mo\u010di (dB(A))<\/td>\n<td>102.1<\/td>\n<\/tr>\n<tr>\n<th colspan=\"2\">Te\u017ea<\/th>\n<\/tr>\n<tr>\n<td>Bruto te\u017ea (kg)<\/td>\n<td>54<\/td>\n<\/tr>\n<tr>\n<td>Netto te\u017ea (kg)<\/td>\n<td>52<\/td>\n<\/tr>\n<tr>\n<th colspan=\"2\">Pakiranje<\/th>\n<\/tr>\n<tr>\n<td>Dol\u017eina pakiranja (mm)<\/td>\n<td>1170<\/td>\n<\/tr>\n<tr>\n<td>\u0160irina pakiranja (mm)<\/td>\n<td>560<\/td>\n<\/tr>\n<tr>\n<td>Vi\u0161ina pakiranja (mm)<\/td>\n<td>570<\/td>\n<\/tr>\n<tr>\n<th colspan=\"2\">Splo\u0161ni podatki<\/th>\n<\/tr>\n<tr>\n<td>EAN koda<\/td>\n<td>9120039900360<\/td>\n<\/tr>\n<\/tbody>\n<\/table>\n","protected":false},"excerpt":{"rendered":"<h3>Poudarki<\/h3>\n<p>Ta premi\u010dna naprava izstopa po stabilni konstrukciji iz plo\u010devine in odli\u010dni zmogljivosti pretoka zraka. Odlikuje jo odporen kovinski ventilator ter velika zmogljivost vre\u010dke za \u010dipe, kar pomeni nizko stopnjo vzdr\u017eevanja. Pameten dizajn omogo\u010da visoko hitrost zraka in izbolj\u0161ane zmogljivosti (CFM). Naprava je zasnovana za stalno delovanje pri neprekinjeni uporabi, ponuja odli\u010dno razmerje med stro\u0161ki in uspe\u0161nostjo ter visoke zmogljivosti sesanja zaradi velike povr\u0161ine filtra. Zelo enostavno se premika po delavnici na \u0161tirih vrtljivih kolesih.<\/p>\n<ul>\n<li>Stabilna konstrukcija plo\u010devine in odli\u010dna zmogljivost pretoka zraka<\/li>\n<li>Odporen kovinski ventilator<\/li>\n<li>Velika zmogljivost vre\u010dke za \u010dipe, kar pomeni nizko stopnjo vzdr\u017eevanja<\/li>\n<li>Pameten dizajn za visoko hitrost zraka in izbolj\u0161ane zmogljivosti (CFM)<\/li>\n<li>Zasnovan za stalno delovanje pri neprekinjeni uporabi<\/li>\n<li>Odli\u010dno razmerje med stro\u0161ki in uspe\u0161nostjo<\/li>\n<li>Visoka zmogljivost sesanja zaradi velike povr\u0161ine filtra<\/li>\n<li>Enostavno premikanje po delavnici na 4 vrtljivih kolesih<\/li>\n<\/ul>\n<p><strong>Vklju\u010deno v dobavo:<\/strong> premi\u010dna naprava, priklju\u010dna napa ter komplet za vre\u010do za prah in \u010dipe.<\/p>\n","protected":false},"featured_media":4931,"template":"","meta":[],"product_brand":[],"product_cat":[1035,1012],"product_tag":[],"class_list":{"0":"post-4930","1":"product","2":"type-product","3":"status-publish","4":"has-post-thumbnail","6":"product_cat-sesalci","7":"product_cat-stroji-za-les","9":"first","10":"instock","11":"shipping-taxable","12":"purchasable","13":"product-type-simple"},"_links":{"self":[{"href":"https:\/\/www.depoles.com\/hr\/wp-json\/wp\/v2\/product\/4930","targetHints":{"allow":["GET"]}}],"collection":[{"href":"https:\/\/www.depoles.com\/hr\/wp-json\/wp\/v2\/product"}],"about":[{"href":"https:\/\/www.depoles.com\/hr\/wp-json\/wp\/v2\/types\/product"}],"wp:featuredmedia":[{"embeddable":true,"href":"https:\/\/www.depoles.com\/hr\/wp-json\/wp\/v2\/media\/4931"}],"wp:attachment":[{"href":"https:\/\/www.depoles.com\/hr\/wp-json\/wp\/v2\/media?parent=4930"}],"wp:term":[{"taxonomy":"product_brand","embeddable":true,"href":"https:\/\/www.depoles.com\/hr\/wp-json\/wp\/v2\/product_brand?post=4930"},{"taxonomy":"product_cat","embeddable":true,"href":"https:\/\/www.depoles.com\/hr\/wp-json\/wp\/v2\/product_cat?post=4930"},{"taxonomy":"product_tag","embeddable":true,"href":"https:\/\/www.depoles.com\/hr\/wp-json\/wp\/v2\/product_tag?post=4930"}],"curies":[{"name":"wp","href":"https:\/\/api.w.org\/{rel}","templated":true}]}}