{"id":4932,"date":"2019-10-18T21:28:23","date_gmt":"2019-10-18T19:28:23","guid":{"rendered":"https:\/\/nova.depoles.com\/trgovina\/sesalec-dvovrecni-abs3880_230v\/"},"modified":"2026-02-12T13:57:27","modified_gmt":"2026-02-12T12:57:27","slug":"sesalec-dvovrecni-abs3880_230v","status":"publish","type":"product","link":"https:\/\/www.depoles.com\/hr\/trgovina\/sesalec-dvovrecni-abs3880_230v\/","title":{"rendered":"DVOSMJERNI USISAVA\u010c ABS3880_230V"},"content":{"rendered":"<p><strong>Tehni\u010dna specifikacija<\/strong><\/p>\n<ul>\n<li><strong>Podatki o motorju<\/strong>\n<ul>\n<li>Hitrost: 2950 min\u207b\u00b9<\/li>\n<li>Mo\u010d motorja S1: 2200 W<\/li>\n<li>Mo\u010d motorja S6: 3300 W<\/li>\n<li>Napetost: 230 V<\/li>\n<\/ul>\n<\/li>\n<li><strong>Dimenzije<\/strong>\n<ul>\n<li>Maksimalna vi\u0161ina: 2200 mm<\/li>\n<li>Sesalni priklju\u010dek: 3 x 100 mm<\/li>\n<\/ul>\n<\/li>\n<li><strong>Zbiralci prahu<\/strong>\n<ul>\n<li>Nizki tlak (hipotenzija): 1750 Pa<\/li>\n<li>Premer ventilatorja: 300 mm<\/li>\n<li>Dol\u017eina vre\u010de za sekance: 1480 mm<\/li>\n<li>Premer vre\u010de za sekance: 500 mm<\/li>\n<li>Kapaciteta vre\u010d za sekance: 2 x 200 l<\/li>\n<li>Sesalna zmogljivost: 3880 m\u00b3\/h<\/li>\n<\/ul>\n<\/li>\n<li><strong>Raven hrupa in vibracije<\/strong>\n<ul>\n<li>Nivo zvo\u010dnega tlaka: 89,4 dB(A)<\/li>\n<li>Nivo zvo\u010dne mo\u010di: 102,1 dB(A)<\/li>\n<\/ul>\n<\/li>\n<li><strong>Te\u017ea<\/strong>\n<ul>\n<li>Bruto te\u017ea: 54 kg<\/li>\n<li>Netto te\u017ea: 52 kg<\/li>\n<\/ul>\n<\/li>\n<li><strong>Embala\u017ea<\/strong>\n<ul>\n<li>Dol\u017eina embala\u017ee: 1170 mm<\/li>\n<li>\u0160irina embala\u017ee: 560 mm<\/li>\n<li>Vi\u0161ina embala\u017ee: 570 mm<\/li>\n<\/ul>\n<\/li>\n<li><strong>Splo\u0161ni podatki<\/strong>\n<ul>\n<li>EAN koda: 9120039901954<\/li>\n<\/ul>\n<\/li>\n<\/ul>\n","protected":false},"excerpt":{"rendered":"<h3>Poudarki<\/h3>\n<p>Ta naprava je zasnovana za zanesljivo in u\u010dinkovito delovanje z naslednjimi lastnostmi:<\/p>\n<ul>\n<li>stabilna konstrukcija iz plo\u010devine in odli\u010dna zmogljivost pretoka zraka<\/li>\n<li>odporen kovinski ventilator<\/li>\n<li>velika zmogljivost vre\u010dke za \u010dipe, kar pomeni nizko stopnjo vzdr\u017eevanja<\/li>\n<li>pametna zasnova omogo\u010da visoko hitrost zraka in izbolj\u0161ane zmogljivosti (CFM)<\/li>\n<li>zasnovana za neprekinjeno delovanje<\/li>\n<li>odli\u010dno razmerje med ceno in uspe\u0161nostjo<\/li>\n<li>visoka zmogljivost sesanja zaradi velike povr\u0161ine filtra<\/li>\n<li>enostavno premikanje po delavnici na \u0161tirih vrtljivih kolesih<\/li>\n<\/ul>\n<p><strong>Vklju\u010deno v dobavo:<\/strong> premi\u010dna naprava, priklju\u010dna napa ter komplet za vre\u010do za prah in \u010dipe.<\/p>\n","protected":false},"featured_media":4933,"template":"","meta":[],"product_brand":[],"product_cat":[1035,1012],"product_tag":[],"class_list":{"0":"post-4932","1":"product","2":"type-product","3":"status-publish","4":"has-post-thumbnail","6":"product_cat-sesalci","7":"product_cat-stroji-za-les","9":"first","10":"instock","11":"shipping-taxable","12":"purchasable","13":"product-type-simple"},"_links":{"self":[{"href":"https:\/\/www.depoles.com\/hr\/wp-json\/wp\/v2\/product\/4932","targetHints":{"allow":["GET"]}}],"collection":[{"href":"https:\/\/www.depoles.com\/hr\/wp-json\/wp\/v2\/product"}],"about":[{"href":"https:\/\/www.depoles.com\/hr\/wp-json\/wp\/v2\/types\/product"}],"wp:featuredmedia":[{"embeddable":true,"href":"https:\/\/www.depoles.com\/hr\/wp-json\/wp\/v2\/media\/4933"}],"wp:attachment":[{"href":"https:\/\/www.depoles.com\/hr\/wp-json\/wp\/v2\/media?parent=4932"}],"wp:term":[{"taxonomy":"product_brand","embeddable":true,"href":"https:\/\/www.depoles.com\/hr\/wp-json\/wp\/v2\/product_brand?post=4932"},{"taxonomy":"product_cat","embeddable":true,"href":"https:\/\/www.depoles.com\/hr\/wp-json\/wp\/v2\/product_cat?post=4932"},{"taxonomy":"product_tag","embeddable":true,"href":"https:\/\/www.depoles.com\/hr\/wp-json\/wp\/v2\/product_tag?post=4932"}],"curies":[{"name":"wp","href":"https:\/\/api.w.org\/{rel}","templated":true}]}}