{"id":4934,"date":"2019-10-18T21:28:22","date_gmt":"2019-10-18T19:28:22","guid":{"rendered":"https:\/\/nova.depoles.com\/trgovina\/sesalec-with-insert-abs2480_400v\/"},"modified":"2026-04-05T12:35:27","modified_gmt":"2026-04-05T10:35:27","slug":"sesalec-with-insert-abs2480_400v","status":"publish","type":"product","link":"https:\/\/www.depoles.com\/hr\/trgovina\/sesalec-with-insert-abs2480_400v\/","title":{"rendered":"Usisava\u010d ABS2480_400V"},"content":{"rendered":"<p><strong>Tehni\u010dna specifikacija<\/strong><\/p>\n<ul>\n<li><strong>Podatki o motorju<\/strong>\n<ul>\n<li>Hitrost: 2950 min\u207b\u00b9<\/li>\n<li>Mo\u010d motorja S1: 1500 W<\/li>\n<li>Mo\u010d motorja S6: 2250 W<\/li>\n<li>Napetost: 400 V<\/li>\n<\/ul>\n<\/li>\n<li><strong>Dimenzije<\/strong>\n<ul>\n<li>Maksimalna vi\u0161ina: 2400 mm<\/li>\n<li>Sesalni priklju\u010dek: 2 x 100 mm<\/li>\n<\/ul>\n<\/li>\n<li><strong>Zbiralniki prahu<\/strong>\n<ul>\n<li>Podtlak: 1800 Pa<\/li>\n<li>Premer ventilatorja: 300 mm<\/li>\n<li>Dol\u017eina vre\u010de za ostru\u017eke: 1480 mm<\/li>\n<li>Premer vre\u010de za ostru\u017eke: 500 mm<\/li>\n<li>Prostornina vre\u010de za ostru\u017eke: 300 l<\/li>\n<li>Sesalna zmogljivost: 2480 m\u00b3\/h<\/li>\n<\/ul>\n<\/li>\n<li><strong>Ravni hrupa in vibracij<\/strong>\n<ul>\n<li>Nivo zvo\u010dnega tlaka: 87,1 dB(A)<\/li>\n<li>Nivo zvo\u010dne mo\u010di: 100,1 dB(A)<\/li>\n<\/ul>\n<\/li>\n<li><strong>Te\u017ea<\/strong>\n<ul>\n<li>Bruto te\u017ea: 38 kg<\/li>\n<li>Netto te\u017ea: 36 kg<\/li>\n<\/ul>\n<\/li>\n<li><strong>Pakiranje<\/strong>\n<ul>\n<li>Dol\u017eina pakiranja: 920 mm<\/li>\n<li>\u0160irina pakiranja: 580 mm<\/li>\n<li>Vi\u0161ina pakiranja: 580 mm<\/li>\n<\/ul>\n<\/li>\n<li><strong>Splo\u0161ni podatki<\/strong>\n<ul>\n<li>EAN koda: 9120039900582<\/li>\n<\/ul>\n<\/li>\n<\/ul>\n","protected":false},"excerpt":{"rendered":"<h3>Poudarki<\/h3>\n<p>Ta premi\u010dna naprava izstopa z robustno konstrukcijo in visoko zmogljivostjo pretoka zraka. Namenjena je stalni uporabi in zagotavlja odli\u010dno razmerje med ceno in u\u010dinkovitostjo.<\/p>\n<ul>\n<li>Stabilna konstrukcija iz plo\u010devine in odli\u010dna zmogljivost pretoka zraka<\/li>\n<li>Odporen kovinski ventilator<\/li>\n<li>Velika zmogljivost vre\u010dke za \u010dipe, kar pomeni nizko stopnjo vzdr\u017eevanja<\/li>\n<li>Pameten dizajn za visoko hitrost zraka in izbolj\u0161ane CFM zmogljivosti<\/li>\n<li>Zasnovan za neprekinjeno delovanje<\/li>\n<li>Visoke zmogljivosti sesanja zaradi velike povr\u0161ine filtra<\/li>\n<li>Enostavno premikanje po delavnici na 4 vrtljivih kolesih<\/li>\n<\/ul>\n<p><strong>Vklju\u010deno v dobavo:<\/strong> premi\u010dna naprava, priklju\u010dna napa ter komplet za vre\u010do za prah in \u010dipe.<\/p>\n","protected":false},"featured_media":4935,"template":"","meta":[],"product_brand":[],"product_cat":[1035,1012],"product_tag":[],"class_list":{"0":"post-4934","1":"product","2":"type-product","3":"status-publish","4":"has-post-thumbnail","6":"product_cat-sesalci","7":"product_cat-stroji-za-les","9":"first","10":"instock","11":"shipping-taxable","12":"purchasable","13":"product-type-simple"},"_links":{"self":[{"href":"https:\/\/www.depoles.com\/hr\/wp-json\/wp\/v2\/product\/4934","targetHints":{"allow":["GET"]}}],"collection":[{"href":"https:\/\/www.depoles.com\/hr\/wp-json\/wp\/v2\/product"}],"about":[{"href":"https:\/\/www.depoles.com\/hr\/wp-json\/wp\/v2\/types\/product"}],"wp:featuredmedia":[{"embeddable":true,"href":"https:\/\/www.depoles.com\/hr\/wp-json\/wp\/v2\/media\/4935"}],"wp:attachment":[{"href":"https:\/\/www.depoles.com\/hr\/wp-json\/wp\/v2\/media?parent=4934"}],"wp:term":[{"taxonomy":"product_brand","embeddable":true,"href":"https:\/\/www.depoles.com\/hr\/wp-json\/wp\/v2\/product_brand?post=4934"},{"taxonomy":"product_cat","embeddable":true,"href":"https:\/\/www.depoles.com\/hr\/wp-json\/wp\/v2\/product_cat?post=4934"},{"taxonomy":"product_tag","embeddable":true,"href":"https:\/\/www.depoles.com\/hr\/wp-json\/wp\/v2\/product_tag?post=4934"}],"curies":[{"name":"wp","href":"https:\/\/api.w.org\/{rel}","templated":true}]}}