{"id":4936,"date":"2019-10-18T21:28:21","date_gmt":"2019-10-18T19:28:21","guid":{"rendered":"https:\/\/nova.depoles.com\/trgovina\/sesalec-with-insert-abs2480_230v\/"},"modified":"2026-02-12T13:56:23","modified_gmt":"2026-02-12T12:56:23","slug":"sesalec-with-insert-abs2480_230v","status":"publish","type":"product","link":"https:\/\/www.depoles.com\/hr\/trgovina\/sesalec-with-insert-abs2480_230v\/","title":{"rendered":"Usisava\u010d ABS2480_230V"},"content":{"rendered":"<p><strong>Specifikacije izdelka<\/strong><\/p>\n<table>\n<tbody>\n<tr>\n<th colspan=\"2\">Podatki o motorju<\/th>\n<\/tr>\n<tr>\n<td>Hitrost (min\u207b\u00b9)<\/td>\n<td>2950<\/td>\n<\/tr>\n<tr>\n<td>Mo\u010d motorja S1 (W)<\/td>\n<td>1500<\/td>\n<\/tr>\n<tr>\n<td>Mo\u010d motorja S6 (W)<\/td>\n<td>2250<\/td>\n<\/tr>\n<tr>\n<td>Napetost<\/td>\n<td>230V<\/td>\n<\/tr>\n<tr>\n<th colspan=\"2\">Dimenzije<\/th>\n<\/tr>\n<tr>\n<td>Maksimalna vi\u0161ina (mm)<\/td>\n<td>2400<\/td>\n<\/tr>\n<tr>\n<td>Sesalni priklju\u010dek (mm)<\/td>\n<td>2&#215;100<\/td>\n<\/tr>\n<tr>\n<th colspan=\"2\">Zbiralci prahu<\/th>\n<\/tr>\n<tr>\n<td>Pritisk podtlaka (Pa)<\/td>\n<td>1800<\/td>\n<\/tr>\n<tr>\n<td>Premer ventilatorja (mm)<\/td>\n<td>300<\/td>\n<\/tr>\n<tr>\n<td>Dol\u017eina vre\u010de za odrezke (mm)<\/td>\n<td>1480<\/td>\n<\/tr>\n<tr>\n<td>Premer vre\u010de za odrezke (mm)<\/td>\n<td>500<\/td>\n<\/tr>\n<tr>\n<td>Prostornina vre\u010de za odrezke (l)<\/td>\n<td>300<\/td>\n<\/tr>\n<tr>\n<td>Sesalna zmogljivost (m\u00b3\/h)<\/td>\n<td>2480<\/td>\n<\/tr>\n<tr>\n<th colspan=\"2\">Raven glasnosti in vibracije<\/th>\n<\/tr>\n<tr>\n<td>Nivo zvo\u010dnega tlaka (dB(A))<\/td>\n<td>87.1<\/td>\n<\/tr>\n<tr>\n<td>Nivo zvo\u010dne mo\u010di (dB(A))<\/td>\n<td>100.1<\/td>\n<\/tr>\n<tr>\n<th colspan=\"2\">Te\u017ea<\/th>\n<\/tr>\n<tr>\n<td>Bruto te\u017ea (kg)<\/td>\n<td>38<\/td>\n<\/tr>\n<tr>\n<td>Netto te\u017ea (kg)<\/td>\n<td>36<\/td>\n<\/tr>\n<tr>\n<th colspan=\"2\">Embala\u017ea<\/th>\n<\/tr>\n<tr>\n<td>Dol\u017eina embala\u017ee (mm)<\/td>\n<td>920<\/td>\n<\/tr>\n<tr>\n<td>\u0160irina embala\u017ee (mm)<\/td>\n<td>580<\/td>\n<\/tr>\n<tr>\n<td>Vi\u0161ina embala\u017ee (mm)<\/td>\n<td>580<\/td>\n<\/tr>\n<tr>\n<th colspan=\"2\">Splo\u0161ni podatki<\/th>\n<\/tr>\n<tr>\n<td>EAN koda<\/td>\n<td>9120039901930<\/td>\n<\/tr>\n<\/tbody>\n<\/table>\n","protected":false},"excerpt":{"rendered":"<h3>Poudarki izdelka<\/h3>\n<p>Ta premi\u010dna naprava se pona\u0161a z robustno konstrukcijo iz plo\u010devine ter odli\u010dno zmogljivostjo pretoka zraka. Zasnovana je za stalno delovanje in nizko vzdr\u017eevanje, kar omogo\u010da velika zmogljivost vre\u010dke za prah in \u010dipe. Pameten dizajn zagotavlja visoko hitrost zraka ter izbolj\u0161ane zmogljivosti (CFM), medtem ko odporen kovinski ventilator skrbi za zanesljivo delovanje. Naprava se enostavno premika po delavnici zahvaljujo\u010d \u0161tirim vrtljivim kolesom in ponuja odli\u010dno razmerje med stro\u0161ki in u\u010dinkovitostjo.<\/p>\n<ul>\n<li>Stabilna konstrukcija iz plo\u010devine in odli\u010dna zmogljivost pretoka zraka<\/li>\n<li>Odporen kovinski ventilator<\/li>\n<li>Velika zmogljivost vre\u010dke za prah in \u010dipe, kar pomeni nizko vzdr\u017eevanje<\/li>\n<li>Pameten dizajn za visoko hitrost zraka in izbolj\u0161ane zmogljivosti (CFM)<\/li>\n<li>Primerno za stalno neprekinjeno delovanje<\/li>\n<li>Odli\u010dno razmerje med stro\u0161ki in uspe\u0161nostjo<\/li>\n<li>Visoka zmogljivost sesanja zaradi velike povr\u0161ine filtra<\/li>\n<li>Enostavno premikanje po delavnici na \u0161tirih vrtljivih kolesih<\/li>\n<\/ul>\n<p><strong>Vklju\u010deno v dobavo:<\/strong> premi\u010dna naprava, priklju\u010dna napa, komplet za vre\u010do za prah in \u010dipe.<\/p>\n","protected":false},"featured_media":4937,"template":"","meta":[],"product_brand":[],"product_cat":[1012],"product_tag":[],"class_list":{"0":"post-4936","1":"product","2":"type-product","3":"status-publish","4":"has-post-thumbnail","6":"product_cat-stroji-za-les","8":"first","9":"instock","10":"shipping-taxable","11":"purchasable","12":"product-type-simple"},"_links":{"self":[{"href":"https:\/\/www.depoles.com\/hr\/wp-json\/wp\/v2\/product\/4936","targetHints":{"allow":["GET"]}}],"collection":[{"href":"https:\/\/www.depoles.com\/hr\/wp-json\/wp\/v2\/product"}],"about":[{"href":"https:\/\/www.depoles.com\/hr\/wp-json\/wp\/v2\/types\/product"}],"wp:featuredmedia":[{"embeddable":true,"href":"https:\/\/www.depoles.com\/hr\/wp-json\/wp\/v2\/media\/4937"}],"wp:attachment":[{"href":"https:\/\/www.depoles.com\/hr\/wp-json\/wp\/v2\/media?parent=4936"}],"wp:term":[{"taxonomy":"product_brand","embeddable":true,"href":"https:\/\/www.depoles.com\/hr\/wp-json\/wp\/v2\/product_brand?post=4936"},{"taxonomy":"product_cat","embeddable":true,"href":"https:\/\/www.depoles.com\/hr\/wp-json\/wp\/v2\/product_cat?post=4936"},{"taxonomy":"product_tag","embeddable":true,"href":"https:\/\/www.depoles.com\/hr\/wp-json\/wp\/v2\/product_tag?post=4936"}],"curies":[{"name":"wp","href":"https:\/\/api.w.org\/{rel}","templated":true}]}}