{"id":4938,"date":"2019-10-18T21:28:19","date_gmt":"2019-10-18T19:28:19","guid":{"rendered":"https:\/\/nova.depoles.com\/trgovina\/podaljsek-steze-tracnice-bbs550smart_rb\/"},"modified":"2026-02-12T13:48:07","modified_gmt":"2026-02-12T12:48:07","slug":"podaljsek-steze-tracnice-bbs550smart_rb","status":"publish","type":"product","link":"https:\/\/www.depoles.com\/hr\/trgovina\/podaljsek-steze-tracnice-bbs550smart_rb\/","title":{"rendered":"Produ\u017eni kabel tra\u010dnice BBS550SMART_RB"},"content":{"rendered":"<p><strong>Tehni\u010dni podatki<\/strong><\/p>\n<ul>\n<li><strong>Motor<\/strong>\n<ul>\n<li>Pogonska mo\u010d S1: 300 W<\/li>\n<li>Napetost: 230 V \/ 50 Hz<\/li>\n<\/ul>\n<\/li>\n<li><strong>Dimenzije<\/strong>\n<ul>\n<li>Razpon vrtenja: 0-45\u00b0<\/li>\n<li>Skupne dimenzije (\u0160 x G x V): 490 x 380 x 840 mm<\/li>\n<li>Velikost mize: 300 x 300 mm<\/li>\n<li>Razpon dosega: 228 mm<\/li>\n<\/ul>\n<\/li>\n<li><strong>Rezanje<\/strong>\n<ul>\n<li>Maksimalna vi\u0161ina rezanja pri 90\u00b0: 90 mm<\/li>\n<\/ul>\n<\/li>\n<li><strong>Tra\u010dne \u017eage<\/strong>\n<ul>\n<li>Tra\u010dna \u017eaga (dol\u017eina x \u0161irina): 1575 x 3 &#8211; 10 mm<\/li>\n<li>Hitrost tra\u010dne \u017eage: 635 m\/min<\/li>\n<\/ul>\n<\/li>\n<li><strong>Te\u017ea<\/strong>\n<ul>\n<li>Netto te\u017ea: 20 kg<\/li>\n<li>Bruto te\u017ea: 23 kg<\/li>\n<\/ul>\n<\/li>\n<li><strong>Pakiranje<\/strong>\n<ul>\n<li>Vi\u0161ina pakiranja: 335 mm<\/li>\n<li>\u0160irina pakiranja: 455 mm<\/li>\n<li>Dol\u017eina pakiranja: 885 mm<\/li>\n<\/ul>\n<\/li>\n<li><strong>Splo\u0161ni podatki<\/strong>\n<ul>\n<li>EAN koda: 9120058372803<\/li>\n<\/ul>\n<\/li>\n<\/ul>\n","protected":false},"excerpt":{"rendered":"<h3>Lastnosti izdelka<\/h3>\n<p>Kompakten in lahek sesalnik, ki ga enostavno prena\u0161ate z ro\u010dajem. Opremljen je z dvema sesalnima odprtinama, LED lu\u010djo ter priro\u010dnim predalom za prah. Vklju\u010duje odtrgano ograjo, merilni pla\u0161\u010d in potisno palico za la\u017eje \u010di\u0161\u010denje.<\/p>\n","protected":false},"featured_media":4939,"template":"","meta":[],"product_brand":[],"product_cat":[1012,1013],"product_tag":[215,842],"class_list":{"0":"post-4938","1":"product","2":"type-product","3":"status-publish","4":"has-post-thumbnail","6":"product_cat-stroji-za-les","7":"product_cat-tracna-zaga-za-hlodovino-bbs","8":"product_tag-bbs","9":"product_tag-tracnice","11":"first","12":"instock","13":"shipping-taxable","14":"purchasable","15":"product-type-simple"},"_links":{"self":[{"href":"https:\/\/www.depoles.com\/hr\/wp-json\/wp\/v2\/product\/4938","targetHints":{"allow":["GET"]}}],"collection":[{"href":"https:\/\/www.depoles.com\/hr\/wp-json\/wp\/v2\/product"}],"about":[{"href":"https:\/\/www.depoles.com\/hr\/wp-json\/wp\/v2\/types\/product"}],"wp:featuredmedia":[{"embeddable":true,"href":"https:\/\/www.depoles.com\/hr\/wp-json\/wp\/v2\/media\/4939"}],"wp:attachment":[{"href":"https:\/\/www.depoles.com\/hr\/wp-json\/wp\/v2\/media?parent=4938"}],"wp:term":[{"taxonomy":"product_brand","embeddable":true,"href":"https:\/\/www.depoles.com\/hr\/wp-json\/wp\/v2\/product_brand?post=4938"},{"taxonomy":"product_cat","embeddable":true,"href":"https:\/\/www.depoles.com\/hr\/wp-json\/wp\/v2\/product_cat?post=4938"},{"taxonomy":"product_tag","embeddable":true,"href":"https:\/\/www.depoles.com\/hr\/wp-json\/wp\/v2\/product_tag?post=4938"}],"curies":[{"name":"wp","href":"https:\/\/api.w.org\/{rel}","templated":true}]}}