{"id":4943,"date":"2019-10-18T21:28:18","date_gmt":"2019-10-18T19:28:18","guid":{"rendered":"https:\/\/nova.depoles.com\/trgovina\/tracna-zaga-hbs230hq_230v\/"},"modified":"2026-02-12T13:52:05","modified_gmt":"2026-02-12T12:52:05","slug":"tracna-zaga-hbs230hq_230v","status":"publish","type":"product","link":"https:\/\/www.depoles.com\/hr\/trgovina\/tracna-zaga-hbs230hq_230v\/","title":{"rendered":"Tra\u010dna pila HBS230HQ_230V"},"content":{"rendered":"<p><strong>Tehni\u010dna specifikacija<\/strong><\/p>\n<table>\n<tbody>\n<tr>\n<th colspan=\"2\">Podatki o motorju<\/th>\n<\/tr>\n<tr>\n<td>Mo\u010d motorja S1<\/td>\n<td>300 W<\/td>\n<\/tr>\n<tr>\n<td>Napetost<\/td>\n<td>230V \/ 50Hz<\/td>\n<\/tr>\n<tr>\n<th colspan=\"2\">Dimenzije<\/th>\n<\/tr>\n<tr>\n<td>Obseg vrtenja<\/td>\n<td>0-45\u00b0<\/td>\n<\/tr>\n<tr>\n<td>Skupne dimenzije<\/td>\n<td>490 x 380 x 840 mm<\/td>\n<\/tr>\n<tr>\n<td>Velikost mize<\/td>\n<td>300 x 300 mm<\/td>\n<\/tr>\n<tr>\n<td>Razpon<\/td>\n<td>228 mm<\/td>\n<\/tr>\n<tr>\n<th colspan=\"2\">Rezanje<\/th>\n<\/tr>\n<tr>\n<td>Najve\u010dja vi\u0161ina reza pri 90\u00b0<\/td>\n<td>90 mm<\/td>\n<\/tr>\n<tr>\n<th colspan=\"2\">Tra\u010dne \u017eage<\/th>\n<\/tr>\n<tr>\n<td>Tra\u010dna \u017eaga<\/td>\n<td>1575 x 3 &#8211; 10 mm<\/td>\n<\/tr>\n<tr>\n<td>Hitrost tra\u010dne \u017eage<\/td>\n<td>635 m\/min<\/td>\n<\/tr>\n<tr>\n<th colspan=\"2\">Te\u017ea<\/th>\n<\/tr>\n<tr>\n<td>Net te\u017ea<\/td>\n<td>20 kg<\/td>\n<\/tr>\n<tr>\n<td>Bruto te\u017ea<\/td>\n<td>23 kg<\/td>\n<\/tr>\n<tr>\n<th colspan=\"2\">Embala\u017ea<\/th>\n<\/tr>\n<tr>\n<td>Vi\u0161ina embala\u017ee<\/td>\n<td>335 mm<\/td>\n<\/tr>\n<tr>\n<td>\u0160irina embala\u017ee<\/td>\n<td>455 mm<\/td>\n<\/tr>\n<tr>\n<td>Dol\u017eina embala\u017ee<\/td>\n<td>885 mm<\/td>\n<\/tr>\n<tr>\n<th colspan=\"2\">Splo\u0161ni podatki<\/th>\n<\/tr>\n<tr>\n<td>EAN koda<\/td>\n<td>9120058372803<\/td>\n<\/tr>\n<\/tbody>\n<\/table>\n","protected":false},"excerpt":{"rendered":"<h3>Poudarki<\/h3>\n<p>Izdelek je kompakten in lahek, kar omogo\u010da enostavno prena\u0161anje z ro\u010dajem. Ima sesalni odprtini, LED lu\u010d ter predal za prah. Poleg tega vklju\u010duje odtrgano ograjo, merilni pla\u0161\u010d in potisno palico.<\/p>\n","protected":false},"featured_media":4944,"template":"","meta":[],"product_brand":[],"product_cat":[1012,1038],"product_tag":[],"class_list":{"0":"post-4943","1":"product","2":"type-product","3":"status-publish","4":"has-post-thumbnail","6":"product_cat-stroji-za-les","7":"product_cat-tracne-zage-za-les","9":"first","10":"instock","11":"shipping-taxable","12":"purchasable","13":"product-type-simple"},"_links":{"self":[{"href":"https:\/\/www.depoles.com\/hr\/wp-json\/wp\/v2\/product\/4943","targetHints":{"allow":["GET"]}}],"collection":[{"href":"https:\/\/www.depoles.com\/hr\/wp-json\/wp\/v2\/product"}],"about":[{"href":"https:\/\/www.depoles.com\/hr\/wp-json\/wp\/v2\/types\/product"}],"wp:featuredmedia":[{"embeddable":true,"href":"https:\/\/www.depoles.com\/hr\/wp-json\/wp\/v2\/media\/4944"}],"wp:attachment":[{"href":"https:\/\/www.depoles.com\/hr\/wp-json\/wp\/v2\/media?parent=4943"}],"wp:term":[{"taxonomy":"product_brand","embeddable":true,"href":"https:\/\/www.depoles.com\/hr\/wp-json\/wp\/v2\/product_brand?post=4943"},{"taxonomy":"product_cat","embeddable":true,"href":"https:\/\/www.depoles.com\/hr\/wp-json\/wp\/v2\/product_cat?post=4943"},{"taxonomy":"product_tag","embeddable":true,"href":"https:\/\/www.depoles.com\/hr\/wp-json\/wp\/v2\/product_tag?post=4943"}],"curies":[{"name":"wp","href":"https:\/\/api.w.org\/{rel}","templated":true}]}}