{"id":4945,"date":"2019-10-18T21:28:17","date_gmt":"2019-10-18T19:28:17","guid":{"rendered":"https:\/\/nova.depoles.com\/trgovina\/tracna-zaga-hbs300j_230v\/"},"modified":"2026-03-06T14:01:59","modified_gmt":"2026-03-06T13:01:59","slug":"tracna-zaga-hbs300j_230v","status":"publish","type":"product","link":"https:\/\/www.depoles.com\/hr\/trgovina\/tracna-zaga-hbs300j_230v\/","title":{"rendered":"Tra\u010dna pila HBS300J_230V"},"content":{"rendered":"<p><strong>Tehni\u010dna specifikacija<\/strong><\/p>\n<ul>\n<li><strong>Motor:<\/strong>\n<ul>\n<li>Mo\u010d motorja S1: 750 W<\/li>\n<li>Mo\u010d motorja S6: 1050 W<\/li>\n<li>Napetost: 230 V<\/li>\n<\/ul>\n<\/li>\n<li><strong>Dimenzije:<\/strong>\n<ul>\n<li>Premer sesalne odprtine: 40\/50\/75\/100 mm<\/li>\n<li>Vi\u0161ina mize: 1000 mm<\/li>\n<li>Razpon mize (outreach): 305 mm<\/li>\n<li>Velikost mize: 600-860 x 400 mm<\/li>\n<li>Obseg vrtenja: 0\u00b0-45\u00b0<\/li>\n<\/ul>\n<\/li>\n<li><strong>Rezanje:<\/strong>\n<ul>\n<li>Maksimalna vi\u0161ina rezanja pri 90\u00b0: 165 mm<\/li>\n<li>Maksimalna \u0161irina rezanja ob paralelni vodili: 300 mm<\/li>\n<\/ul>\n<\/li>\n<li><strong>Tra\u010dne \u017eage:<\/strong>\n<ul>\n<li>\u0160irina \u017eaginega traku: 6-15 mm<\/li>\n<li>Premer kolesa za trak: 315 mm<\/li>\n<li>Dol\u017eina \u017eaginega traku: 2240 mm<\/li>\n<\/ul>\n<\/li>\n<li><strong>Te\u017ea:<\/strong>\n<ul>\n<li>Bruto te\u017ea: 83 kg<\/li>\n<li>Netto te\u017ea: 78 kg<\/li>\n<\/ul>\n<\/li>\n<li><strong>Embal\u017ea\u017ea:<\/strong>\n<ul>\n<li>Dol\u017eina embala\u017ee: 1.100 mm<\/li>\n<li>\u0160irina embala\u017ee: 500 mm<\/li>\n<li>Vi\u0161ina embala\u017ee: 400 mm<\/li>\n<\/ul>\n<\/li>\n<li><strong>Splo\u0161ni podatki:<\/strong>\n<ul>\n<li>EAN koda: 9120039901169<\/li>\n<\/ul>\n<\/li>\n<\/ul>\n","protected":false},"excerpt":{"rendered":"<h3>Poudarki izdelka<\/h3>\n<p>Delovna miza iz litega \u017eeleza ima natan\u010dno polirano in zglajeno povr\u0161ino ter nagib spredaj od 0\u00b0 do 45\u00b0. Lita plati\u0161\u010da iz litega aluminija z gumijasto prevleko zagotavljajo nemoten potek in dolgo \u017eivljenjsko dobo no\u017eev. \u0160irina lista \u017eage je od 6 mm do 15 mm, dve hitrosti rezila pa omogo\u010data obdelavo razli\u010dnih vrst materiala.<\/p>\n<ul>\n<li>Delovna miza z nagibom od 0\u00b0 do 45\u00b0<\/li>\n<li>Lita plati\u0161\u010da iz aluminija z gumijasto prevleko<\/li>\n<li>\u0160irina lista \u017eage od 6 mm do 15 mm<\/li>\n<li>Dve hitrosti rezila za razli\u010dne materiale<\/li>\n<li>Izvle\u010dna miza<\/li>\n<li>Pomi\u010dno stojalo<\/li>\n<\/ul>\n<p><strong>Vklju\u010deno v dostavo:<\/strong> \u017eaga, pomi\u010dni osnovni okvir in raztrgana ograja.<\/p>\n","protected":false},"featured_media":4946,"template":"","meta":[],"product_brand":[],"product_cat":[1012,1038],"product_tag":[],"class_list":{"0":"post-4945","1":"product","2":"type-product","3":"status-publish","4":"has-post-thumbnail","6":"product_cat-stroji-za-les","7":"product_cat-tracne-zage-za-les","9":"first","10":"instock","11":"shipping-taxable","12":"purchasable","13":"product-type-simple"},"_links":{"self":[{"href":"https:\/\/www.depoles.com\/hr\/wp-json\/wp\/v2\/product\/4945","targetHints":{"allow":["GET"]}}],"collection":[{"href":"https:\/\/www.depoles.com\/hr\/wp-json\/wp\/v2\/product"}],"about":[{"href":"https:\/\/www.depoles.com\/hr\/wp-json\/wp\/v2\/types\/product"}],"wp:featuredmedia":[{"embeddable":true,"href":"https:\/\/www.depoles.com\/hr\/wp-json\/wp\/v2\/media\/4946"}],"wp:attachment":[{"href":"https:\/\/www.depoles.com\/hr\/wp-json\/wp\/v2\/media?parent=4945"}],"wp:term":[{"taxonomy":"product_brand","embeddable":true,"href":"https:\/\/www.depoles.com\/hr\/wp-json\/wp\/v2\/product_brand?post=4945"},{"taxonomy":"product_cat","embeddable":true,"href":"https:\/\/www.depoles.com\/hr\/wp-json\/wp\/v2\/product_cat?post=4945"},{"taxonomy":"product_tag","embeddable":true,"href":"https:\/\/www.depoles.com\/hr\/wp-json\/wp\/v2\/product_tag?post=4945"}],"curies":[{"name":"wp","href":"https:\/\/api.w.org\/{rel}","templated":true}]}}