{"id":4948,"date":"2019-10-18T21:28:15","date_gmt":"2019-10-18T19:28:15","guid":{"rendered":"https:\/\/nova.depoles.com\/trgovina\/tracna-zaga-hbs245hq_230v\/"},"modified":"2026-02-12T13:57:08","modified_gmt":"2026-02-12T12:57:08","slug":"tracna-zaga-hbs245hq_230v","status":"publish","type":"product","link":"https:\/\/www.depoles.com\/hr\/trgovina\/tracna-zaga-hbs245hq_230v\/","title":{"rendered":"Tra\u010dna pila HBS245HQ_230V"},"content":{"rendered":"<p><strong>Tehni\u010dne specifikacije<\/strong><\/p>\n<ul>\n<li><strong>Motor<\/strong>\n<ul>\n<li>Moc motorja (S1): 375 W<\/li>\n<li>Napon: 230 V<\/li>\n<\/ul>\n<\/li>\n<li><strong>Dimenzije<\/strong>\n<ul>\n<li>Sesalni priklju\u010dek: 100\/75\/50 mm<\/li>\n<li>Vi\u0161ina mize: 935 mm<\/li>\n<li>Iztegnjenost: 245 mm<\/li>\n<li>Velikost mize: 360 x 320 mm<\/li>\n<li>Obseg vrtenja: 0\u00b0-45\u00b0<\/li>\n<\/ul>\n<\/li>\n<li><strong>Rezanje<\/strong>\n<ul>\n<li>Maksimalna vi\u0161ina reza pri 90\u00b0: 152 mm<\/li>\n<li>Maksimalna \u0161irina reza ob vzporednem vodilu: 120\/145 mm<\/li>\n<\/ul>\n<\/li>\n<li><strong>Tra\u010dne \u017eage<\/strong>\n<ul>\n<li>\u0160irina \u017eagnega traku: 6-12,7 mm<\/li>\n<li>Premer koluta traku: 254 mm<\/li>\n<li>Dol\u017eina \u017eagnega traku: 1826 mm<\/li>\n<\/ul>\n<\/li>\n<li><strong>Te\u017ea<\/strong>\n<ul>\n<li>Bruto te\u017ea: 39 kg<\/li>\n<li>Netto te\u017ea: 37 kg<\/li>\n<\/ul>\n<\/li>\n<li><strong>Embala\u017ea<\/strong>\n<ul>\n<li>Dol\u017eina embala\u017ee: 1000 mm<\/li>\n<li>\u0160irina embala\u017ee: 400 mm<\/li>\n<li>Vi\u0161ina embala\u017ee: 460 mm<\/li>\n<\/ul>\n<\/li>\n<li><strong>Splo\u0161ni podatki<\/strong>\n<ul>\n<li>EAN koda: 9120058371509<\/li>\n<\/ul>\n<\/li>\n<\/ul>\n","protected":false},"excerpt":{"rendered":"<h3>Poudarki izdelka<\/h3>\n<p>Delovna miza iz litega \u017eeleza ima natan\u010dno polirano in glajeno povr\u0161ino ter nastavljiv nagib sprednje strani od 0\u00b0 do 45\u00b0. Lita kolesa iz aluminijaste litine z gumijastim premazom zagotavljajo nemoten tek in dolgo \u017eivljenjsko dobo no\u017eev. \u017daga ima list \u0161irine od 6 do 12,7 mm ter dve hitrosti rezila (400 in 800 vrt\/min). Opremljena je s predalom za prah in odprtino za odsesavanje prahu.<\/p>\n<ul>\n<li>Delovna miza z nastavljivim nagibom<\/li>\n<li>Lita kolesa z gumijastim premazom<\/li>\n<li>\u0160irina lista \u017eage od 6 do 12,7 mm<\/li>\n<li>Dve hitrosti rezila: 400\/800 vrt\/min<\/li>\n<li>Predal in odprtina za prah<\/li>\n<\/ul>\n<p><strong>Vklju\u010deno v dostavo:<\/strong> \u017eagin list, podstavek, ograja<\/p>\n","protected":false},"featured_media":4949,"template":"","meta":[],"product_brand":[],"product_cat":[1012,1038],"product_tag":[],"class_list":{"0":"post-4948","1":"product","2":"type-product","3":"status-publish","4":"has-post-thumbnail","6":"product_cat-stroji-za-les","7":"product_cat-tracne-zage-za-les","9":"first","10":"instock","11":"shipping-taxable","12":"purchasable","13":"product-type-simple"},"_links":{"self":[{"href":"https:\/\/www.depoles.com\/hr\/wp-json\/wp\/v2\/product\/4948","targetHints":{"allow":["GET"]}}],"collection":[{"href":"https:\/\/www.depoles.com\/hr\/wp-json\/wp\/v2\/product"}],"about":[{"href":"https:\/\/www.depoles.com\/hr\/wp-json\/wp\/v2\/types\/product"}],"wp:featuredmedia":[{"embeddable":true,"href":"https:\/\/www.depoles.com\/hr\/wp-json\/wp\/v2\/media\/4949"}],"wp:attachment":[{"href":"https:\/\/www.depoles.com\/hr\/wp-json\/wp\/v2\/media?parent=4948"}],"wp:term":[{"taxonomy":"product_brand","embeddable":true,"href":"https:\/\/www.depoles.com\/hr\/wp-json\/wp\/v2\/product_brand?post=4948"},{"taxonomy":"product_cat","embeddable":true,"href":"https:\/\/www.depoles.com\/hr\/wp-json\/wp\/v2\/product_cat?post=4948"},{"taxonomy":"product_tag","embeddable":true,"href":"https:\/\/www.depoles.com\/hr\/wp-json\/wp\/v2\/product_tag?post=4948"}],"curies":[{"name":"wp","href":"https:\/\/api.w.org\/{rel}","templated":true}]}}