{"id":4950,"date":"2019-10-18T21:28:13","date_gmt":"2019-10-18T19:28:13","guid":{"rendered":"https:\/\/nova.depoles.com\/trgovina\/tracna-zaga-hbs400_400v\/"},"modified":"2026-02-12T13:56:54","modified_gmt":"2026-02-12T12:56:54","slug":"tracna-zaga-hbs400_400v","status":"publish","type":"product","link":"https:\/\/www.depoles.com\/hr\/trgovina\/tracna-zaga-hbs400_400v\/","title":{"rendered":"Trakna pila HBS400_400V"},"content":{"rendered":"<p><strong>Tehni\u010dna specifikacija<\/strong><\/p>\n<ul>\n<li><strong>Motor:<\/strong>\n<ul>\n<li>Mo\u010d motorja S1: 1100 W<\/li>\n<li>Mo\u010d motorja S6: 1150 W<\/li>\n<li>Napetost: 400 V<\/li>\n<\/ul>\n<\/li>\n<li><strong>Dimenzije:<\/strong>\n<ul>\n<li>Premer sesalnega priklju\u010dka: 100 mm<\/li>\n<li>Vi\u0161ina mize: 990 mm<\/li>\n<li>Razpon dosega: 380 mm<\/li>\n<li>Velikost mize: 500 x 400 mm<\/li>\n<li>Obseg vrtenja: 0\u00b0-45\u00b0<\/li>\n<\/ul>\n<\/li>\n<li><strong>Rezanje:<\/strong>\n<ul>\n<li>Maksimalna vi\u0161ina rezanja pri 90\u00b0: 220 mm<\/li>\n<li>Maksimalna \u0161irina rezanja ob vzporednem ogrodju: 240 mm<\/li>\n<\/ul>\n<\/li>\n<li><strong>Tra\u010dne \u017eage:<\/strong>\n<ul>\n<li>\u0160irina \u017eaginega traku: 6-20 mm<\/li>\n<li>Premer kolesa za trak: 400 mm<\/li>\n<li>Dol\u017eina \u017eaginega traku: 2950 mm<\/li>\n<\/ul>\n<\/li>\n<li><strong>Te\u017ea:<\/strong>\n<ul>\n<li>Bruto te\u017ea: 137 kg<\/li>\n<li>Netto te\u017ea: 127 kg<\/li>\n<\/ul>\n<\/li>\n<li><strong>Embal\u017ea\u017ea:<\/strong>\n<ul>\n<li>Dol\u017eina embala\u017ee: 1760 mm<\/li>\n<li>\u0160irina embala\u017ee: 600 mm<\/li>\n<li>Vi\u0161ina embala\u017ee: 480 mm<\/li>\n<\/ul>\n<\/li>\n<li><strong>Splo\u0161ni podatki:<\/strong>\n<ul>\n<li>EAN koda: 9120039900285<\/li>\n<\/ul>\n<\/li>\n<\/ul>\n","protected":false},"excerpt":{"rendered":"<h3>Poudarki<\/h3>\n<ul>\n<li>Aluminijasti vodnik za ograjo, nastavljiv z ro\u010dnim kolesom in zobnikom<\/li>\n<li>Vodnik za ograjo s sistemom obsega in hitrim zaklepanjem<\/li>\n<li>\u0160irina tra\u010dne \u017eage od 6 mm do 20 mm<\/li>\n<li>Jeklena plati\u0161\u010da z gumirano povr\u0161ino<\/li>\n<li>Visoka stabilnost zaradi masivne konstrukcije iz plo\u010devine<\/li>\n<li>Skupna vi\u0161ina stroja 175 mm<\/li>\n<\/ul>\n<p><strong>Vklju\u010deno v dostavo:<\/strong> 1 kos \u017eagalnega jermena, man\u0161eta, ograjni vodnik<\/p>\n","protected":false},"featured_media":4951,"template":"","meta":[],"product_brand":[],"product_cat":[1012,1038],"product_tag":[],"class_list":{"0":"post-4950","1":"product","2":"type-product","3":"status-publish","4":"has-post-thumbnail","6":"product_cat-stroji-za-les","7":"product_cat-tracne-zage-za-les","9":"first","10":"instock","11":"shipping-taxable","12":"purchasable","13":"product-type-simple"},"_links":{"self":[{"href":"https:\/\/www.depoles.com\/hr\/wp-json\/wp\/v2\/product\/4950","targetHints":{"allow":["GET"]}}],"collection":[{"href":"https:\/\/www.depoles.com\/hr\/wp-json\/wp\/v2\/product"}],"about":[{"href":"https:\/\/www.depoles.com\/hr\/wp-json\/wp\/v2\/types\/product"}],"wp:featuredmedia":[{"embeddable":true,"href":"https:\/\/www.depoles.com\/hr\/wp-json\/wp\/v2\/media\/4951"}],"wp:attachment":[{"href":"https:\/\/www.depoles.com\/hr\/wp-json\/wp\/v2\/media?parent=4950"}],"wp:term":[{"taxonomy":"product_brand","embeddable":true,"href":"https:\/\/www.depoles.com\/hr\/wp-json\/wp\/v2\/product_brand?post=4950"},{"taxonomy":"product_cat","embeddable":true,"href":"https:\/\/www.depoles.com\/hr\/wp-json\/wp\/v2\/product_cat?post=4950"},{"taxonomy":"product_tag","embeddable":true,"href":"https:\/\/www.depoles.com\/hr\/wp-json\/wp\/v2\/product_tag?post=4950"}],"curies":[{"name":"wp","href":"https:\/\/api.w.org\/{rel}","templated":true}]}}