{"id":4956,"date":"2019-10-18T21:28:04","date_gmt":"2019-10-18T19:28:04","guid":{"rendered":"https:\/\/nova.depoles.com\/trgovina\/tracna-zaga-hbs610_400v\/"},"modified":"2026-02-12T13:56:46","modified_gmt":"2026-02-12T12:56:46","slug":"tracna-zaga-hbs610_400v","status":"publish","type":"product","link":"https:\/\/www.depoles.com\/hr\/trgovina\/tracna-zaga-hbs610_400v\/","title":{"rendered":"Tra\u010dna pila HBS610_400V"},"content":{"rendered":"<p><strong>Tehni\u010dna specifikacija<\/strong><\/p>\n<ul>\n<li><strong>Podatki o motorju:<\/strong>\n<ul>\n<li>Mo\u010d motorja S1: 3000 W<\/li>\n<li>Mo\u010d motorja S6: 4200 W<\/li>\n<li>Napetost: 400 V<\/li>\n<\/ul>\n<\/li>\n<li><strong>Dimenzije:<\/strong>\n<ul>\n<li>Premer sesalne odprtine: 100 mm<\/li>\n<li>Vi\u0161ina mize: 980 mm<\/li>\n<li>Doseg: 590 mm<\/li>\n<li>Velikost mize: 500 x 700 mm<\/li>\n<li>Obseg vrtenja: 0\u00b0 +20\u00b0<\/li>\n<\/ul>\n<\/li>\n<li><strong>Rezanje:<\/strong>\n<ul>\n<li>Maksimalna vi\u0161ina rezanja pri 90\u00b0: 300 mm<\/li>\n<li>Maksimalna \u0161irina rezanja ob paralelni ograji: 545 mm<\/li>\n<\/ul>\n<\/li>\n<li><strong>Tra\u010dne \u017eage:<\/strong>\n<ul>\n<li>\u0160irina tra\u010dne \u017eage: 8-32 mm<\/li>\n<li>Premer kolesa tra\u010dne \u017eage: 610 mm<\/li>\n<li>Dol\u017eina tra\u010dne \u017eage: 4080 mm<\/li>\n<li>Hitrost tra\u010dne \u017eage: 600 m\/min<\/li>\n<\/ul>\n<\/li>\n<li><strong>Te\u017ea:<\/strong>\n<ul>\n<li>Bruto te\u017ea: 335 kg<\/li>\n<li>Netto te\u017ea: 300 kg<\/li>\n<\/ul>\n<\/li>\n<li><strong>Pakiranje:<\/strong>\n<ul>\n<li>Dol\u017eina pakiranja: 2060 mm<\/li>\n<li>\u0160irina pakiranja: 590 mm<\/li>\n<li>Vi\u0161ina pakiranja: 930 mm<\/li>\n<\/ul>\n<\/li>\n<li><strong>Splo\u0161ni podatki:<\/strong>\n<ul>\n<li>EAN koda: 9120039902982<\/li>\n<\/ul>\n<\/li>\n<\/ul>\n","protected":false},"excerpt":{"rendered":"<h3>Poudarki izdelka<\/h3>\n<ul>\n<li>XL miza iz litega \u017eeleza<\/li>\n<li>Zaprt okvir iz jeklene plo\u010devine za visoko stabilnost in natan\u010dnost<\/li>\n<li>Natan\u010den sistem vodil \u017eage nad in pod mizo<\/li>\n<li>Gumijasta plati\u0161\u010da za dolgo obstojnost \u017eage<\/li>\n<li>\u0160irina tra\u010dne \u017eage od 8 mm do 32 mm<\/li>\n<li>Vi\u0161ina: 199 cm<\/li>\n<\/ul>\n<p><strong>Vklju\u010deno v dostavo:<\/strong> stojalo, \u017eagalni jermen, manseta, ograjni vodnik<\/p>\n","protected":false},"featured_media":4957,"template":"","meta":[],"product_brand":[],"product_cat":[1012,1038],"product_tag":[],"class_list":{"0":"post-4956","1":"product","2":"type-product","3":"status-publish","4":"has-post-thumbnail","6":"product_cat-stroji-za-les","7":"product_cat-tracne-zage-za-les","9":"first","10":"instock","11":"shipping-taxable","12":"purchasable","13":"product-type-simple"},"_links":{"self":[{"href":"https:\/\/www.depoles.com\/hr\/wp-json\/wp\/v2\/product\/4956","targetHints":{"allow":["GET"]}}],"collection":[{"href":"https:\/\/www.depoles.com\/hr\/wp-json\/wp\/v2\/product"}],"about":[{"href":"https:\/\/www.depoles.com\/hr\/wp-json\/wp\/v2\/types\/product"}],"wp:featuredmedia":[{"embeddable":true,"href":"https:\/\/www.depoles.com\/hr\/wp-json\/wp\/v2\/media\/4957"}],"wp:attachment":[{"href":"https:\/\/www.depoles.com\/hr\/wp-json\/wp\/v2\/media?parent=4956"}],"wp:term":[{"taxonomy":"product_brand","embeddable":true,"href":"https:\/\/www.depoles.com\/hr\/wp-json\/wp\/v2\/product_brand?post=4956"},{"taxonomy":"product_cat","embeddable":true,"href":"https:\/\/www.depoles.com\/hr\/wp-json\/wp\/v2\/product_cat?post=4956"},{"taxonomy":"product_tag","embeddable":true,"href":"https:\/\/www.depoles.com\/hr\/wp-json\/wp\/v2\/product_tag?post=4956"}],"curies":[{"name":"wp","href":"https:\/\/api.w.org\/{rel}","templated":true}]}}