{"id":4959,"date":"2019-10-18T21:28:01","date_gmt":"2019-10-18T19:28:01","guid":{"rendered":"https:\/\/nova.depoles.com\/trgovina\/tracna-zaga-hbs610_230v\/"},"modified":"2025-12-17T23:54:43","modified_gmt":"2025-12-17T22:54:43","slug":"tracna-zaga-hbs610_230v","status":"publish","type":"product","link":"https:\/\/www.depoles.com\/hr\/trgovina\/tracna-zaga-hbs610_230v\/","title":{"rendered":"Tra\u010dna pila HBS610_230V"},"content":{"rendered":"<p><strong>Tehni\u010dni podatki<\/strong><\/p>\n<ul>\n<li><strong>Podatki o motorju<\/strong>\n<ul>\n<li>Mo\u010d motorja S1: 3000 W<\/li>\n<li>Mo\u010d motorja S6: 4200 W<\/li>\n<li>Napetost: 230 V<\/li>\n<\/ul>\n<\/li>\n<li><strong>Dimenzije<\/strong>\n<ul>\n<li>Sesalni priklju\u010dek: 100 mm<\/li>\n<li>Vi\u0161ina mize: 980 mm<\/li>\n<li>Doseg: 590 mm<\/li>\n<li>Velikost mize: 500 x 700 mm<\/li>\n<li>Obseg vrtenja: 0\u00b0 do +20\u00b0<\/li>\n<\/ul>\n<\/li>\n<li><strong>Rezanje<\/strong>\n<ul>\n<li>Maksimalna vi\u0161ina rezanja pri 90\u00b0: 300 mm<\/li>\n<li>Maksimalna \u0161irina rezanja ob paralelnem vodilu: 545 mm<\/li>\n<\/ul>\n<\/li>\n<li><strong>Tra\u010dne \u017eage<\/strong>\n<ul>\n<li>\u0160irina \u017eaginega traku: 8-32 mm<\/li>\n<li>Premer kolesa \u017eage: 610 mm<\/li>\n<li>Dol\u017eina \u017eaginega traku: 4080 mm<\/li>\n<li>Hitrost \u017eaginega traku: 600 m\/min<\/li>\n<\/ul>\n<\/li>\n<li><strong>Te\u017ea<\/strong>\n<ul>\n<li>Bruto te\u017ea: 335 kg<\/li>\n<li>Netto te\u017ea: 300 kg<\/li>\n<\/ul>\n<\/li>\n<li><strong>Embal\u017ea\u017ea<\/strong>\n<ul>\n<li>Dol\u017eina embala\u017ee: 2060 mm<\/li>\n<li>\u0160irina embala\u017ee: 590 mm<\/li>\n<li>Vi\u0161ina embala\u017ee: 930 mm<\/li>\n<\/ul>\n<\/li>\n<li><strong>Splo\u0161ni podatki<\/strong>\n<ul>\n<li>EAN koda: 9120039903880<\/li>\n<\/ul>\n<\/li>\n<\/ul>\n","protected":false},"excerpt":{"rendered":"<h3> Poudarki <\/h3>\n<ul>\n<li> XL miza iz litega \u017eeleza <\/li>\n<li> zaprta konstrukcija iz jeklene plo\u010devine za visoko stabilnost in natan\u010dnost <\/li>\n<li> natan\u010den sistem vodil \u017eage nad mizo in pod njo <\/li>\n<li> gumijasta plati\u0161\u010da zagotavljajo dolgotrajno obstojnost \u017eage <\/li>\n<li> \u0161irina tra\u010dne \u017eage od 8 mm do 32 mm <\/li>\n<li> vi\u0161ina: 199cm <\/li>\n<\/ul>\n<p> <strong>vklju\u010deno v dostavo:<\/strong> stojalo, 1pcs \u017eagalni jermen, manset, ograjni vodnik <\/p><\/p>\n","protected":false},"featured_media":4960,"template":"","meta":[],"product_brand":[],"product_cat":[1012,1038],"product_tag":[],"class_list":{"0":"post-4959","1":"product","2":"type-product","3":"status-publish","4":"has-post-thumbnail","6":"product_cat-stroji-za-les","7":"product_cat-tracne-zage-za-les","9":"first","10":"instock","11":"shipping-taxable","12":"purchasable","13":"product-type-simple"},"_links":{"self":[{"href":"https:\/\/www.depoles.com\/hr\/wp-json\/wp\/v2\/product\/4959","targetHints":{"allow":["GET"]}}],"collection":[{"href":"https:\/\/www.depoles.com\/hr\/wp-json\/wp\/v2\/product"}],"about":[{"href":"https:\/\/www.depoles.com\/hr\/wp-json\/wp\/v2\/types\/product"}],"wp:featuredmedia":[{"embeddable":true,"href":"https:\/\/www.depoles.com\/hr\/wp-json\/wp\/v2\/media\/4960"}],"wp:attachment":[{"href":"https:\/\/www.depoles.com\/hr\/wp-json\/wp\/v2\/media?parent=4959"}],"wp:term":[{"taxonomy":"product_brand","embeddable":true,"href":"https:\/\/www.depoles.com\/hr\/wp-json\/wp\/v2\/product_brand?post=4959"},{"taxonomy":"product_cat","embeddable":true,"href":"https:\/\/www.depoles.com\/hr\/wp-json\/wp\/v2\/product_cat?post=4959"},{"taxonomy":"product_tag","embeddable":true,"href":"https:\/\/www.depoles.com\/hr\/wp-json\/wp\/v2\/product_tag?post=4959"}],"curies":[{"name":"wp","href":"https:\/\/api.w.org\/{rel}","templated":true}]}}