{"id":4962,"date":"2019-10-18T21:27:59","date_gmt":"2019-10-18T19:27:59","guid":{"rendered":"https:\/\/nova.depoles.com\/trgovina\/tracna-zaga-hbs470profi_400v\/"},"modified":"2026-03-06T14:01:59","modified_gmt":"2026-03-06T13:01:59","slug":"tracna-zaga-hbs470profi_400v","status":"publish","type":"product","link":"https:\/\/www.depoles.com\/hr\/trgovina\/tracna-zaga-hbs470profi_400v\/","title":{"rendered":"Tra\u010dna pila HBS470PROFI_400V"},"content":{"rendered":"<p><strong>Tehni\u010dni podatki<\/strong><\/p>\n<table>\n<tbody>\n<tr>\n<th colspan=\"2\">Podatki o motorju<\/th>\n<\/tr>\n<tr>\n<td>Mo\u010d motorja S1 (W)<\/td>\n<td>1500<\/td>\n<\/tr>\n<tr>\n<td>Mo\u010d motorja S6 (W)<\/td>\n<td>2100<\/td>\n<\/tr>\n<tr>\n<td>Napetost<\/td>\n<td>400V<\/td>\n<\/tr>\n<tr>\n<th colspan=\"2\">Dimenzije<\/th>\n<\/tr>\n<tr>\n<td>Sesalni priklju\u010dek (mm)<\/td>\n<td>100<\/td>\n<\/tr>\n<tr>\n<td>Vi\u0161ina mize (mm)<\/td>\n<td>960<\/td>\n<\/tr>\n<tr>\n<td>Razpon (mm)<\/td>\n<td>465<\/td>\n<\/tr>\n<tr>\n<td>Velikost mize (mm)<\/td>\n<td>530 x 480<\/td>\n<\/tr>\n<tr>\n<td>Obseg zasuka<\/td>\n<td>-10\u00b0 do +45\u00b0<\/td>\n<\/tr>\n<tr>\n<th colspan=\"2\">Rezila<\/th>\n<\/tr>\n<tr>\n<td>Maksimalna vi\u0161ina reza pri 90\u00b0 (mm)<\/td>\n<td>285<\/td>\n<\/tr>\n<tr>\n<td>Maksimalna \u0161irina reza ob vzporednem vodi\u010du (mm)<\/td>\n<td>390<\/td>\n<\/tr>\n<tr>\n<th colspan=\"2\">Tra\u010dne \u017eage<\/th>\n<\/tr>\n<tr>\n<td>Hitrost tra\u010dne \u017eage (m\/min)<\/td>\n<td>380 \/ 820<\/td>\n<\/tr>\n<tr>\n<td>\u0160irina tra\u010dne \u017eage (mm)<\/td>\n<td>6 &#8211; 25<\/td>\n<\/tr>\n<tr>\n<td>Premer kolesa tra\u010dne \u017eage (mm)<\/td>\n<td>470<\/td>\n<\/tr>\n<tr>\n<td>Dol\u017eina tra\u010dne \u017eage (mm)<\/td>\n<td>3454<\/td>\n<\/tr>\n<tr>\n<th colspan=\"2\">Te\u017ea<\/th>\n<\/tr>\n<tr>\n<td>Bruto te\u017ea (kg)<\/td>\n<td>170<\/td>\n<\/tr>\n<tr>\n<td>Netto te\u017ea (kg)<\/td>\n<td>162<\/td>\n<\/tr>\n<tr>\n<th colspan=\"2\">Pakiranje<\/th>\n<\/tr>\n<tr>\n<td>Dol\u017eina pakiranja (mm)<\/td>\n<td>840<\/td>\n<\/tr>\n<tr>\n<td>\u0160irina pakiranja (mm)<\/td>\n<td>540<\/td>\n<\/tr>\n<tr>\n<td>Vi\u0161ina pakiranja (mm)<\/td>\n<td>1980<\/td>\n<\/tr>\n<tr>\n<th colspan=\"2\">Splo\u0161ni podatki<\/th>\n<\/tr>\n<tr>\n<td>EAN koda<\/td>\n<td>9120039900605<\/td>\n<\/tr>\n<\/tbody>\n<\/table>\n","protected":false},"excerpt":{"rendered":"<h3>HBS 470 PRO 400V<\/h3>\n<p>AKCIJA VELJA DO PRODAJE ZALOG<\/p>\n<ul>\n<li>lito\u017eelezna kolesa prevle\u010dena z gumo, zagotavljajo tiho in mirno delovanje<\/li>\n<li>vodilo\u00a0 z lupo za natan\u010dne nastavitve<\/li>\n<li>nastavitev vi\u0161ine rezanja prek ro\u010dnega kolesa<\/li>\n<li>Prikaz\u00a0 napetosti tra\u010dne \u017eage<\/li>\n<li>\u0161irina tra\u010dne \u017eage\/lista od 6 mm do 35 mm<\/li>\n<li>stroj skupna vi\u0161ina 186cm<\/li>\n<li>2 hitrosti (380 in 820 vrt.\/min.)<\/li>\n<li>nastavitev kota mize (0\u00b0\/-45\u00b0)<\/li>\n<li>2 priklju\u010dka za zbiranje prahu (\u00d8100 mm)<\/li>\n<li>\u0161irina reza 365 mm, visina 280 mm<\/li>\n<\/ul>\n<p><strong>vklju\u010deno v dostavo:<\/strong><\/p>\n","protected":false},"featured_media":4963,"template":"","meta":[],"product_brand":[],"product_cat":[1012,1038],"product_tag":[],"class_list":{"0":"post-4962","1":"product","2":"type-product","3":"status-publish","4":"has-post-thumbnail","6":"product_cat-stroji-za-les","7":"product_cat-tracne-zage-za-les","9":"first","10":"instock","11":"shipping-taxable","12":"purchasable","13":"product-type-simple"},"_links":{"self":[{"href":"https:\/\/www.depoles.com\/hr\/wp-json\/wp\/v2\/product\/4962","targetHints":{"allow":["GET"]}}],"collection":[{"href":"https:\/\/www.depoles.com\/hr\/wp-json\/wp\/v2\/product"}],"about":[{"href":"https:\/\/www.depoles.com\/hr\/wp-json\/wp\/v2\/types\/product"}],"wp:featuredmedia":[{"embeddable":true,"href":"https:\/\/www.depoles.com\/hr\/wp-json\/wp\/v2\/media\/4963"}],"wp:attachment":[{"href":"https:\/\/www.depoles.com\/hr\/wp-json\/wp\/v2\/media?parent=4962"}],"wp:term":[{"taxonomy":"product_brand","embeddable":true,"href":"https:\/\/www.depoles.com\/hr\/wp-json\/wp\/v2\/product_brand?post=4962"},{"taxonomy":"product_cat","embeddable":true,"href":"https:\/\/www.depoles.com\/hr\/wp-json\/wp\/v2\/product_cat?post=4962"},{"taxonomy":"product_tag","embeddable":true,"href":"https:\/\/www.depoles.com\/hr\/wp-json\/wp\/v2\/product_tag?post=4962"}],"curies":[{"name":"wp","href":"https:\/\/api.w.org\/{rel}","templated":true}]}}