{"id":4968,"date":"2019-10-18T21:27:57","date_gmt":"2019-10-18T19:27:57","guid":{"rendered":"https:\/\/nova.depoles.com\/trgovina\/tracna-zaga-hbs470profi_230v\/"},"modified":"2025-12-17T16:53:16","modified_gmt":"2025-12-17T15:53:16","slug":"tracna-zaga-hbs470profi_230v","status":"publish","type":"product","link":"https:\/\/www.depoles.com\/hr\/trgovina\/tracna-zaga-hbs470profi_230v\/","title":{"rendered":"Tra\u010dna pila HBS470PROFI 230V"},"content":{"rendered":"<p><strong>Tehni\u010dni podatki<\/strong><\/p>\n<ul>\n<li><strong>Motor<\/strong>\n<ul>\n<li>Mo\u010d motorja S1: 1500 W<\/li>\n<li>Mo\u010d motorja S6: 2100 W<\/li>\n<li>Napetost: 230 V<\/li>\n<\/ul>\n<\/li>\n<li><strong>Dimenzije<\/strong>\n<ul>\n<li>Premer sesalnega priklju\u010dka: 100 mm<\/li>\n<li>Vi\u0161ina mize: 960 mm<\/li>\n<li>Doseg: 465 mm<\/li>\n<li>Velikost mize: 530 x 480 mm<\/li>\n<li>Obseg vrtenja: -10\u00b0 do +45\u00b0<\/li>\n<\/ul>\n<\/li>\n<li><strong>Rezilna zmogljivost<\/strong>\n<ul>\n<li>Maksimalna vi\u0161ina reza pri 90\u00b0: 285 mm<\/li>\n<li>Maksimalna \u0161irina reza pri paralelni ograji: 390 mm<\/li>\n<\/ul>\n<\/li>\n<li><strong>Tra\u010dne \u017eage<\/strong>\n<ul>\n<li>Hitrost \u017eage: 380 \/ 820 m\/min<\/li>\n<li>\u0160irina \u017eage: 6-25 mm<\/li>\n<li>Premer kolesa traku: 470 mm<\/li>\n<li>Dol\u017eina \u017eage: 3454 mm<\/li>\n<\/ul>\n<\/li>\n<li><strong>Te\u017ea<\/strong>\n<ul>\n<li>Bruto te\u017ea: 170 kg<\/li>\n<li>Net te\u017ea: 162 kg<\/li>\n<\/ul>\n<\/li>\n<li><strong>Embal\u017ea\u017ea<\/strong>\n<ul>\n<li>Dol\u017eina embala\u017ee: 840 mm<\/li>\n<li>\u0160irina embala\u017ee: 540 mm<\/li>\n<li>Vi\u0161ina embala\u017ee: 1980 mm<\/li>\n<\/ul>\n<\/li>\n<li><strong>Splo\u0161ni podatki<\/strong>\n<ul>\n<li>EAN koda: 9120039903910<\/li>\n<\/ul>\n<\/li>\n<\/ul>\n","protected":false},"excerpt":{"rendered":"<h3>HBS 470 PRO 230<\/h3>\n<p>PREVERITE ZALOGO<\/p>\n<ul>\n<li>lito\u017eelezna plati\u0161\u010da, prevle\u010dena z gumo, zagotavljajo tiho delovanje<\/li>\n<li>aluminijasta ograja s funkcijo hitrega spro\u0161\u010danja<\/li>\n<li>vodnik za ograjo z lupo za natan\u010dne nastavitve in branje<\/li>\n<li>nastavitev vi\u0161ine rezanja prek ro\u010dnega kolesa in zobnika<\/li>\n<li>okna za preverjanje napetosti tra\u010dne \u017eage<\/li>\n<li>\u0161irina tra\u010dne \u017eage od 6 mm do 25 mm<\/li>\n<li>stroj skupna vi\u0161ina 186cm<\/li>\n<li>2 hitrosti (380 in 820 vrt.\/min.)<\/li>\n<li>nastavitev kota mize (0 \u00b0 -45 \u00b0) prek po\u0161evnega vodila<\/li>\n<li>2 priklju\u010dka za zbiranje prahu (\u00d8100 mm)<\/li>\n<\/ul>\n<p><strong>vklju\u010deno v dostavo:<\/strong> stojalo, 1pcs \u017eagalni jermen, manset, ograjni vodnik<\/p>\n","protected":false},"featured_media":4963,"template":"","meta":[],"product_brand":[],"product_cat":[1012,1038],"product_tag":[],"class_list":{"0":"post-4968","1":"product","2":"type-product","3":"status-publish","4":"has-post-thumbnail","6":"product_cat-stroji-za-les","7":"product_cat-tracne-zage-za-les","9":"first","10":"instock","11":"shipping-taxable","12":"purchasable","13":"product-type-simple"},"_links":{"self":[{"href":"https:\/\/www.depoles.com\/hr\/wp-json\/wp\/v2\/product\/4968","targetHints":{"allow":["GET"]}}],"collection":[{"href":"https:\/\/www.depoles.com\/hr\/wp-json\/wp\/v2\/product"}],"about":[{"href":"https:\/\/www.depoles.com\/hr\/wp-json\/wp\/v2\/types\/product"}],"wp:featuredmedia":[{"embeddable":true,"href":"https:\/\/www.depoles.com\/hr\/wp-json\/wp\/v2\/media\/4963"}],"wp:attachment":[{"href":"https:\/\/www.depoles.com\/hr\/wp-json\/wp\/v2\/media?parent=4968"}],"wp:term":[{"taxonomy":"product_brand","embeddable":true,"href":"https:\/\/www.depoles.com\/hr\/wp-json\/wp\/v2\/product_brand?post=4968"},{"taxonomy":"product_cat","embeddable":true,"href":"https:\/\/www.depoles.com\/hr\/wp-json\/wp\/v2\/product_cat?post=4968"},{"taxonomy":"product_tag","embeddable":true,"href":"https:\/\/www.depoles.com\/hr\/wp-json\/wp\/v2\/product_tag?post=4968"}],"curies":[{"name":"wp","href":"https:\/\/api.w.org\/{rel}","templated":true}]}}