{"id":4970,"date":"2019-10-18T21:27:54","date_gmt":"2019-10-18T19:27:54","guid":{"rendered":"https:\/\/nova.depoles.com\/trgovina\/tracna-zaga-hbs700_400v\/"},"modified":"2025-12-17T23:54:51","modified_gmt":"2025-12-17T22:54:51","slug":"tracna-zaga-hbs700_400v","status":"publish","type":"product","link":"https:\/\/www.depoles.com\/hr\/trgovina\/tracna-zaga-hbs700_400v\/","title":{"rendered":"Tra\u010dna pila HBS700_400V"},"content":{"rendered":"<p><strong>Tehni\u010dna specifikacija izdelka<\/strong><\/p>\n<ul>\n<li><strong>Motor<\/strong>\n<ul>\n<li>Mo\u010d motorja S1: 4000 W<\/li>\n<li>Mo\u010d motorja S6: 5600 W<\/li>\n<li>Napetost: 400 V<\/li>\n<\/ul>\n<\/li>\n<li><strong>Dimenzije<\/strong>\n<ul>\n<li>Sesalni priklju\u010dek: 2&#215;100 mm<\/li>\n<li>Vi\u0161ina mize: 935 mm<\/li>\n<li>Razpon: 700 mm<\/li>\n<li>Velikost mize: 700 x 900 mm<\/li>\n<li>Obmo\u010dje vrtljivosti: -5\u00b0 do +45\u00b0<\/li>\n<\/ul>\n<\/li>\n<li><strong>Rezanje<\/strong>\n<ul>\n<li>Maksimalna vi\u0161ina rezanja pri 90\u00b0: 430 mm<\/li>\n<li>Maksimalna \u0161irina rezanja ob vodilu: 440 mm<\/li>\n<\/ul>\n<\/li>\n<li><strong>Tra\u010dne \u017eage<\/strong>\n<ul>\n<li>\u0160irina tra\u010dne \u017eage: 19-50 mm<\/li>\n<li>Premer kolesa tra\u010dne \u017eage: 700 mm<\/li>\n<li>Dol\u017eina tra\u010dne \u017eage: 5020 mm<\/li>\n<\/ul>\n<\/li>\n<li><strong>Te\u017ea<\/strong>\n<ul>\n<li>Bruto te\u017ea: 454 kg<\/li>\n<li>Neto te\u017ea: 405 kg<\/li>\n<\/ul>\n<\/li>\n<li><strong>Embal\u017ea\u017ea<\/strong>\n<ul>\n<li>Dol\u017eina embala\u017ee: 1125 mm<\/li>\n<li>\u0160irina embala\u017ee: 735 mm<\/li>\n<li>Vi\u0161ina embala\u017ee: 2340 mm<\/li>\n<\/ul>\n<\/li>\n<li><strong>Splo\u0161ni podatki<\/strong>\n<ul>\n<li>EAN koda: 9120039907574<\/li>\n<\/ul>\n<\/li>\n<\/ul>\n","protected":false},"excerpt":{"rendered":"<h3> Poudarki <\/h3>\n<ul>\n<li> visokokakovostna industrijska namestitev <\/li>\n<li> gumirano kolo za tiho delovanje <\/li>\n<li> aluminijasta ograja s funkcijo hitrega spro\u0161\u010danja <\/li>\n<li> vodnik za ograjo z dvema zankama za natan\u010dno nastavitev in branje <\/li>\n<li> nastavljiva vi\u0161ina rezanja prek ro\u010dnega kolesa in zobnika <\/li>\n<li> okna za preverjanje napetosti tra\u010dne \u017eage <\/li>\n<li> \u0161irina tra\u010dne \u017eage od 19 mm do 50 mm <\/li>\n<li> skupna vi\u0161ina stroja 223cm <\/li>\n<li> nastavitev kota mize (0 \u00b0 -45 \u00b0) s pol\u017eko gonilo <\/li>\n<li> dva konektorja za odstranjevanje prahu (\u00d8100 mm) <\/li>\n<\/ul>\n<p> <strong>vklju\u010deno v dobavo:<\/strong> 1pc tra\u010dna \u017eaga, miter profil, ograja <\/p><\/p>\n","protected":false},"featured_media":4971,"template":"","meta":[],"product_brand":[],"product_cat":[1012,1038],"product_tag":[],"class_list":{"0":"post-4970","1":"product","2":"type-product","3":"status-publish","4":"has-post-thumbnail","6":"product_cat-stroji-za-les","7":"product_cat-tracne-zage-za-les","9":"first","10":"instock","11":"shipping-taxable","12":"purchasable","13":"product-type-simple"},"_links":{"self":[{"href":"https:\/\/www.depoles.com\/hr\/wp-json\/wp\/v2\/product\/4970","targetHints":{"allow":["GET"]}}],"collection":[{"href":"https:\/\/www.depoles.com\/hr\/wp-json\/wp\/v2\/product"}],"about":[{"href":"https:\/\/www.depoles.com\/hr\/wp-json\/wp\/v2\/types\/product"}],"wp:featuredmedia":[{"embeddable":true,"href":"https:\/\/www.depoles.com\/hr\/wp-json\/wp\/v2\/media\/4971"}],"wp:attachment":[{"href":"https:\/\/www.depoles.com\/hr\/wp-json\/wp\/v2\/media?parent=4970"}],"wp:term":[{"taxonomy":"product_brand","embeddable":true,"href":"https:\/\/www.depoles.com\/hr\/wp-json\/wp\/v2\/product_brand?post=4970"},{"taxonomy":"product_cat","embeddable":true,"href":"https:\/\/www.depoles.com\/hr\/wp-json\/wp\/v2\/product_cat?post=4970"},{"taxonomy":"product_tag","embeddable":true,"href":"https:\/\/www.depoles.com\/hr\/wp-json\/wp\/v2\/product_tag?post=4970"}],"curies":[{"name":"wp","href":"https:\/\/api.w.org\/{rel}","templated":true}]}}